{"id":1063,"date":"2025-10-13T09:58:43","date_gmt":"2025-10-13T07:58:43","guid":{"rendered":"http:\/\/www.load.se\/om-os\/"},"modified":"2026-04-04T08:33:17","modified_gmt":"2026-04-04T06:33:17","slug":"om-os","status":"publish","type":"page","link":"https:\/\/www.load.se\/da\/om-os\/","title":{"rendered":"Om os"},"content":{"rendered":"<p>[et_pb_section fb_built=&#8221;1&#8243; admin_label=&#8221;Header&#8221; _builder_version=&#8221;4.27.4&#8243; _module_preset=&#8221;_initial&#8221; background_enable_color=&#8221;off&#8221; max_width=&#8221;62%&#8221; max_width_tablet=&#8221;62%&#8221; max_width_phone=&#8221;86%&#8221; max_width_last_edited=&#8221;on|phone&#8221; module_alignment=&#8221;center&#8221; custom_padding=&#8221;||0px|||&#8221; locked=&#8221;off&#8221; global_colors_info=&#8221;{%22gcid-b6c4f12c-f25d-4f61-9fb1-6e96404634cd%22:%91%22background_color%22%93}&#8221;][et_pb_row column_structure=&#8221;3_5,2_5&#8243; _builder_version=&#8221;4.25.2&#8243; _module_preset=&#8221;_initial&#8221; width=&#8221;90%&#8221; max_width=&#8221;1500px&#8221; global_colors_info=&#8221;{}&#8221;][et_pb_column type=&#8221;3_5&#8243; _builder_version=&#8221;4.25.2&#8243; _module_preset=&#8221;_initial&#8221; global_colors_info=&#8221;{}&#8221;][et_pb_heading title=&#8221;Om LOAD \u2013 eksperter i moderne infrastruktur&#8221; _builder_version=&#8221;4.27.4&#8243; _module_preset=&#8221;default&#8221; global_colors_info=&#8221;{}&#8221;][\/et_pb_heading][et_pb_text _builder_version=&#8221;4.27.4&#8243; _module_preset=&#8221;default&#8221; header_4_text_color=&#8221;gcid-secondary-color&#8221; global_colors_info=&#8221;{%22gcid-primary-color%22:%91%22text_text_color%22%93,%22gcid-secondary-color%22:%91%22header_text_color%22,%22header_4_text_color%22%93}&#8221;]<\/p>\n<p data-start=\"865\" data-end=\"1199\">I en verden hvor hver transaktion skal v\u00e6re <strong data-start=\"909\" data-end=\"953\">sikker, hurtig og tilg\u00e6ngelig d\u00f8gnet rundt<\/strong> kr\u00e6ves IT-partnere, som forst\u00e5r betydningen af <strong data-start=\"998\" data-end=\"1022\">p\u00e5lidelige kernesystemer<\/strong>. Vi er virksomheden bag teknologien, der holder nogle af Sveriges st\u00f8rste banker i gang \u2013 fra <strong data-start=\"1116\" data-end=\"1154\">forretningskritiske betalingsl\u00f8sninger<\/strong> til <strong data-start=\"1160\" data-end=\"1196\">robuste infrastrukturplatforme<\/strong>. <\/p>\n<p data-start=\"1201\" data-end=\"1524\">Vores ekspertise ligger i at <strong data-start=\"1227\" data-end=\"1262\">optimere, modernisere og sikre<\/strong> systemmilj\u00f8er med <strong data-start=\"1281\" data-end=\"1342\">h\u00f8jeste krav til ydeevne, stabilitet og regeloverholdelse<\/strong>. Med <strong data-start=\"1348\" data-end=\"1384\">lang erfaring fra banksektoren<\/strong> arbejder vi t\u00e6t sammen med vores kunder for at <strong data-start=\"1421\" data-end=\"1444\">bygge fremtidens IT<\/strong> \u2013 <strong data-start=\"1447\" data-end=\"1459\">effektiv<\/strong>, <strong data-start=\"1461\" data-end=\"1472\">b\u00e6redygtig<\/strong> og <strong data-start=\"1477\" data-end=\"1521\">klar til nye regels\u00e6t og teknologiskift<\/strong>. <\/p>\n<p data-start=\"1526\" data-end=\"1682\">N\u00e5r forretningen ikke m\u00e5 stoppe op, st\u00e5r vi bag l\u00f8sningen, der f\u00e5r alt til at fungere. Kort sagt: <strong data-start=\"1620\" data-end=\"1681\">vi s\u00f8rger for, at Sveriges finanshjerte sl\u00e5r \u2013 hvert sekund<\/strong>. <\/p>\n<h4 data-start=\"712\" data-end=\"735\">Vores mission<\/h4>\n<p data-start=\"736\" data-end=\"1010\">Vi mener, at moderne IT skal v\u00e6re <strong data-start=\"767\" data-end=\"795\">enkel, sikker og b\u00e6redygtig<\/strong>.<br data-start=\"796\" data-end=\"799\">LOAD blev grundlagt med det form\u00e5l at hj\u00e6lpe virksomheder med at <strong data-start=\"847\" data-end=\"879\">modernisere deres platforme<\/strong>, <strong data-start=\"881\" data-end=\"905\">reducere kompleksiteten<\/strong> og skabe <strong data-start=\"916\" data-end=\"945\">et fremtidssikret IT-milj\u00f8<\/strong> \u2013 uanset om det k\u00f8rer on-prem, i skyen eller som hybridl\u00f8sning.<\/p>\n<p>[\/et_pb_text][\/et_pb_column][et_pb_column type=&#8221;2_5&#8243; _builder_version=&#8221;4.25.2&#8243; _module_preset=&#8221;_initial&#8221; global_colors_info=&#8221;{}&#8221;][et_pb_image src=&#8221;http:\/\/www.load.se\/wp-content\/uploads\/2025\/12\/Untitled-design-10.png&#8221; title_text=&#8221;Untitled design (10)&#8221; _builder_version=&#8221;4.27.5&#8243; _module_preset=&#8221;default&#8221; width=&#8221;97%&#8221; custom_padding=&#8221;||0px|||&#8221; global_colors_info=&#8221;{}&#8221;][\/et_pb_image][et_pb_text _builder_version=&#8221;4.27.4&#8243; _module_preset=&#8221;default&#8221; global_colors_info=&#8221;{}&#8221;]<\/p>\n<p><strong data-start=\"79\" data-end=\"123\">LOAD HQ \u2013 Kista Science Tower, Stockholm<\/strong><br data-start=\"123\" data-end=\"126\">Vores hovedkontor i Kista er omdrejningspunktet for innovation, partnerskaber og moderne infrastruktur.<\/p>\n<p>[\/et_pb_text][\/et_pb_column][\/et_pb_row][\/et_pb_section][et_pb_section fb_built=&#8221;1&#8243; _builder_version=&#8221;4.27.5&#8243; _module_preset=&#8221;default&#8221; custom_padding=&#8221;||0px|||&#8221; global_colors_info=&#8221;{}&#8221;][et_pb_row _builder_version=&#8221;4.27.5&#8243; _module_preset=&#8221;default&#8221; custom_padding=&#8221;0px||0px|||&#8221; global_colors_info=&#8221;{}&#8221;][et_pb_column type=&#8221;4_4&#8243; _builder_version=&#8221;4.27.5&#8243; _module_preset=&#8221;default&#8221; global_colors_info=&#8221;{}&#8221;][et_pb_text _builder_version=&#8221;4.27.5&#8243; _module_preset=&#8221;default&#8221; hover_enabled=&#8221;0&#8243; global_colors_info=&#8221;{}&#8221; sticky_enabled=&#8221;0&#8243;]<\/p>\n<h1 style=\"text-align: center;\"><span>En del af PEDAB Group<\/span><\/h1>\n<p>[\/et_pb_text][\/et_pb_column][\/et_pb_row][et_pb_row column_structure=&#8221;1_5,1_5,1_5,1_5,1_5&#8243; _builder_version=&#8221;4.27.5&#8243; _module_preset=&#8221;default&#8221; global_colors_info=&#8221;{}&#8221;][et_pb_column type=&#8221;1_5&#8243; _builder_version=&#8221;4.27.5&#8243; _module_preset=&#8221;default&#8221; global_colors_info=&#8221;{}&#8221;][et_pb_image src=&#8221;http:\/\/www.load.se\/wp-content\/uploads\/2025\/12\/Untitled-design-11.png&#8221; title_text=&#8221;Untitled design (11)&#8221; url=&#8221;https:\/\/cristienordic.com\/&#8221; url_new_window=&#8221;on&#8221; _builder_version=&#8221;4.27.5&#8243; _module_preset=&#8221;default&#8221; global_colors_info=&#8221;{}&#8221;][\/et_pb_image][\/et_pb_column][et_pb_column type=&#8221;1_5&#8243; _builder_version=&#8221;4.27.5&#8243; _module_preset=&#8221;default&#8221; global_colors_info=&#8221;{}&#8221;][et_pb_image src=&#8221;http:\/\/www.load.se\/wp-content\/uploads\/2025\/12\/Untitled-design-12.png&#8221; title_text=&#8221;Untitled design (12)&#8221; url=&#8221;https:\/\/sorasec.com\/&#8221; url_new_window=&#8221;on&#8221; _builder_version=&#8221;4.27.5&#8243; _module_preset=&#8221;default&#8221; global_colors_info=&#8221;{}&#8221;][\/et_pb_image][\/et_pb_column][et_pb_column type=&#8221;1_5&#8243; _builder_version=&#8221;4.27.5&#8243; _module_preset=&#8221;default&#8221; global_colors_info=&#8221;{}&#8221;][et_pb_image src=&#8221;http:\/\/www.load.se\/wp-content\/uploads\/2025\/12\/Untitled-design-13.png&#8221; title_text=&#8221;Untitled design (13)&#8221; url=&#8221;https:\/\/convit.se\/&#8221; url_new_window=&#8221;on&#8221; _builder_version=&#8221;4.27.5&#8243; _module_preset=&#8221;default&#8221; global_colors_info=&#8221;{}&#8221;][\/et_pb_image][\/et_pb_column][et_pb_column type=&#8221;1_5&#8243; _builder_version=&#8221;4.27.5&#8243; _module_preset=&#8221;default&#8221; global_colors_info=&#8221;{}&#8221;][et_pb_image src=&#8221;http:\/\/www.load.se\/wp-content\/uploads\/2025\/12\/Untitled-design-14.png&#8221; title_text=&#8221;Untitled design (14)&#8221; url=&#8221;https:\/\/www.caraldata.no\/&#8221; url_new_window=&#8221;on&#8221; _builder_version=&#8221;4.27.5&#8243; _module_preset=&#8221;default&#8221; global_colors_info=&#8221;{}&#8221;][\/et_pb_image][\/et_pb_column][et_pb_column type=&#8221;1_5&#8243; _builder_version=&#8221;4.27.5&#8243; _module_preset=&#8221;default&#8221; global_colors_info=&#8221;{}&#8221;][et_pb_image src=&#8221;http:\/\/www.load.se\/wp-content\/uploads\/2025\/12\/Untitled-design-15.png&#8221; title_text=&#8221;Untitled design (15)&#8221; url=&#8221;https:\/\/netdesign.pro\/&#8221; url_new_window=&#8221;on&#8221; _builder_version=&#8221;4.27.5&#8243; _module_preset=&#8221;default&#8221; global_colors_info=&#8221;{}&#8221;][\/et_pb_image][\/et_pb_column][\/et_pb_row][\/et_pb_section][et_pb_section fb_built=&#8221;1&#8243; admin_label=&#8221;Stats&#8221; _builder_version=&#8221;4.27.4&#8243; _module_preset=&#8221;_initial&#8221; background_enable_color=&#8221;off&#8221; max_width=&#8221;62%&#8221; max_width_tablet=&#8221;62%&#8221; max_width_phone=&#8221;86%&#8221; max_width_last_edited=&#8221;on|phone&#8221; module_alignment=&#8221;center&#8221; locked=&#8221;off&#8221; global_colors_info=&#8221;{%22gcid-b6c4f12c-f25d-4f61-9fb1-6e96404634cd%22:%91%22background_color%22%93}&#8221;][et_pb_row _builder_version=&#8221;4.25.2&#8243; _module_preset=&#8221;_initial&#8221; width=&#8221;90%&#8221; max_width=&#8221;1500px&#8221; custom_padding=&#8221;||0px|||&#8221; global_colors_info=&#8221;{}&#8221;][et_pb_column type=&#8221;4_4&#8243; _builder_version=&#8221;4.25.2&#8243; _module_preset=&#8221;_initial&#8221; global_colors_info=&#8221;{}&#8221;][et_pb_heading title=&#8221;Hvad vi g\u00f8r&#8221; _builder_version=&#8221;4.27.4&#8243; _module_preset=&#8221;default&#8221; global_colors_info=&#8221;{}&#8221;][\/et_pb_heading][\/et_pb_column][\/et_pb_row][et_pb_row column_structure=&#8221;1_2,1_2&#8243; _builder_version=&#8221;4.25.2&#8243; _module_preset=&#8221;_initial&#8221; width=&#8221;90%&#8221; max_width=&#8221;1500px&#8221; global_colors_info=&#8221;{}&#8221;][et_pb_column type=&#8221;1_2&#8243; _builder_version=&#8221;4.25.2&#8243; _module_preset=&#8221;_initial&#8221; global_colors_info=&#8221;{}&#8221;][et_pb_text _builder_version=&#8221;4.27.4&#8243; _module_preset=&#8221;default&#8221; global_colors_info=&#8221;{}&#8221;]<\/p>\n<p data-start=\"1039\" data-end=\"1213\">Vi arbejder med hele spektret af IBM&#8217;s infrastrukturportef\u00f8lje \u2013 fra systemer til lagring \u2013 og tilbyder l\u00f8sninger, der kombinerer ydeevne, tilg\u00e6ngelighed og datasikkerhed.<\/p>\n<p data-start=\"1215\" data-end=\"1238\">Vores hovedomr\u00e5der er:<\/p>\n<ul data-start=\"1239\" data-end=\"1776\">\n<li data-start=\"1239\" data-end=\"1321\">\n<p data-start=\"1241\" data-end=\"1321\"><strong data-start=\"1241\" data-end=\"1260\">IBM Power &amp; AIX<\/strong> \u2013 til forretningskritiske applikationer med h\u00f8j tilg\u00e6ngelighed.<\/p>\n<\/li>\n<li data-start=\"1322\" data-end=\"1400\">\n<p data-start=\"1324\" data-end=\"1400\"><strong data-start=\"1324\" data-end=\"1340\">IBM LinuxONE<\/strong> \u2013 enterprise-Linux med indbygget sikkerhed og effektivitet.<\/p>\n<\/li>\n<li data-start=\"1401\" data-end=\"1497\">\n<p data-start=\"1403\" data-end=\"1497\"><strong data-start=\"1403\" data-end=\"1428\">IBM Mainframe (IBM Z)<\/strong> \u2013 til drift af store, forretningsb\u00e6rende systemer med maksimal stabilitet.<\/p>\n<\/li>\n<li data-start=\"1498\" data-end=\"1600\">\n<p data-start=\"1500\" data-end=\"1600\"><strong data-start=\"1500\" data-end=\"1532\">IBM FlashSystem &amp; DS Storage<\/strong> \u2013 moderne datalagring med AI, virtualisering og ransomware-beskyttelse.<\/p>\n<\/li>\n<li data-start=\"1601\" data-end=\"1683\">\n<p data-start=\"1603\" data-end=\"1683\"><strong data-start=\"1603\" data-end=\"1632\">Hybridsky og automatisering<\/strong> \u2013 integration med Red Hat OpenShift og Ansible.<\/p>\n<\/li>\n<li data-start=\"1684\" data-end=\"1776\">\n<p data-start=\"1686\" data-end=\"1776\"><strong data-start=\"1686\" data-end=\"1708\">Tjenester &amp; support<\/strong> \u2013 r\u00e5dgivning, 24&#215;7 drift, livscyklush\u00e5ndtering og dag 2-operationer.<\/p>\n<\/li>\n<\/ul>\n<p data-start=\"1778\" data-end=\"1913\">Vi hj\u00e6lper vores kunder med at tage et helhedsgreb om deres infrastruktur \u2013 fra strategi og design til implementering, drift og optimering.<\/p>\n<p>[\/et_pb_text][\/et_pb_column][et_pb_column type=&#8221;1_2&#8243; _builder_version=&#8221;4.25.2&#8243; _module_preset=&#8221;_initial&#8221; global_colors_info=&#8221;{}&#8221;][et_pb_text _builder_version=&#8221;4.27.4&#8243; _module_preset=&#8221;default&#8221; global_colors_info=&#8221;{}&#8221;]<\/p>\n<p data-start=\"2404\" data-end=\"2712\">Vores styrke ligger i kombinationen af <strong data-start=\"2441\" data-end=\"2478\">erfaring, agilitet og kvalitet<\/strong>.<br data-start=\"2479\" data-end=\"2482\">Vi arbejder hurtigt og fleksibelt i alle faser \u2013 fra forunders\u00f8gelse og pre-sales til drift og videreudvikling.<br data-start=\"2590\" data-end=\"2593\">Med <strong data-start=\"2597\" data-end=\"2646\">strukturerede processer og personlig service<\/strong> skaber vi resultater, der holder, b\u00e5de teknisk og forretningsm\u00e6ssigt.<\/p>\n<p data-start=\"2714\" data-end=\"2729\">LOAD leverer:<\/p>\n<ul data-start=\"2730\" data-end=\"2925\">\n<li data-start=\"2730\" data-end=\"2782\">\n<p data-start=\"2732\" data-end=\"2782\"><strong data-start=\"2732\" data-end=\"2744\">Agilitet<\/strong> \u2013 hurtige beslutninger og korte leveringstider.<\/p>\n<\/li>\n<li data-start=\"2783\" data-end=\"2849\">\n<p data-start=\"2785\" data-end=\"2849\"><strong data-start=\"2785\" data-end=\"2801\">Fleksibilitet<\/strong> \u2013 l\u00f8sninger, der tilpasses kundens behov.<\/p>\n<\/li>\n<li data-start=\"2850\" data-end=\"2925\">\n<p data-start=\"2852\" data-end=\"2925\"><strong data-start=\"2852\" data-end=\"2864\">Kvalitet<\/strong> \u2013 testede, dokumenterede og fremtidssikrede implementeringer.<\/p>\n<\/li>\n<\/ul>\n<h4 data-start=\"2932\" data-end=\"2967\"><strong data-start=\"2939\" data-end=\"2967\">Erfaring og kompetence<\/strong><\/h4>\n<p data-start=\"2968\" data-end=\"3299\">Vores konsulenter har lang erfaring med <strong data-start=\"3006\" data-end=\"3059\">IBM Power, Mainframe, Storage og hybrid IT-drift<\/strong>.<br data-start=\"3060\" data-end=\"3063\">De er <strong data-start=\"3069\" data-end=\"3098\">IBM-certificerede eksperter<\/strong> med praktisk erfaring fra komplekse milj\u00f8er inden for bank, industri, offentlig sektor og detailhandel.<\/p>\n<p data-start=\"2968\" data-end=\"3299\">For os handler det ikke kun om teknologi \u2013 men om at bygge l\u00f8sninger, der styrker kundens forretning.<\/p>\n<p>[\/et_pb_text][\/et_pb_column][\/et_pb_row][\/et_pb_section][et_pb_section fb_built=&#8221;1&#8243; admin_label=&#8221;Call To Action&#8221; _builder_version=&#8221;4.25.2&#8243; _module_preset=&#8221;_initial&#8221; background_color=&#8221;gcid-b6c4f12c-f25d-4f61-9fb1-6e96404634cd&#8221; locked=&#8221;off&#8221; global_colors_info=&#8221;{%22gcid-b6c4f12c-f25d-4f61-9fb1-6e96404634cd%22:%91%22background_color%22%93}&#8221;][et_pb_row _builder_version=&#8221;4.27.4&#8243; _module_preset=&#8221;_initial&#8221; max_width=&#8221;900px&#8221; locked=&#8221;off&#8221; global_colors_info=&#8221;{}&#8221;][et_pb_column type=&#8221;4_4&#8243; _builder_version=&#8221;4.25.2&#8243; _module_preset=&#8221;_initial&#8221; global_colors_info=&#8221;{}&#8221;][et_pb_heading title=&#8221;Vi moderniserer uden at g\u00e5 p\u00e5 kompromis.&#8221; _builder_version=&#8221;4.27.4&#8243; _module_preset=&#8221;default&#8221; title_text_align=&#8221;center&#8221; custom_padding=&#8221;|41px||41px|false|true&#8221; global_colors_info=&#8221;{}&#8221;][\/et_pb_heading][et_pb_text _builder_version=&#8221;4.27.4&#8243; _module_preset=&#8221;default&#8221; global_colors_info=&#8221;{}&#8221;]<\/p>\n<h3 style=\"text-align: center;\">Med LOAD f\u00e5r du en <strong data-start=\"3387\" data-end=\"3407\">p\u00e5lidelig partner<\/strong>, der leverer <strong data-start=\"3422\" data-end=\"3469\">sikkerhed, effektivitet og fremtidssikring<\/strong> i hvert projekt \u2013 fra datacenter til sky.<\/h3>\n<p>[\/et_pb_text][et_pb_button button_url=&#8221;@ET-DC@eyJkeW5hbWljIjp0cnVlLCJjb250ZW50IjoicG9zdF9saW5rX3VybF9wYWdlIiwic2V0dGluZ3MiOnsicG9zdF9pZCI6IjI4MyJ9fQ==@&#8221; button_text=&#8221;Kontakt os!&#8221; button_alignment=&#8221;center&#8221; _builder_version=&#8221;4.27.4&#8243; _dynamic_attributes=&#8221;button_url&#8221; _module_preset=&#8221;default&#8221; global_colors_info=&#8221;{}&#8221;][\/et_pb_button][\/et_pb_column][\/et_pb_row][\/et_pb_section][et_pb_section fb_built=&#8221;1&#8243; _builder_version=&#8221;4.27.5&#8243; _module_preset=&#8221;default&#8221; global_colors_info=&#8221;{}&#8221;][\/et_pb_section]<\/p>\n","protected":false},"excerpt":{"rendered":"<p>I en verden hvor hver transaktion skal v\u00e6re sikker, hurtig og tilg\u00e6ngelig d\u00f8gnet rundt kr\u00e6ves IT-partnere, som forst\u00e5r betydningen af p\u00e5lidelige kernesystemer. Vi er virksomheden bag teknologien, der holder nogle af Sveriges st\u00f8rste banker i gang \u2013 fra forretningskritiske betalingsl\u00f8sninger til robuste infrastrukturplatforme. Vores ekspertise ligger i at optimere, modernisere og sikre systemmilj\u00f8er med h\u00f8jeste [&hellip;]<\/p>\n","protected":false},"author":1,"featured_media":0,"parent":0,"menu_order":0,"comment_status":"closed","ping_status":"closed","template":"","meta":{"_et_pb_use_builder":"on","_et_pb_old_content":"","_et_gb_content_width":"","footnotes":""},"class_list":["post-1063","page","type-page","status-publish","hentry"],"yoast_head":"<!-- This site is optimized with the Yoast SEO Premium plugin v27.2 (Yoast SEO v27.4) - https:\/\/yoast.com\/product\/yoast-seo-premium-wordpress\/ -->\n<title>Om LOAD \u2013 eksperter i moderne IT-infrastruktur | LOAD<\/title>\n<meta name=\"description\" content=\"L\u00e6r LOAD at kende \u2013 eksperter i moderne it-infrastruktur, sikkerhed og forretningskritiske systemer med fokus p\u00e5 ydeevne og stabilitet.\" \/>\n<meta name=\"robots\" content=\"index, follow, max-snippet:-1, max-image-preview:large, max-video-preview:-1\" \/>\n<link rel=\"canonical\" href=\"https:\/\/www.load.se\/da\/om-os\/\" \/>\n<meta property=\"og:locale\" content=\"da_DK\" \/>\n<meta property=\"og:type\" content=\"article\" \/>\n<meta property=\"og:title\" content=\"Om os\" \/>\n<meta property=\"og:description\" content=\"L\u00e6r LOAD at kende \u2013 eksperter i moderne it-infrastruktur, sikkerhed og forretningskritiske systemer med fokus p\u00e5 ydeevne og stabilitet.\" \/>\n<meta property=\"og:url\" content=\"https:\/\/www.load.se\/da\/om-os\/\" \/>\n<meta property=\"og:site_name\" content=\"Load System AB\" \/>\n<meta property=\"article:modified_time\" content=\"2026-04-04T06:33:17+00:00\" \/>\n<meta name=\"twitter:card\" content=\"summary_large_image\" \/>\n<meta name=\"twitter:label1\" content=\"Estimeret l\u00e6setid\" \/>\n\t<meta name=\"twitter:data1\" content=\"7 minutter\" \/>\n<script type=\"application\/ld+json\" class=\"yoast-schema-graph\">{\"@context\":\"https:\\\/\\\/schema.org\",\"@graph\":[{\"@type\":\"WebPage\",\"@id\":\"https:\\\/\\\/www.load.se\\\/da\\\/om-os\\\/\",\"url\":\"https:\\\/\\\/www.load.se\\\/da\\\/om-os\\\/\",\"name\":\"Om LOAD \u2013 eksperter i moderne IT-infrastruktur | LOAD\",\"isPartOf\":{\"@id\":\"https:\\\/\\\/www.load.se\\\/da\\\/#website\"},\"datePublished\":\"2025-10-13T07:58:43+00:00\",\"dateModified\":\"2026-04-04T06:33:17+00:00\",\"description\":\"L\u00e6r LOAD at kende \u2013 eksperter i moderne it-infrastruktur, sikkerhed og forretningskritiske systemer med fokus p\u00e5 ydeevne og stabilitet.\",\"breadcrumb\":{\"@id\":\"https:\\\/\\\/www.load.se\\\/da\\\/om-os\\\/#breadcrumb\"},\"inLanguage\":\"da-DK\",\"potentialAction\":[{\"@type\":\"ReadAction\",\"target\":[\"https:\\\/\\\/www.load.se\\\/da\\\/om-os\\\/\"]}]},{\"@type\":\"BreadcrumbList\",\"@id\":\"https:\\\/\\\/www.load.se\\\/da\\\/om-os\\\/#breadcrumb\",\"itemListElement\":[{\"@type\":\"ListItem\",\"position\":1,\"name\":\"Home\",\"item\":\"https:\\\/\\\/www.load.se\\\/da\\\/\"},{\"@type\":\"ListItem\",\"position\":2,\"name\":\"Om os\"}]},{\"@type\":\"WebSite\",\"@id\":\"https:\\\/\\\/www.load.se\\\/da\\\/#website\",\"url\":\"https:\\\/\\\/www.load.se\\\/da\\\/\",\"name\":\"Load System AB\",\"description\":\"\",\"publisher\":{\"@id\":\"https:\\\/\\\/www.load.se\\\/da\\\/#organization\"},\"potentialAction\":[{\"@type\":\"SearchAction\",\"target\":{\"@type\":\"EntryPoint\",\"urlTemplate\":\"https:\\\/\\\/www.load.se\\\/da\\\/?s={search_term_string}\"},\"query-input\":{\"@type\":\"PropertyValueSpecification\",\"valueRequired\":true,\"valueName\":\"search_term_string\"}}],\"inLanguage\":\"da-DK\"},{\"@type\":\"Organization\",\"@id\":\"https:\\\/\\\/www.load.se\\\/da\\\/#organization\",\"name\":\"Load System AB\",\"url\":\"https:\\\/\\\/www.load.se\\\/da\\\/\",\"logo\":{\"@type\":\"ImageObject\",\"inLanguage\":\"da-DK\",\"@id\":\"https:\\\/\\\/www.load.se\\\/da\\\/#\\\/schema\\\/logo\\\/image\\\/\",\"url\":\"http:\\\/\\\/www.load.se\\\/wp-content\\\/uploads\\\/2025\\\/10\\\/Load-website-6.png\",\"contentUrl\":\"http:\\\/\\\/www.load.se\\\/wp-content\\\/uploads\\\/2025\\\/10\\\/Load-website-6.png\",\"width\":2160,\"height\":800,\"caption\":\"Load System AB\"},\"image\":{\"@id\":\"https:\\\/\\\/www.load.se\\\/da\\\/#\\\/schema\\\/logo\\\/image\\\/\"},\"sameAs\":[\"https:\\\/\\\/www.linkedin.com\\\/company\\\/load-ab\"]}]}<\/script>\n<!-- \/ Yoast SEO Premium plugin. -->","yoast_head_json":{"title":"Om LOAD \u2013 eksperter i moderne IT-infrastruktur | LOAD","description":"L\u00e6r LOAD at kende \u2013 eksperter i moderne it-infrastruktur, sikkerhed og forretningskritiske systemer med fokus p\u00e5 ydeevne og stabilitet.","robots":{"index":"index","follow":"follow","max-snippet":"max-snippet:-1","max-image-preview":"max-image-preview:large","max-video-preview":"max-video-preview:-1"},"canonical":"https:\/\/www.load.se\/da\/om-os\/","og_locale":"da_DK","og_type":"article","og_title":"Om os","og_description":"L\u00e6r LOAD at kende \u2013 eksperter i moderne it-infrastruktur, sikkerhed og forretningskritiske systemer med fokus p\u00e5 ydeevne og stabilitet.","og_url":"https:\/\/www.load.se\/da\/om-os\/","og_site_name":"Load System AB","article_modified_time":"2026-04-04T06:33:17+00:00","twitter_card":"summary_large_image","twitter_misc":{"Estimeret l\u00e6setid":"7 minutter"},"schema":{"@context":"https:\/\/schema.org","@graph":[{"@type":"WebPage","@id":"https:\/\/www.load.se\/da\/om-os\/","url":"https:\/\/www.load.se\/da\/om-os\/","name":"Om LOAD \u2013 eksperter i moderne IT-infrastruktur | LOAD","isPartOf":{"@id":"https:\/\/www.load.se\/da\/#website"},"datePublished":"2025-10-13T07:58:43+00:00","dateModified":"2026-04-04T06:33:17+00:00","description":"L\u00e6r LOAD at kende \u2013 eksperter i moderne it-infrastruktur, sikkerhed og forretningskritiske systemer med fokus p\u00e5 ydeevne og stabilitet.","breadcrumb":{"@id":"https:\/\/www.load.se\/da\/om-os\/#breadcrumb"},"inLanguage":"da-DK","potentialAction":[{"@type":"ReadAction","target":["https:\/\/www.load.se\/da\/om-os\/"]}]},{"@type":"BreadcrumbList","@id":"https:\/\/www.load.se\/da\/om-os\/#breadcrumb","itemListElement":[{"@type":"ListItem","position":1,"name":"Home","item":"https:\/\/www.load.se\/da\/"},{"@type":"ListItem","position":2,"name":"Om os"}]},{"@type":"WebSite","@id":"https:\/\/www.load.se\/da\/#website","url":"https:\/\/www.load.se\/da\/","name":"Load System AB","description":"","publisher":{"@id":"https:\/\/www.load.se\/da\/#organization"},"potentialAction":[{"@type":"SearchAction","target":{"@type":"EntryPoint","urlTemplate":"https:\/\/www.load.se\/da\/?s={search_term_string}"},"query-input":{"@type":"PropertyValueSpecification","valueRequired":true,"valueName":"search_term_string"}}],"inLanguage":"da-DK"},{"@type":"Organization","@id":"https:\/\/www.load.se\/da\/#organization","name":"Load System AB","url":"https:\/\/www.load.se\/da\/","logo":{"@type":"ImageObject","inLanguage":"da-DK","@id":"https:\/\/www.load.se\/da\/#\/schema\/logo\/image\/","url":"http:\/\/www.load.se\/wp-content\/uploads\/2025\/10\/Load-website-6.png","contentUrl":"http:\/\/www.load.se\/wp-content\/uploads\/2025\/10\/Load-website-6.png","width":2160,"height":800,"caption":"Load System AB"},"image":{"@id":"https:\/\/www.load.se\/da\/#\/schema\/logo\/image\/"},"sameAs":["https:\/\/www.linkedin.com\/company\/load-ab"]}]}},"_links":{"self":[{"href":"https:\/\/www.load.se\/da\/wp-json\/wp\/v2\/pages\/1063","targetHints":{"allow":["GET"]}}],"collection":[{"href":"https:\/\/www.load.se\/da\/wp-json\/wp\/v2\/pages"}],"about":[{"href":"https:\/\/www.load.se\/da\/wp-json\/wp\/v2\/types\/page"}],"author":[{"embeddable":true,"href":"https:\/\/www.load.se\/da\/wp-json\/wp\/v2\/users\/1"}],"replies":[{"embeddable":true,"href":"https:\/\/www.load.se\/da\/wp-json\/wp\/v2\/comments?post=1063"}],"version-history":[{"count":21,"href":"https:\/\/www.load.se\/da\/wp-json\/wp\/v2\/pages\/1063\/revisions"}],"predecessor-version":[{"id":3686,"href":"https:\/\/www.load.se\/da\/wp-json\/wp\/v2\/pages\/1063\/revisions\/3686"}],"wp:attachment":[{"href":"https:\/\/www.load.se\/da\/wp-json\/wp\/v2\/media?parent=1063"}],"curies":[{"name":"wp","href":"https:\/\/api.w.org\/{rel}","templated":true}]}}