{"id":1170,"date":"2025-10-11T04:51:04","date_gmt":"2025-10-11T02:51:04","guid":{"rendered":"http:\/\/www.load.se\/ibm-flashsystem\/"},"modified":"2026-04-04T07:49:20","modified_gmt":"2026-04-04T05:49:20","slug":"ibm-flashsystem","status":"publish","type":"page","link":"https:\/\/www.load.se\/da\/ibm-flashsystem\/","title":{"rendered":"IBM FlashSystem"},"content":{"rendered":"<p>[et_pb_section fb_built=&#8221;1&#8243; admin_label=&#8221;Header&#8221; _builder_version=&#8221;4.23.2&#8243; _module_preset=&#8221;default&#8221; custom_padding=&#8221;0px||0px||true|false&#8221; collapsed=&#8221;on&#8221; global_colors_info=&#8221;{}&#8221;][et_pb_row column_structure=&#8221;1_3,2_3&#8243; use_custom_gutter=&#8221;on&#8221; gutter_width=&#8221;1&#8243; make_equal=&#8221;on&#8221; _builder_version=&#8221;4.27.4&#8243; _module_preset=&#8221;default&#8221; width=&#8221;100%&#8221; max_width=&#8221;none&#8221; custom_padding=&#8221;0px||0px||true|false&#8221; locked=&#8221;off&#8221; global_colors_info=&#8221;{}&#8221;][et_pb_column type=&#8221;1_3&#8243; _builder_version=&#8221;4.27.4&#8243; _module_preset=&#8221;default&#8221; background_image=&#8221;https:\/\/www.load.se\/wp-content\/uploads\/2025\/10\/FSFamily.webp&#8221; custom_padding=&#8221;|0px|||false|false&#8221; global_colors_info=&#8221;{}&#8221;][\/et_pb_column][et_pb_column type=&#8221;2_3&#8243; _builder_version=&#8221;4.27.4&#8243; _module_preset=&#8221;default&#8221; background_color=&#8221;gcid-c99e8569-e73a-4475-92a4-a1a7fec8f2cc&#8221; use_background_color_gradient=&#8221;on&#8221; background_color_gradient_type=&#8221;conic&#8221; background_color_gradient_direction=&#8221;140deg&#8221; background_color_gradient_stops=&#8221;rgba(255,255,255,0) 0%|rgba(255,255,255,0) 50%|rgba(255,255,255,0.2) 100%&#8221; custom_padding=&#8221;10%|10%|10%|10%|true|true&#8221; global_colors_info=&#8221;{%22gcid-c99e8569-e73a-4475-92a4-a1a7fec8f2cc%22:%91%22background_color%22%93}&#8221;][et_pb_text _builder_version=&#8221;4.27.6&#8243; _module_preset=&#8221;_initial&#8221; header_text_color=&#8221;#FFFFFF&#8221; header_font_size=&#8221;32px&#8221; header_line_height=&#8221;1.2em&#8221; hover_enabled=&#8221;0&#8243; header_font_size_tablet=&#8221;40px&#8221; header_font_size_phone=&#8221;24px&#8221; header_font_size_last_edited=&#8221;on|desktop&#8221; global_colors_info=&#8221;{}&#8221; sticky_enabled=&#8221;0&#8243;]<\/p>\n<h1>IBM FlashSystem x600<\/h1>\n<p>[\/et_pb_text][et_pb_text _builder_version=&#8221;4.27.6&#8243; _module_preset=&#8221;_initial&#8221; text_text_color=&#8221;#FFFFFF&#8221; header_5_font=&#8221;\u2013et_global_heading_font|300|||||||&#8221; header_5_text_color=&#8221;#FFFFFF&#8221; header_5_font_size=&#8221;14px&#8221; header_5_line_height=&#8221;1.6em&#8221; background_layout=&#8221;dark&#8221; max_width=&#8221;600px&#8221; custom_padding=&#8221;||32px|||&#8221; hover_enabled=&#8221;0&#8243; header_5_font_size_tablet=&#8221;16px&#8221; header_5_font_size_phone=&#8221;14px&#8221; header_5_font_size_last_edited=&#8221;on|desktop&#8221; global_colors_info=&#8221;{%22gcid-secondary-color%22:%91%22header_text_color%22%93}&#8221; sticky_enabled=&#8221;0&#8243;]<\/p>\n<h3>AI-drevet enterprise storage \u2013 bygget til at beskytte, tilpasse og pr\u00e6stere<\/h3>\n<p>Lagring er ikke l\u00e6ngere blot kapacitet.<br data-start=\"291\" data-end=\"294\">Det er Deres sidste forsvarslinje mod ransomware. Deres SLA-motor. Deres fundament for forretningskritiske systemer.  <\/p>\n<p>&nbsp;<\/p>\n<p>[\/et_pb_text][\/et_pb_column][\/et_pb_row][\/et_pb_section][et_pb_section fb_built=&#8221;1&#8243; admin_label=&#8221;Project Info&#8221; _builder_version=&#8221;4.27.4&#8243; _module_preset=&#8221;default&#8221; background_color=&#8221;#FFFFFF&#8221; locked=&#8221;off&#8221; collapsed=&#8221;on&#8221; global_colors_info=&#8221;{}&#8221;][et_pb_row column_structure=&#8221;1_3,2_3&#8243; _builder_version=&#8221;4.27.4&#8243; _module_preset=&#8221;default&#8221; global_colors_info=&#8221;{}&#8221;][et_pb_column type=&#8221;1_3&#8243; _builder_version=&#8221;4.23.2&#8243; _module_preset=&#8221;default&#8221; global_colors_info=&#8221;{}&#8221;][et_pb_text _builder_version=&#8221;4.27.4&#8243; _module_preset=&#8221;_initial&#8221; text_font=&#8221;\u2013et_global_heading_font|300|||||||&#8221; header_2_font=&#8221;\u2013et_global_heading_font|300|||||||&#8221; header_2_text_color=&#8221;gcid-secondary-color&#8221; header_2_font_size=&#8221;32px&#8221; header_2_line_height=&#8221;1.3em&#8221; custom_margin=&#8221;|-9px|10px||false|false&#8221; hover_enabled=&#8221;0&#8243; header_2_font_size_tablet=&#8221;32px&#8221; header_2_font_size_phone=&#8221;20px&#8221; header_2_font_size_last_edited=&#8221;on|desktop&#8221; global_colors_info=&#8221;{%22gcid-primary-color%22:%91%22text_text_color%22%93,%22gcid-secondary-color%22:%91%22header_text_color%22,%22header_2_text_color%22%93}&#8221; sticky_enabled=&#8221;0&#8243;]<\/p>\n<h2>Hurtig og intelligent lagring<\/h2>\n<p>[\/et_pb_text][et_pb_divider _builder_version=&#8221;4.27.4&#8243; _module_preset=&#8221;default&#8221; global_colors_info=&#8221;{}&#8221;][\/et_pb_divider][et_pb_blurb title=&#8221;Download produktbladet for IBM FlashSystem&#8221; use_icon=&#8221;on&#8221; font_icon=&#8221;&#xf56d;||fa||900&#8243; icon_color=&#8221;gcid-secondary-color&#8221; icon_placement=&#8221;left&#8221; _builder_version=&#8221;4.27.6&#8243; _dynamic_attributes=&#8221;link_option_url&#8221; _module_preset=&#8221;default&#8221; link_option_url=&#8221;@ET-DC@eyJkeW5hbWljIjp0cnVlLCJjb250ZW50IjoicG9zdF9saW5rX3VybF9hdHRhY2htZW50Iiwic2V0dGluZ3MiOnsicG9zdF9pZCI6IjI3MTQiLCJlbmFibGVfaHRtbCI6Im9mZiJ9fQ==@&#8221; link_option_url_new_window=&#8221;on&#8221; hover_enabled=&#8221;0&#8243; global_colors_info=&#8221;{%22gcid-secondary-color%22:%91%22icon_color%22%93}&#8221; sticky_enabled=&#8221;0&#8243;]<\/p>\n<p>Download IBM FlashSystem-databladet og opdag hvordan intelligent lagring med indbygget sikkerhed, AI og h\u00f8j ydeevne kan forenkle dit IT-milj\u00f8<\/p>\n<p>[\/et_pb_blurb][\/et_pb_column][et_pb_column type=&#8221;2_3&#8243; _builder_version=&#8221;4.23.2&#8243; _module_preset=&#8221;default&#8221; global_colors_info=&#8221;{}&#8221;][et_pb_text _builder_version=&#8221;4.27.6&#8243; _module_preset=&#8221;_initial&#8221; text_font_size=&#8221;15px&#8221; text_line_height=&#8221;1.8em&#8221; hover_enabled=&#8221;0&#8243; text_font_size_tablet=&#8221;15px&#8221; text_font_size_phone=&#8221;14px&#8221; text_font_size_last_edited=&#8221;on|desktop&#8221; global_colors_info=&#8221;{}&#8221; sticky_enabled=&#8221;0&#8243;]<\/p>\n<p data-start=\"394\" data-end=\"508\">Med den nye <strong data-start=\"402\" data-end=\"452\">IBM FlashSystem x600-serie (5600, 7600, 9600)<\/strong> f\u00e5r du en intelligent, AI-drevet lagringsplatform, som:<\/p>\n<ul data-start=\"510\" data-end=\"758\">\n<li data-start=\"510\" data-end=\"555\">\n<p data-start=\"512\" data-end=\"555\">Detekterer ransomware p\u00e5 under 60 sekunder<\/p>\n<\/li>\n<li data-start=\"556\" data-end=\"613\">\n<p data-start=\"558\" data-end=\"613\">Muligg\u00f8r genstart inden for 60 sekunder (vilk\u00e5r g\u00e6lder)<\/p>\n<\/li>\n<li data-start=\"614\" data-end=\"658\">\n<p data-start=\"616\" data-end=\"658\">Reducerer driftsomkostninger med op til 57 %<\/p>\n<\/li>\n<li data-start=\"659\" data-end=\"702\">\n<p data-start=\"661\" data-end=\"702\">Leverer op til 68 % h\u00f8jere ydeevne<\/p>\n<\/li>\n<li data-start=\"703\" data-end=\"758\">\n<p data-start=\"705\" data-end=\"758\">Giver op til 40 % bedre effektivitet og kapacitet<\/p>\n<\/li>\n<\/ul>\n<p data-start=\"760\" data-end=\"805\">Dette er n\u00e6ste generation af enterprise storage.<\/p>\n<p>[\/et_pb_text][et_pb_text _builder_version=&#8221;4.27.6&#8243; _module_preset=&#8221;_initial&#8221; header_4_font=&#8221;Space Grotesk|500|||||||&#8221; header_4_text_color=&#8221;#000000&#8243; header_4_font_size=&#8221;24px&#8221; header_4_line_height=&#8221;1.5em&#8221; custom_margin=&#8221;||0px||false|false&#8221; hover_enabled=&#8221;0&#8243; header_4_font_size_tablet=&#8221;16px&#8221; header_4_font_size_phone=&#8221;15px&#8221; header_4_font_size_last_edited=&#8221;on|desktop&#8221; global_colors_info=&#8221;{}&#8221; sticky_enabled=&#8221;0&#8243;]<\/p>\n<h1>Beskyt virksomheden \u2013 for alvor<\/h1>\n<p>[\/et_pb_text][et_pb_text _builder_version=&#8221;4.27.6&#8243; _module_preset=&#8221;_initial&#8221; text_font_size=&#8221;15px&#8221; text_line_height=&#8221;1.8em&#8221; hover_enabled=&#8221;0&#8243; text_font_size_tablet=&#8221;15px&#8221; text_font_size_phone=&#8221;14px&#8221; text_font_size_last_edited=&#8221;on|phone&#8221; global_colors_info=&#8221;{}&#8221; sticky_enabled=&#8221;0&#8243;]<\/p>\n<p data-start=\"848\" data-end=\"876\">FlashSystem x600 kombinerer:<\/p>\n<ul data-start=\"878\" data-end=\"1094\">\n<li data-start=\"878\" data-end=\"938\">\n<p data-start=\"880\" data-end=\"938\">Realtidsdetektering af ransomware uden p\u00e5virkning af ydeevnen<\/p>\n<\/li>\n<li data-start=\"939\" data-end=\"979\">\n<p data-start=\"941\" data-end=\"979\">Immutable Safeguarded Copy-snapshots<\/p>\n<\/li>\n<li data-start=\"980\" data-end=\"1022\">\n<p data-start=\"982\" data-end=\"1022\">100 % Data Availability-garanti (PBHA)<\/p>\n<\/li>\n<li data-start=\"1023\" data-end=\"1053\">\n<p data-start=\"1025\" data-end=\"1053\">5:1 Data Reduction-garanti<\/p>\n<\/li>\n<li data-start=\"1054\" data-end=\"1094\">\n<p data-start=\"1056\" data-end=\"1094\">Quantum-safe kryptering p\u00e5 modulniveau<\/p>\n<\/li>\n<\/ul>\n<p data-start=\"1096\" data-end=\"1281\">I mods\u00e6tning til traditionelle systemer sker komprimering, deduplikering, kryptering og trusselsdetektering direkte i <strong data-start=\"1209\" data-end=\"1248\">5. generations FlashCore Modules<\/strong> \u2013 uden at belaste controllerne.<\/p>\n<p data-start=\"1283\" data-end=\"1320\">Resultat: Sikkerhed uden kompromiser.<\/p>\n<p>[\/et_pb_text][et_pb_text _builder_version=&#8221;4.27.6&#8243; _module_preset=&#8221;_initial&#8221; header_4_font=&#8221;Space Grotesk|500|||||||&#8221; header_4_text_color=&#8221;#000000&#8243; header_4_font_size=&#8221;24px&#8221; header_4_line_height=&#8221;1.5em&#8221; custom_margin=&#8221;||0px||false|false&#8221; hover_enabled=&#8221;0&#8243; header_4_font_size_tablet=&#8221;16px&#8221; header_4_font_size_phone=&#8221;15px&#8221; header_4_font_size_last_edited=&#8221;on|desktop&#8221; global_colors_info=&#8221;{}&#8221; sticky_enabled=&#8221;0&#8243;]<\/p>\n<h1>Tilpas dig hurtigere med FlashSystem.ai<\/h1>\n<p>[\/et_pb_text][et_pb_text _builder_version=&#8221;4.27.6&#8243; _module_preset=&#8221;_initial&#8221; text_font_size=&#8221;15px&#8221; text_line_height=&#8221;1.8em&#8221; hover_enabled=&#8221;0&#8243; text_font_size_tablet=&#8221;15px&#8221; text_font_size_phone=&#8221;14px&#8221; text_font_size_last_edited=&#8221;on|desktop&#8221; global_colors_info=&#8221;{}&#8221; sticky_enabled=&#8221;0&#8243;]<\/p>\n<p data-start=\"1370\" data-end=\"1400\">Med <strong data-start=\"1374\" data-end=\"1392\">FlashSystem.ai<\/strong> f\u00e5r du:<\/p>\n<ul data-start=\"1402\" data-end=\"1599\">\n<li data-start=\"1402\" data-end=\"1454\">\n<p data-start=\"1404\" data-end=\"1454\">AI-assisteret administration via naturligt sprog<\/p>\n<\/li>\n<li data-start=\"1455\" data-end=\"1505\">\n<p data-start=\"1457\" data-end=\"1505\">Proaktiv optimering af ydeevne og kapacitet<\/p>\n<\/li>\n<li data-start=\"1506\" data-end=\"1546\">\n<p data-start=\"1508\" data-end=\"1546\">Dynamisk politik- og SLA-overholdelse<\/p>\n<\/li>\n<li data-start=\"1547\" data-end=\"1599\">\n<p data-start=\"1549\" data-end=\"1599\">Reduceret manuel administration med op til 90 %<\/p>\n<\/li>\n<\/ul>\n<p data-start=\"1601\" data-end=\"1680\">Dette er lagring, der arbejder sammen med dit team \u2013 ikke skaber merarbejde.<\/p>\n<p>[\/et_pb_text][et_pb_image src=&#8221;http:\/\/www.load.se\/wp-content\/uploads\/2025\/10\/flashsystemIBM.jpg&#8221; title_text=&#8221;flashsystemIBM&#8221; _builder_version=&#8221;4.27.4&#8243; _module_preset=&#8221;default&#8221; global_colors_info=&#8221;{}&#8221;][\/et_pb_image][et_pb_text _builder_version=&#8221;4.27.6&#8243; _module_preset=&#8221;_initial&#8221; header_4_font=&#8221;Space Grotesk|500|||||||&#8221; header_4_text_color=&#8221;#000000&#8243; header_4_font_size=&#8221;24px&#8221; header_4_line_height=&#8221;1.5em&#8221; custom_margin=&#8221;||0px||false|false&#8221; hover_enabled=&#8221;0&#8243; header_4_font_size_tablet=&#8221;16px&#8221; header_4_font_size_phone=&#8221;15px&#8221; header_4_font_size_last_edited=&#8221;on|desktop&#8221; global_colors_info=&#8221;{}&#8221; sticky_enabled=&#8221;0&#8243;]<\/p>\n<h1>Ydeevne til forretningskritiske milj\u00f8er<\/h1>\n<p>[\/et_pb_text][et_pb_text _builder_version=&#8221;4.27.6&#8243; _module_preset=&#8221;_initial&#8221; text_font_size=&#8221;15px&#8221; text_line_height=&#8221;1.8em&#8221; hover_enabled=&#8221;0&#8243; text_font_size_tablet=&#8221;15px&#8221; text_font_size_phone=&#8221;14px&#8221; text_font_size_last_edited=&#8221;on|desktop&#8221; global_colors_info=&#8221;{}&#8221; sticky_enabled=&#8221;0&#8243;]<\/p>\n<p data-start=\"1727\" data-end=\"1750\">V\u00e6lg model efter krav:<\/p>\n<p data-start=\"1752\" data-end=\"1984\"><strong data-start=\"1752\" data-end=\"1772\">FlashSystem 5600<\/strong> \u2013 kompakt enterprise-ydeevne (1U)<br data-start=\"1808\" data-end=\"1811\"><strong data-start=\"1811\" data-end=\"1831\">FlashSystem 7600<\/strong> \u2013 h\u00f8jtydende konsolideringsplatform (2U)<br data-start=\"1877\" data-end=\"1880\"><strong data-start=\"1880\" data-end=\"1900\">FlashSystem 9600<\/strong> \u2013 ekstrem ydeevne til mission-critical (2U, op til ~11,8 PBe effektiv kapacitet)<\/p>\n<p data-start=\"1986\" data-end=\"2070\">Bygget til databaser, virtualisering, ERP, AI-workloads og konsoliderede datacentre.<\/p>\n<p>[\/et_pb_text][et_pb_text _builder_version=&#8221;4.27.6&#8243; _module_preset=&#8221;_initial&#8221; header_4_font=&#8221;Space Grotesk|500|||||||&#8221; header_4_text_color=&#8221;#000000&#8243; header_4_font_size=&#8221;24px&#8221; header_4_line_height=&#8221;1.5em&#8221; custom_margin=&#8221;||0px||false|false&#8221; hover_enabled=&#8221;0&#8243; header_4_font_size_tablet=&#8221;16px&#8221; header_4_font_size_phone=&#8221;15px&#8221; header_4_font_size_last_edited=&#8221;on|desktop&#8221; global_colors_info=&#8221;{}&#8221; sticky_enabled=&#8221;0&#8243;]<\/p>\n<h1>B\u00e6redygtighed &amp; effektivitet<\/h1>\n<p>[\/et_pb_text][et_pb_text _builder_version=&#8221;4.27.6&#8243; _module_preset=&#8221;_initial&#8221; text_font_size=&#8221;15px&#8221; text_line_height=&#8221;1.8em&#8221; hover_enabled=&#8221;0&#8243; text_font_size_tablet=&#8221;15px&#8221; text_font_size_phone=&#8221;14px&#8221; text_font_size_last_edited=&#8221;on|desktop&#8221; global_colors_info=&#8221;{}&#8221; sticky_enabled=&#8221;0&#8243;]<\/p>\n<ul data-start=\"2106\" data-end=\"2287\">\n<li data-start=\"2106\" data-end=\"2141\">\n<p data-start=\"2108\" data-end=\"2141\">Ned til 0,56 watt per terabyte<\/p>\n<\/li>\n<li data-start=\"2142\" data-end=\"2206\">\n<p data-start=\"2144\" data-end=\"2206\">Op til 75 % reduceret lagerfodaftryk gennem konsolidering<\/p>\n<\/li>\n<li data-start=\"2207\" data-end=\"2232\">\n<p data-start=\"2209\" data-end=\"2232\">NVMe EDSFF-arkitektur<\/p>\n<\/li>\n<li data-start=\"2233\" data-end=\"2287\">\n<p data-start=\"2235\" data-end=\"2287\">Hardwarebaseret datakomprimering og deduplikering<\/p>\n<\/li>\n<\/ul>\n<p data-start=\"2289\" data-end=\"2341\">Mindre energiforbrug. Mindre rackplads. Lavere TCO.  <\/p>\n<p>[\/et_pb_text][\/et_pb_column][\/et_pb_row][et_pb_row column_structure=&#8221;1_3,2_3&#8243; _builder_version=&#8221;4.27.4&#8243; _module_preset=&#8221;default&#8221; custom_margin=&#8221;100px||||false|false&#8221; custom_margin_tablet=&#8221;60px||||false|false&#8221; custom_margin_phone=&#8221;60px||||false|false&#8221; custom_margin_last_edited=&#8221;on|phone&#8221; global_colors_info=&#8221;{}&#8221;][et_pb_column type=&#8221;1_3&#8243; _builder_version=&#8221;4.27.4&#8243; _module_preset=&#8221;default&#8221; global_colors_info=&#8221;{}&#8221;][et_pb_text _builder_version=&#8221;4.27.4&#8243; _module_preset=&#8221;_initial&#8221; header_2_font=&#8221;Space Grotesk|500|||||||&#8221; header_2_text_color=&#8221;#000000&#8243; header_2_font_size=&#8221;52px&#8221; header_2_line_height=&#8221;1.3em&#8221; custom_margin=&#8221;||10px||false|false&#8221; header_2_font_size_tablet=&#8221;32px&#8221; header_2_font_size_phone=&#8221;20px&#8221; header_2_font_size_last_edited=&#8221;on|desktop&#8221; global_colors_info=&#8221;{}&#8221;]<\/p>\n<h1>Hvorfor LOAD<\/h1>\n<p>[\/et_pb_text][\/et_pb_column][et_pb_column type=&#8221;2_3&#8243; _builder_version=&#8221;4.23.2&#8243; _module_preset=&#8221;default&#8221; global_colors_info=&#8221;{}&#8221;][et_pb_text _builder_version=&#8221;4.27.4&#8243; _module_preset=&#8221;_initial&#8221; text_font_size=&#8221;15px&#8221; text_line_height=&#8221;1.8em&#8221; text_font_size_tablet=&#8221;15px&#8221; text_font_size_phone=&#8221;14px&#8221; text_font_size_last_edited=&#8221;on|desktop&#8221; global_colors_info=&#8221;{}&#8221;]<\/p>\n<p>Som IBM Platinum Partner hj\u00e6lper LOAD svenske virksomheder med at implementere l\u00f8sninger, der matcher deres behov for ydeevne, sikkerhed og enkel drift.<br \/>Vi tilbyder r\u00e5dgivning, design, implementering og proaktiv support \u2013 s\u00e5 du kan fokusere p\u00e5 forretningen i stedet for infrastrukturen.<\/p>\n<p>[\/et_pb_text][\/et_pb_column][\/et_pb_row][\/et_pb_section]<\/p>\n","protected":false},"excerpt":{"rendered":"<p>IBM FlashSystem-familien tilbyder hurtig, sikker og intelligent datalagring til virksomheder i alle st\u00f8rrelser. Med AI-drevet ydeevne, indbygget beskyttelse mod ransomware, avanceret kryptering og virtualisering f\u00e5r du en lagringsplatform, der kombinerer enterprise-teknologi med nem administration og h\u00f8j energieffektivitet. <\/p>\n","protected":false},"author":1,"featured_media":1171,"parent":0,"menu_order":0,"comment_status":"closed","ping_status":"closed","template":"","meta":{"_et_pb_use_builder":"on","_et_pb_old_content":"","_et_gb_content_width":"","footnotes":""},"class_list":["post-1170","page","type-page","status-publish","has-post-thumbnail","hentry"],"yoast_head":"<!-- This site is optimized with the Yoast SEO Premium plugin v27.2 (Yoast SEO v27.4) - https:\/\/yoast.com\/product\/yoast-seo-premium-wordpress\/ -->\n<title>IBM FlashSystem \u2013 AI-drevet lagring | LOAD<\/title>\n<meta name=\"description\" content=\"IBM FlashSystem tilbyder hurtig, sikker og AI-drevet lagring med beskyttelse mod ransomware, h\u00f8j ydeevne og skalerbarhed.\" \/>\n<meta name=\"robots\" content=\"index, follow, max-snippet:-1, max-image-preview:large, max-video-preview:-1\" \/>\n<link rel=\"canonical\" href=\"https:\/\/www.load.se\/da\/ibm-flashsystem\/\" \/>\n<meta property=\"og:locale\" content=\"da_DK\" \/>\n<meta property=\"og:type\" content=\"article\" \/>\n<meta property=\"og:title\" content=\"IBM FlashSystem\" \/>\n<meta property=\"og:description\" content=\"IBM FlashSystem tilbyder hurtig, sikker og AI-drevet lagring med beskyttelse mod ransomware, h\u00f8j ydeevne og skalerbarhed.\" \/>\n<meta property=\"og:url\" content=\"https:\/\/www.load.se\/da\/ibm-flashsystem\/\" \/>\n<meta property=\"og:site_name\" content=\"Load System AB\" \/>\n<meta property=\"article:modified_time\" content=\"2026-04-04T05:49:20+00:00\" \/>\n<meta property=\"og:image\" content=\"https:\/\/www.load.se\/wp-content\/uploads\/2025\/10\/FSFamily.webp\" \/>\n\t<meta property=\"og:image:width\" content=\"1080\" \/>\n\t<meta property=\"og:image:height\" content=\"1080\" \/>\n\t<meta property=\"og:image:type\" content=\"image\/webp\" \/>\n<meta name=\"twitter:card\" content=\"summary_large_image\" \/>\n<meta name=\"twitter:label1\" content=\"Estimeret l\u00e6setid\" \/>\n\t<meta name=\"twitter:data1\" content=\"7 minutter\" \/>\n<script type=\"application\/ld+json\" class=\"yoast-schema-graph\">{\"@context\":\"https:\\\/\\\/schema.org\",\"@graph\":[{\"@type\":\"WebPage\",\"@id\":\"https:\\\/\\\/www.load.se\\\/da\\\/ibm-flashsystem\\\/\",\"url\":\"https:\\\/\\\/www.load.se\\\/da\\\/ibm-flashsystem\\\/\",\"name\":\"IBM FlashSystem \u2013 AI-drevet lagring | LOAD\",\"isPartOf\":{\"@id\":\"https:\\\/\\\/www.load.se\\\/da\\\/#website\"},\"primaryImageOfPage\":{\"@id\":\"https:\\\/\\\/www.load.se\\\/da\\\/ibm-flashsystem\\\/#primaryimage\"},\"image\":{\"@id\":\"https:\\\/\\\/www.load.se\\\/da\\\/ibm-flashsystem\\\/#primaryimage\"},\"thumbnailUrl\":\"https:\\\/\\\/www.load.se\\\/wp-content\\\/uploads\\\/2025\\\/10\\\/FSFamily.webp\",\"datePublished\":\"2025-10-11T02:51:04+00:00\",\"dateModified\":\"2026-04-04T05:49:20+00:00\",\"description\":\"IBM FlashSystem tilbyder hurtig, sikker og AI-drevet lagring med beskyttelse mod ransomware, h\u00f8j ydeevne og skalerbarhed.\",\"breadcrumb\":{\"@id\":\"https:\\\/\\\/www.load.se\\\/da\\\/ibm-flashsystem\\\/#breadcrumb\"},\"inLanguage\":\"da-DK\",\"potentialAction\":[{\"@type\":\"ReadAction\",\"target\":[\"https:\\\/\\\/www.load.se\\\/da\\\/ibm-flashsystem\\\/\"]}]},{\"@type\":\"ImageObject\",\"inLanguage\":\"da-DK\",\"@id\":\"https:\\\/\\\/www.load.se\\\/da\\\/ibm-flashsystem\\\/#primaryimage\",\"url\":\"https:\\\/\\\/www.load.se\\\/wp-content\\\/uploads\\\/2025\\\/10\\\/FSFamily.webp\",\"contentUrl\":\"https:\\\/\\\/www.load.se\\\/wp-content\\\/uploads\\\/2025\\\/10\\\/FSFamily.webp\",\"width\":1080,\"height\":1080},{\"@type\":\"BreadcrumbList\",\"@id\":\"https:\\\/\\\/www.load.se\\\/da\\\/ibm-flashsystem\\\/#breadcrumb\",\"itemListElement\":[{\"@type\":\"ListItem\",\"position\":1,\"name\":\"Home\",\"item\":\"https:\\\/\\\/www.load.se\\\/da\\\/\"},{\"@type\":\"ListItem\",\"position\":2,\"name\":\"IBM FlashSystem\"}]},{\"@type\":\"WebSite\",\"@id\":\"https:\\\/\\\/www.load.se\\\/da\\\/#website\",\"url\":\"https:\\\/\\\/www.load.se\\\/da\\\/\",\"name\":\"Load System AB\",\"description\":\"\",\"publisher\":{\"@id\":\"https:\\\/\\\/www.load.se\\\/da\\\/#organization\"},\"potentialAction\":[{\"@type\":\"SearchAction\",\"target\":{\"@type\":\"EntryPoint\",\"urlTemplate\":\"https:\\\/\\\/www.load.se\\\/da\\\/?s={search_term_string}\"},\"query-input\":{\"@type\":\"PropertyValueSpecification\",\"valueRequired\":true,\"valueName\":\"search_term_string\"}}],\"inLanguage\":\"da-DK\"},{\"@type\":\"Organization\",\"@id\":\"https:\\\/\\\/www.load.se\\\/da\\\/#organization\",\"name\":\"Load System AB\",\"url\":\"https:\\\/\\\/www.load.se\\\/da\\\/\",\"logo\":{\"@type\":\"ImageObject\",\"inLanguage\":\"da-DK\",\"@id\":\"https:\\\/\\\/www.load.se\\\/da\\\/#\\\/schema\\\/logo\\\/image\\\/\",\"url\":\"http:\\\/\\\/www.load.se\\\/wp-content\\\/uploads\\\/2025\\\/10\\\/Load-website-6.png\",\"contentUrl\":\"http:\\\/\\\/www.load.se\\\/wp-content\\\/uploads\\\/2025\\\/10\\\/Load-website-6.png\",\"width\":2160,\"height\":800,\"caption\":\"Load System AB\"},\"image\":{\"@id\":\"https:\\\/\\\/www.load.se\\\/da\\\/#\\\/schema\\\/logo\\\/image\\\/\"},\"sameAs\":[\"https:\\\/\\\/www.linkedin.com\\\/company\\\/load-ab\"]}]}<\/script>\n<!-- \/ Yoast SEO Premium plugin. -->","yoast_head_json":{"title":"IBM FlashSystem \u2013 AI-drevet lagring | LOAD","description":"IBM FlashSystem tilbyder hurtig, sikker og AI-drevet lagring med beskyttelse mod ransomware, h\u00f8j ydeevne og skalerbarhed.","robots":{"index":"index","follow":"follow","max-snippet":"max-snippet:-1","max-image-preview":"max-image-preview:large","max-video-preview":"max-video-preview:-1"},"canonical":"https:\/\/www.load.se\/da\/ibm-flashsystem\/","og_locale":"da_DK","og_type":"article","og_title":"IBM FlashSystem","og_description":"IBM FlashSystem tilbyder hurtig, sikker og AI-drevet lagring med beskyttelse mod ransomware, h\u00f8j ydeevne og skalerbarhed.","og_url":"https:\/\/www.load.se\/da\/ibm-flashsystem\/","og_site_name":"Load System AB","article_modified_time":"2026-04-04T05:49:20+00:00","og_image":[{"width":1080,"height":1080,"url":"https:\/\/www.load.se\/wp-content\/uploads\/2025\/10\/FSFamily.webp","type":"image\/webp"}],"twitter_card":"summary_large_image","twitter_misc":{"Estimeret l\u00e6setid":"7 minutter"},"schema":{"@context":"https:\/\/schema.org","@graph":[{"@type":"WebPage","@id":"https:\/\/www.load.se\/da\/ibm-flashsystem\/","url":"https:\/\/www.load.se\/da\/ibm-flashsystem\/","name":"IBM FlashSystem \u2013 AI-drevet lagring | LOAD","isPartOf":{"@id":"https:\/\/www.load.se\/da\/#website"},"primaryImageOfPage":{"@id":"https:\/\/www.load.se\/da\/ibm-flashsystem\/#primaryimage"},"image":{"@id":"https:\/\/www.load.se\/da\/ibm-flashsystem\/#primaryimage"},"thumbnailUrl":"https:\/\/www.load.se\/wp-content\/uploads\/2025\/10\/FSFamily.webp","datePublished":"2025-10-11T02:51:04+00:00","dateModified":"2026-04-04T05:49:20+00:00","description":"IBM FlashSystem tilbyder hurtig, sikker og AI-drevet lagring med beskyttelse mod ransomware, h\u00f8j ydeevne og skalerbarhed.","breadcrumb":{"@id":"https:\/\/www.load.se\/da\/ibm-flashsystem\/#breadcrumb"},"inLanguage":"da-DK","potentialAction":[{"@type":"ReadAction","target":["https:\/\/www.load.se\/da\/ibm-flashsystem\/"]}]},{"@type":"ImageObject","inLanguage":"da-DK","@id":"https:\/\/www.load.se\/da\/ibm-flashsystem\/#primaryimage","url":"https:\/\/www.load.se\/wp-content\/uploads\/2025\/10\/FSFamily.webp","contentUrl":"https:\/\/www.load.se\/wp-content\/uploads\/2025\/10\/FSFamily.webp","width":1080,"height":1080},{"@type":"BreadcrumbList","@id":"https:\/\/www.load.se\/da\/ibm-flashsystem\/#breadcrumb","itemListElement":[{"@type":"ListItem","position":1,"name":"Home","item":"https:\/\/www.load.se\/da\/"},{"@type":"ListItem","position":2,"name":"IBM FlashSystem"}]},{"@type":"WebSite","@id":"https:\/\/www.load.se\/da\/#website","url":"https:\/\/www.load.se\/da\/","name":"Load System AB","description":"","publisher":{"@id":"https:\/\/www.load.se\/da\/#organization"},"potentialAction":[{"@type":"SearchAction","target":{"@type":"EntryPoint","urlTemplate":"https:\/\/www.load.se\/da\/?s={search_term_string}"},"query-input":{"@type":"PropertyValueSpecification","valueRequired":true,"valueName":"search_term_string"}}],"inLanguage":"da-DK"},{"@type":"Organization","@id":"https:\/\/www.load.se\/da\/#organization","name":"Load System AB","url":"https:\/\/www.load.se\/da\/","logo":{"@type":"ImageObject","inLanguage":"da-DK","@id":"https:\/\/www.load.se\/da\/#\/schema\/logo\/image\/","url":"http:\/\/www.load.se\/wp-content\/uploads\/2025\/10\/Load-website-6.png","contentUrl":"http:\/\/www.load.se\/wp-content\/uploads\/2025\/10\/Load-website-6.png","width":2160,"height":800,"caption":"Load System AB"},"image":{"@id":"https:\/\/www.load.se\/da\/#\/schema\/logo\/image\/"},"sameAs":["https:\/\/www.linkedin.com\/company\/load-ab"]}]}},"_links":{"self":[{"href":"https:\/\/www.load.se\/da\/wp-json\/wp\/v2\/pages\/1170","targetHints":{"allow":["GET"]}}],"collection":[{"href":"https:\/\/www.load.se\/da\/wp-json\/wp\/v2\/pages"}],"about":[{"href":"https:\/\/www.load.se\/da\/wp-json\/wp\/v2\/types\/page"}],"author":[{"embeddable":true,"href":"https:\/\/www.load.se\/da\/wp-json\/wp\/v2\/users\/1"}],"replies":[{"embeddable":true,"href":"https:\/\/www.load.se\/da\/wp-json\/wp\/v2\/comments?post=1170"}],"version-history":[{"count":26,"href":"https:\/\/www.load.se\/da\/wp-json\/wp\/v2\/pages\/1170\/revisions"}],"predecessor-version":[{"id":3388,"href":"https:\/\/www.load.se\/da\/wp-json\/wp\/v2\/pages\/1170\/revisions\/3388"}],"wp:featuredmedia":[{"embeddable":true,"href":"https:\/\/www.load.se\/da\/wp-json\/wp\/v2\/media\/1171"}],"wp:attachment":[{"href":"https:\/\/www.load.se\/da\/wp-json\/wp\/v2\/media?parent=1170"}],"curies":[{"name":"wp","href":"https:\/\/api.w.org\/{rel}","templated":true}]}}