{"id":1174,"date":"2025-10-11T18:39:22","date_gmt":"2025-10-11T16:39:22","guid":{"rendered":"http:\/\/www.load.se\/ibm-power\/"},"modified":"2026-04-04T08:00:59","modified_gmt":"2026-04-04T06:00:59","slug":"ibm-power","status":"publish","type":"page","link":"https:\/\/www.load.se\/da\/ibm-power\/","title":{"rendered":"IBM Power"},"content":{"rendered":"<p>[et_pb_section fb_built=&#8221;1&#8243; admin_label=&#8221;Header&#8221; _builder_version=&#8221;4.23.2&#8243; _module_preset=&#8221;default&#8221; custom_padding=&#8221;0px||0px||true|false&#8221; collapsed=&#8221;on&#8221; global_colors_info=&#8221;{}&#8221;][et_pb_row column_structure=&#8221;1_3,2_3&#8243; use_custom_gutter=&#8221;on&#8221; gutter_width=&#8221;1&#8243; make_equal=&#8221;on&#8221; _builder_version=&#8221;4.27.4&#8243; _module_preset=&#8221;default&#8221; width=&#8221;100%&#8221; max_width=&#8221;none&#8221; custom_padding=&#8221;0px||0px||true|false&#8221; locked=&#8221;off&#8221; global_colors_info=&#8221;{}&#8221;][et_pb_column type=&#8221;1_3&#8243; _builder_version=&#8221;4.27.4&#8243; _module_preset=&#8221;default&#8221; background_image=&#8221;https:\/\/www.load.se\/wp-content\/uploads\/2025\/10\/Power11Blue.png&#8221; custom_padding=&#8221;|0px|||false|false&#8221; global_colors_info=&#8221;{}&#8221;][\/et_pb_column][et_pb_column type=&#8221;2_3&#8243; _builder_version=&#8221;4.27.4&#8243; _module_preset=&#8221;default&#8221; background_color=&#8221;gcid-c99e8569-e73a-4475-92a4-a1a7fec8f2cc&#8221; use_background_color_gradient=&#8221;on&#8221; background_color_gradient_type=&#8221;conic&#8221; background_color_gradient_direction=&#8221;140deg&#8221; background_color_gradient_stops=&#8221;rgba(255,255,255,0) 0%|rgba(255,255,255,0) 50%|rgba(255,255,255,0.2) 100%&#8221; custom_padding=&#8221;10%|10%|10%|10%|true|true&#8221; global_colors_info=&#8221;{%22gcid-c99e8569-e73a-4475-92a4-a1a7fec8f2cc%22:%91%22background_color%22%93}&#8221;][et_pb_text _builder_version=&#8221;4.27.4&#8243; _module_preset=&#8221;_initial&#8221; header_text_color=&#8221;#FFFFFF&#8221; header_font_size=&#8221;32px&#8221; header_line_height=&#8221;1.2em&#8221; header_font_size_tablet=&#8221;40px&#8221; header_font_size_phone=&#8221;24px&#8221; header_font_size_last_edited=&#8221;on|desktop&#8221; global_colors_info=&#8221;{}&#8221;]<\/p>\n<h1>IBM Power11<\/h1>\n<p>[\/et_pb_text][et_pb_text _builder_version=&#8221;4.27.4&#8243; _module_preset=&#8221;_initial&#8221; text_text_color=&#8221;#FFFFFF&#8221; header_5_font=&#8221;\u2013et_global_heading_font|300|||||||&#8221; header_5_text_color=&#8221;#FFFFFF&#8221; header_5_font_size=&#8221;14px&#8221; header_5_line_height=&#8221;1.6em&#8221; background_layout=&#8221;dark&#8221; max_width=&#8221;600px&#8221; custom_padding=&#8221;||32px|||&#8221; header_5_font_size_tablet=&#8221;16px&#8221; header_5_font_size_phone=&#8221;14px&#8221; header_5_font_size_last_edited=&#8221;on|desktop&#8221; global_colors_info=&#8221;{%22gcid-secondary-color%22:%91%22header_text_color%22%93}&#8221;]<\/p>\n<h3>N\u00e6ste generations platform til forretningskritiske systemer<\/h3>\n<p>N\u00e5r kravene til skalerbarhed, sikkerhed og tilg\u00e6ngelighed stiger, er der behov for en infrastruktur, der kan levere \u2014 uden kompromiser.<br data-start=\"461\" data-end=\"464\"><strong data-start=\"464\" data-end=\"479\">IBM Power11<\/strong>, den nyeste generation i Power-familien, er bygget til AI-\u00e6raen og leverer markedsledende ydeevne, p\u00e5lidelighed og energieffektivitet til moderne virksomheder<\/p>\n<p>[\/et_pb_text][\/et_pb_column][\/et_pb_row][\/et_pb_section][et_pb_section fb_built=&#8221;1&#8243; admin_label=&#8221;Project Info&#8221; _builder_version=&#8221;4.27.4&#8243; _module_preset=&#8221;default&#8221; background_color=&#8221;#FFFFFF&#8221; locked=&#8221;off&#8221; collapsed=&#8221;on&#8221; global_colors_info=&#8221;{}&#8221;][et_pb_row column_structure=&#8221;1_3,2_3&#8243; _builder_version=&#8221;4.27.4&#8243; _module_preset=&#8221;default&#8221; global_colors_info=&#8221;{}&#8221;][et_pb_column type=&#8221;1_3&#8243; _builder_version=&#8221;4.23.2&#8243; _module_preset=&#8221;default&#8221; global_colors_info=&#8221;{}&#8221;][et_pb_text _builder_version=&#8221;4.27.4&#8243; _module_preset=&#8221;_initial&#8221; text_font=&#8221;\u2013et_global_heading_font|300|||||||&#8221; header_2_font=&#8221;\u2013et_global_heading_font|300|||||||&#8221; header_2_text_color=&#8221;gcid-secondary-color&#8221; header_2_font_size=&#8221;32px&#8221; header_2_line_height=&#8221;1.3em&#8221; custom_margin=&#8221;|-9px|10px||false|false&#8221; header_2_font_size_tablet=&#8221;32px&#8221; header_2_font_size_phone=&#8221;20px&#8221; header_2_font_size_last_edited=&#8221;on|desktop&#8221; global_colors_info=&#8221;{%22gcid-primary-color%22:%91%22text_text_color%22%93,%22gcid-secondary-color%22:%91%22header_text_color%22,%22header_2_text_color%22%93}&#8221;]<\/p>\n<h2>Ydeevne til fremtidens arbejdsbelastninger<\/h2>\n<p>[\/et_pb_text][et_pb_divider _builder_version=&#8221;4.27.4&#8243; _module_preset=&#8221;default&#8221; global_colors_info=&#8221;{}&#8221;][\/et_pb_divider][et_pb_blurb title=&#8221;Download produktarket for IBM Power11&#8243; use_icon=&#8221;on&#8221; font_icon=&#8221;&#xf56d;||fa||900&#8243; icon_color=&#8221;gcid-secondary-color&#8221; icon_placement=&#8221;left&#8221; _builder_version=&#8221;4.27.4&#8243; _dynamic_attributes=&#8221;link_option_url&#8221; _module_preset=&#8221;default&#8221; link_option_url=&#8221;@ET-DC@eyJkeW5hbWljIjp0cnVlLCJjb250ZW50IjoicG9zdF9saW5rX3VybF9hdHRhY2htZW50Iiwic2V0dGluZ3MiOnsicG9zdF9pZCI6IjU0MCJ9fQ==@&#8221; hover_enabled=&#8221;0&#8243; global_colors_info=&#8221;{%22gcid-secondary-color%22:%91%22icon_color%22%93}&#8221; link_option_url_new_window=&#8221;on&#8221; sticky_enabled=&#8221;0&#8243;]<\/p>\n<p>Udforsk hele IBM Power11-familien \u2013 fra kompakte systemer til enterprise-servere med AI-acceleration, 99,9999 % tilg\u00e6ngelighed og kvantesikker kryptering.<\/p>\n<p>[\/et_pb_blurb][\/et_pb_column][et_pb_column type=&#8221;2_3&#8243; _builder_version=&#8221;4.23.2&#8243; _module_preset=&#8221;default&#8221; global_colors_info=&#8221;{}&#8221;][et_pb_text _builder_version=&#8221;4.27.4&#8243; _module_preset=&#8221;_initial&#8221; text_font_size=&#8221;15px&#8221; text_line_height=&#8221;1.8em&#8221; text_font_size_tablet=&#8221;15px&#8221; text_font_size_phone=&#8221;14px&#8221; text_font_size_last_edited=&#8221;on|desktop&#8221; global_colors_info=&#8221;{}&#8221;]<\/p>\n<p>Med op til <strong data-start=\"800\" data-end=\"814\">256 kerner<\/strong>, <strong data-start=\"816\" data-end=\"848\">DDR5-hukommelse p\u00e5 op til 64 TB<\/strong> og <strong data-start=\"853\" data-end=\"890\">op til 55% h\u00f8jere kerneydeevne<\/strong> end den foreg\u00e5ende generation tilbyder Power11 en platform, der h\u00e5ndterer alt fra databasedrevne applikationer til AI og avanceret analyse.<br data-start=\"1026\" data-end=\"1029\">Den nye <strong data-start=\"1037\" data-end=\"1063\">IBM Spyre-accelerator<\/strong> giver desuden hardwarebaseret AI-acceleration til inferens og hybrid-cloudmilj\u00f8er.<\/p>\n<p>[\/et_pb_text][et_pb_text _builder_version=&#8221;4.27.4&#8243; _module_preset=&#8221;_initial&#8221; header_4_font=&#8221;Space Grotesk|500|||||||&#8221; header_4_text_color=&#8221;#000000&#8243; header_4_font_size=&#8221;24px&#8221; header_4_line_height=&#8221;1.5em&#8221; custom_margin=&#8221;||0px||false|false&#8221; header_4_font_size_tablet=&#8221;16px&#8221; header_4_font_size_phone=&#8221;15px&#8221; header_4_font_size_last_edited=&#8221;on|desktop&#8221; global_colors_info=&#8221;{}&#8221;]<\/p>\n<h1>Kvantsikkerhed og cyberresiliens<\/h1>\n<p>[\/et_pb_text][et_pb_text _builder_version=&#8221;4.27.4&#8243; _module_preset=&#8221;_initial&#8221; text_font_size=&#8221;15px&#8221; text_line_height=&#8221;1.8em&#8221; text_font_size_tablet=&#8221;15px&#8221; text_font_size_phone=&#8221;14px&#8221; text_font_size_last_edited=&#8221;on|phone&#8221; global_colors_info=&#8221;{}&#8221;]<\/p>\n<p data-start=\"1271\" data-end=\"1644\">IBM Power11 leverer <strong data-start=\"1293\" data-end=\"1321\">99,9999% tilg\u00e6ngelighed<\/strong> og <strong data-start=\"1326\" data-end=\"1378\">mindre end \u00e9t minuts detektionstid for ransomware<\/strong> via integreret <strong data-start=\"1396\" data-end=\"1421\">IBM Power Cyber Vault<\/strong>.<br data-start=\"1422\" data-end=\"1425\">Platformen anvender <strong data-start=\"1446\" data-end=\"1484\">NIST-godkendt kvantesikker kryptering<\/strong> og <strong data-start=\"1489\" data-end=\"1512\">immutable snapshots<\/strong> til at beskytte mod fremtidige trusler, herunder s\u00e5kaldte <em data-start=\"1567\" data-end=\"1595\">harvest-now, decrypt-later<\/em>-angreb.<\/p>\n<p data-start=\"1646\" data-end=\"1810\">Med <strong data-start=\"1650\" data-end=\"1676\">autonome opdateringer<\/strong> og <strong data-start=\"1681\" data-end=\"1708\">selvhelbredende arkitektur<\/strong> kan systemet vedligeholdes uden planlagte nedetider \u2013 hvilket betyder, at virksomheden altid k\u00f8rer.<\/p>\n<p>[\/et_pb_text][et_pb_text _builder_version=&#8221;4.27.4&#8243; _module_preset=&#8221;_initial&#8221; header_4_font=&#8221;Space Grotesk|500|||||||&#8221; header_4_text_color=&#8221;#000000&#8243; header_4_font_size=&#8221;24px&#8221; header_4_line_height=&#8221;1.5em&#8221; custom_margin=&#8221;||0px||false|false&#8221; header_4_font_size_tablet=&#8221;16px&#8221; header_4_font_size_phone=&#8221;15px&#8221; header_4_font_size_last_edited=&#8221;on|desktop&#8221; global_colors_info=&#8221;{}&#8221;]<\/p>\n<h1>AI-klar fra grunden<\/h1>\n<p>[\/et_pb_text][et_pb_text _builder_version=&#8221;4.27.4&#8243; _module_preset=&#8221;_initial&#8221; text_font_size=&#8221;15px&#8221; text_line_height=&#8221;1.8em&#8221; text_font_size_tablet=&#8221;15px&#8221; text_font_size_phone=&#8221;14px&#8221; text_font_size_last_edited=&#8221;on|desktop&#8221; global_colors_info=&#8221;{}&#8221;]<\/p>\n<p>Power11 er bygget til at k\u00f8re <strong data-start=\"1880\" data-end=\"1930\">AI-arbejdsbelastninger direkte i infrastrukturen<\/strong>.<br data-start=\"1931\" data-end=\"1934\">Med <strong data-start=\"1938\" data-end=\"1962\">Red Hat OpenShift AI<\/strong>, <strong data-start=\"1964\" data-end=\"1980\">watsonx.data<\/strong> og <strong data-start=\"1985\" data-end=\"2017\">watsonx Code Assistant for i<\/strong> kan virksomheder modernisere deres forretningssystemer, automatisere kodeudvikling og drage fordel af AI-drevne indsigter \u2014 uden at forlade den sikre Power-platform<\/p>\n<p>[\/et_pb_text][et_pb_image src=&#8221;http:\/\/www.load.se\/wp-content\/uploads\/2025\/10\/Power11-Launch-SocialKit-1.png&#8221; title_text=&#8221;Power11-Launch-SocialKit&#8221; _builder_version=&#8221;4.27.4&#8243; _module_preset=&#8221;default&#8221; global_colors_info=&#8221;{}&#8221;][\/et_pb_image][et_pb_text _builder_version=&#8221;4.27.4&#8243; _module_preset=&#8221;_initial&#8221; header_4_font=&#8221;Space Grotesk|500|||||||&#8221; header_4_text_color=&#8221;#000000&#8243; header_4_font_size=&#8221;24px&#8221; header_4_line_height=&#8221;1.5em&#8221; custom_margin=&#8221;||0px||false|false&#8221; header_4_font_size_tablet=&#8221;16px&#8221; header_4_font_size_phone=&#8221;15px&#8221; header_4_font_size_last_edited=&#8221;on|desktop&#8221; global_colors_info=&#8221;{}&#8221;]<\/p>\n<h1>Energieffektiv og b\u00e6redygtig drift<\/h1>\n<p>[\/et_pb_text][et_pb_text _builder_version=&#8221;4.27.4&#8243; _module_preset=&#8221;_initial&#8221; text_font_size=&#8221;15px&#8221; text_line_height=&#8221;1.8em&#8221; text_font_size_tablet=&#8221;15px&#8221; text_font_size_phone=&#8221;14px&#8221; text_font_size_last_edited=&#8221;on|desktop&#8221; global_colors_info=&#8221;{}&#8221;]<\/p>\n<p>Med den nye <strong data-start=\"2269\" data-end=\"2294\">Energy Efficient Mode<\/strong> bruger Power11 op til <strong data-start=\"2322\" data-end=\"2344\">28% mindre energi<\/strong> og leverer <strong data-start=\"2359\" data-end=\"2396\">dobbelt s\u00e5 h\u00f8j ydeevne pr. watt<\/strong> som sammenlignelige x86-systemer.<br data-start=\"2423\" data-end=\"2426\">Avancerede k\u00f8lesystemer og 2.5D-stacket kondensatorteknologi reducerer b\u00e5de varme og energitab, hvilket g\u00f8r Power11 til en af markedets mest b\u00e6redygtige serverplatforme.<\/p>\n<p>[\/et_pb_text][et_pb_text _builder_version=&#8221;4.27.4&#8243; _module_preset=&#8221;_initial&#8221; header_4_font=&#8221;Space Grotesk|500|||||||&#8221; header_4_text_color=&#8221;#000000&#8243; header_4_font_size=&#8221;24px&#8221; header_4_line_height=&#8221;1.5em&#8221; custom_margin=&#8221;||0px||false|false&#8221; header_4_font_size_tablet=&#8221;16px&#8221; header_4_font_size_phone=&#8221;15px&#8221; header_4_font_size_last_edited=&#8221;on|desktop&#8221; global_colors_info=&#8221;{}&#8221;]<\/p>\n<h1>Fleksibel kapacitet og hybrid cloud<\/h1>\n<p>[\/et_pb_text][et_pb_text _builder_version=&#8221;4.27.4&#8243; _module_preset=&#8221;_initial&#8221; text_font_size=&#8221;15px&#8221; text_line_height=&#8221;1.8em&#8221; text_font_size_tablet=&#8221;15px&#8221; text_font_size_phone=&#8221;14px&#8221; text_font_size_last_edited=&#8221;on|desktop&#8221; global_colors_info=&#8221;{}&#8221;]<\/p>\n<p data-start=\"2694\" data-end=\"2751\">Power11 integreres problemfrit med <strong data-start=\"2715\" data-end=\"2745\">Power Enterprise Pools 2.0<\/strong> og <strong data-start=\"2750\" data-end=\"2778\">IBM Power Virtual Server<\/strong> \u2013 hvilket giver cloudlignende fleksibilitet med fuld kontrol over data.<br data-start=\"2841\" data-end=\"2844\">Ressourcer kan deles p\u00e5 tv\u00e6rs af op til 96 systemer og afregnes <strong data-start=\"2901\" data-end=\"2914\">pr. minut<\/strong>, hvilket s\u00e6nker omkostningerne og muligg\u00f8r smidig skalering mellem on-prem og IBM Cloud.<\/p>\n<p>[\/et_pb_text][\/et_pb_column][\/et_pb_row][et_pb_row column_structure=&#8221;1_3,2_3&#8243; _builder_version=&#8221;4.27.4&#8243; _module_preset=&#8221;default&#8221; custom_margin=&#8221;100px||||false|false&#8221; custom_margin_tablet=&#8221;60px||||false|false&#8221; custom_margin_phone=&#8221;60px||||false|false&#8221; custom_margin_last_edited=&#8221;on|phone&#8221; global_module=&#8221;644&#8243; global_colors_info=&#8221;{}&#8221;][et_pb_column type=&#8221;1_3&#8243; _builder_version=&#8221;4.27.4&#8243; _module_preset=&#8221;default&#8221; global_colors_info=&#8221;{}&#8221;][et_pb_text _builder_version=&#8221;4.27.4&#8243; _module_preset=&#8221;_initial&#8221; header_2_font=&#8221;Space Grotesk|500|||||||&#8221; header_2_text_color=&#8221;#000000&#8243; header_2_font_size=&#8221;52px&#8221; header_2_line_height=&#8221;1.3em&#8221; custom_margin=&#8221;||10px||false|false&#8221; header_2_font_size_tablet=&#8221;32px&#8221; header_2_font_size_phone=&#8221;20px&#8221; header_2_font_size_last_edited=&#8221;on|desktop&#8221; global_colors_info=&#8221;{}&#8221;]<\/p>\n<h1>Hvorfor LOAD<\/h1>\n<p>[\/et_pb_text][\/et_pb_column][et_pb_column type=&#8221;2_3&#8243; _builder_version=&#8221;4.23.2&#8243; _module_preset=&#8221;default&#8221; global_colors_info=&#8221;{}&#8221;][et_pb_text _builder_version=&#8221;4.27.4&#8243; _module_preset=&#8221;_initial&#8221; text_font_size=&#8221;15px&#8221; text_line_height=&#8221;1.8em&#8221; text_font_size_tablet=&#8221;15px&#8221; text_font_size_phone=&#8221;14px&#8221; text_font_size_last_edited=&#8221;on|desktop&#8221; global_colors_info=&#8221;{}&#8221;]<\/p>\n<p>Som IBM Platinum Partner hj\u00e6lper LOAD svenske virksomheder med at implementere l\u00f8sninger, der matcher deres behov for ydeevne, sikkerhed og enkel drift.<br \/>Vi tilbyder r\u00e5dgivning, design, implementering og proaktiv support \u2013 s\u00e5 du kan fokusere p\u00e5 forretningen i stedet for infrastrukturen.<\/p>\n<p>[\/et_pb_text][\/et_pb_column][\/et_pb_row][\/et_pb_section]<\/p>\n","protected":false},"excerpt":{"rendered":"<p>IBM Power11N\u00e6ste generations platform til forretningskritiske systemer N\u00e5r kravene til skalerbarhed, sikkerhed og tilg\u00e6ngelighed stiger, er der behov for en infrastruktur, der kan levere \u2014 uden kompromiser.IBM Power11, den nyeste generation i Power-familien, er bygget til AI-\u00e6raen og leverer markedsledende ydeevne, p\u00e5lidelighed og energieffektivitet til moderne virksomhederYdeevne til fremtidens arbejdsbelastningerUdforsk hele IBM Power11-familien \u2013 fra [&hellip;]<\/p>\n","protected":false},"author":1,"featured_media":0,"parent":0,"menu_order":0,"comment_status":"closed","ping_status":"closed","template":"","meta":{"_et_pb_use_builder":"on","_et_pb_old_content":"","_et_gb_content_width":"","footnotes":""},"class_list":["post-1174","page","type-page","status-publish","hentry"],"yoast_head":"<!-- This site is optimized with the Yoast SEO Premium plugin v27.2 (Yoast SEO v27.4) - https:\/\/yoast.com\/product\/yoast-seo-premium-wordpress\/ -->\n<title>IBM Power \u2013 ydeevne til kritiske systemer | LOAD<\/title>\n<meta name=\"description\" content=\"IBM Power leverer h\u00f8j ydeevne, sikkerhed og tilg\u00e6ngelighed til forretningskritiske systemer, databaser og AI-drevne arbejdsbelastninger.\" \/>\n<meta name=\"robots\" content=\"index, follow, max-snippet:-1, max-image-preview:large, max-video-preview:-1\" \/>\n<link rel=\"canonical\" href=\"https:\/\/www.load.se\/da\/ibm-power\/\" \/>\n<meta property=\"og:locale\" content=\"da_DK\" \/>\n<meta property=\"og:type\" content=\"article\" \/>\n<meta property=\"og:title\" content=\"IBM Power\" \/>\n<meta property=\"og:description\" content=\"IBM Power leverer h\u00f8j ydeevne, sikkerhed og tilg\u00e6ngelighed til forretningskritiske systemer, databaser og AI-drevne arbejdsbelastninger.\" \/>\n<meta property=\"og:url\" content=\"https:\/\/www.load.se\/da\/ibm-power\/\" \/>\n<meta property=\"og:site_name\" content=\"Load System AB\" \/>\n<meta property=\"article:modified_time\" content=\"2026-04-04T06:00:59+00:00\" \/>\n<meta name=\"twitter:card\" content=\"summary_large_image\" \/>\n<meta name=\"twitter:label1\" content=\"Estimeret l\u00e6setid\" \/>\n\t<meta name=\"twitter:data1\" content=\"7 minutter\" \/>\n<script type=\"application\/ld+json\" class=\"yoast-schema-graph\">{\"@context\":\"https:\\\/\\\/schema.org\",\"@graph\":[{\"@type\":\"WebPage\",\"@id\":\"https:\\\/\\\/www.load.se\\\/da\\\/ibm-power\\\/\",\"url\":\"https:\\\/\\\/www.load.se\\\/da\\\/ibm-power\\\/\",\"name\":\"IBM Power \u2013 ydeevne til kritiske systemer | LOAD\",\"isPartOf\":{\"@id\":\"https:\\\/\\\/www.load.se\\\/da\\\/#website\"},\"datePublished\":\"2025-10-11T16:39:22+00:00\",\"dateModified\":\"2026-04-04T06:00:59+00:00\",\"description\":\"IBM Power leverer h\u00f8j ydeevne, sikkerhed og tilg\u00e6ngelighed til forretningskritiske systemer, databaser og AI-drevne arbejdsbelastninger.\",\"breadcrumb\":{\"@id\":\"https:\\\/\\\/www.load.se\\\/da\\\/ibm-power\\\/#breadcrumb\"},\"inLanguage\":\"da-DK\",\"potentialAction\":[{\"@type\":\"ReadAction\",\"target\":[\"https:\\\/\\\/www.load.se\\\/da\\\/ibm-power\\\/\"]}]},{\"@type\":\"BreadcrumbList\",\"@id\":\"https:\\\/\\\/www.load.se\\\/da\\\/ibm-power\\\/#breadcrumb\",\"itemListElement\":[{\"@type\":\"ListItem\",\"position\":1,\"name\":\"Home\",\"item\":\"https:\\\/\\\/www.load.se\\\/da\\\/\"},{\"@type\":\"ListItem\",\"position\":2,\"name\":\"IBM Power\"}]},{\"@type\":\"WebSite\",\"@id\":\"https:\\\/\\\/www.load.se\\\/da\\\/#website\",\"url\":\"https:\\\/\\\/www.load.se\\\/da\\\/\",\"name\":\"Load System AB\",\"description\":\"\",\"publisher\":{\"@id\":\"https:\\\/\\\/www.load.se\\\/da\\\/#organization\"},\"potentialAction\":[{\"@type\":\"SearchAction\",\"target\":{\"@type\":\"EntryPoint\",\"urlTemplate\":\"https:\\\/\\\/www.load.se\\\/da\\\/?s={search_term_string}\"},\"query-input\":{\"@type\":\"PropertyValueSpecification\",\"valueRequired\":true,\"valueName\":\"search_term_string\"}}],\"inLanguage\":\"da-DK\"},{\"@type\":\"Organization\",\"@id\":\"https:\\\/\\\/www.load.se\\\/da\\\/#organization\",\"name\":\"Load System AB\",\"url\":\"https:\\\/\\\/www.load.se\\\/da\\\/\",\"logo\":{\"@type\":\"ImageObject\",\"inLanguage\":\"da-DK\",\"@id\":\"https:\\\/\\\/www.load.se\\\/da\\\/#\\\/schema\\\/logo\\\/image\\\/\",\"url\":\"http:\\\/\\\/www.load.se\\\/wp-content\\\/uploads\\\/2025\\\/10\\\/Load-website-6.png\",\"contentUrl\":\"http:\\\/\\\/www.load.se\\\/wp-content\\\/uploads\\\/2025\\\/10\\\/Load-website-6.png\",\"width\":2160,\"height\":800,\"caption\":\"Load System AB\"},\"image\":{\"@id\":\"https:\\\/\\\/www.load.se\\\/da\\\/#\\\/schema\\\/logo\\\/image\\\/\"},\"sameAs\":[\"https:\\\/\\\/www.linkedin.com\\\/company\\\/load-ab\"]}]}<\/script>\n<!-- \/ Yoast SEO Premium plugin. -->","yoast_head_json":{"title":"IBM Power \u2013 ydeevne til kritiske systemer | LOAD","description":"IBM Power leverer h\u00f8j ydeevne, sikkerhed og tilg\u00e6ngelighed til forretningskritiske systemer, databaser og AI-drevne arbejdsbelastninger.","robots":{"index":"index","follow":"follow","max-snippet":"max-snippet:-1","max-image-preview":"max-image-preview:large","max-video-preview":"max-video-preview:-1"},"canonical":"https:\/\/www.load.se\/da\/ibm-power\/","og_locale":"da_DK","og_type":"article","og_title":"IBM Power","og_description":"IBM Power leverer h\u00f8j ydeevne, sikkerhed og tilg\u00e6ngelighed til forretningskritiske systemer, databaser og AI-drevne arbejdsbelastninger.","og_url":"https:\/\/www.load.se\/da\/ibm-power\/","og_site_name":"Load System AB","article_modified_time":"2026-04-04T06:00:59+00:00","twitter_card":"summary_large_image","twitter_misc":{"Estimeret l\u00e6setid":"7 minutter"},"schema":{"@context":"https:\/\/schema.org","@graph":[{"@type":"WebPage","@id":"https:\/\/www.load.se\/da\/ibm-power\/","url":"https:\/\/www.load.se\/da\/ibm-power\/","name":"IBM Power \u2013 ydeevne til kritiske systemer | LOAD","isPartOf":{"@id":"https:\/\/www.load.se\/da\/#website"},"datePublished":"2025-10-11T16:39:22+00:00","dateModified":"2026-04-04T06:00:59+00:00","description":"IBM Power leverer h\u00f8j ydeevne, sikkerhed og tilg\u00e6ngelighed til forretningskritiske systemer, databaser og AI-drevne arbejdsbelastninger.","breadcrumb":{"@id":"https:\/\/www.load.se\/da\/ibm-power\/#breadcrumb"},"inLanguage":"da-DK","potentialAction":[{"@type":"ReadAction","target":["https:\/\/www.load.se\/da\/ibm-power\/"]}]},{"@type":"BreadcrumbList","@id":"https:\/\/www.load.se\/da\/ibm-power\/#breadcrumb","itemListElement":[{"@type":"ListItem","position":1,"name":"Home","item":"https:\/\/www.load.se\/da\/"},{"@type":"ListItem","position":2,"name":"IBM Power"}]},{"@type":"WebSite","@id":"https:\/\/www.load.se\/da\/#website","url":"https:\/\/www.load.se\/da\/","name":"Load System AB","description":"","publisher":{"@id":"https:\/\/www.load.se\/da\/#organization"},"potentialAction":[{"@type":"SearchAction","target":{"@type":"EntryPoint","urlTemplate":"https:\/\/www.load.se\/da\/?s={search_term_string}"},"query-input":{"@type":"PropertyValueSpecification","valueRequired":true,"valueName":"search_term_string"}}],"inLanguage":"da-DK"},{"@type":"Organization","@id":"https:\/\/www.load.se\/da\/#organization","name":"Load System AB","url":"https:\/\/www.load.se\/da\/","logo":{"@type":"ImageObject","inLanguage":"da-DK","@id":"https:\/\/www.load.se\/da\/#\/schema\/logo\/image\/","url":"http:\/\/www.load.se\/wp-content\/uploads\/2025\/10\/Load-website-6.png","contentUrl":"http:\/\/www.load.se\/wp-content\/uploads\/2025\/10\/Load-website-6.png","width":2160,"height":800,"caption":"Load System AB"},"image":{"@id":"https:\/\/www.load.se\/da\/#\/schema\/logo\/image\/"},"sameAs":["https:\/\/www.linkedin.com\/company\/load-ab"]}]}},"_links":{"self":[{"href":"https:\/\/www.load.se\/da\/wp-json\/wp\/v2\/pages\/1174","targetHints":{"allow":["GET"]}}],"collection":[{"href":"https:\/\/www.load.se\/da\/wp-json\/wp\/v2\/pages"}],"about":[{"href":"https:\/\/www.load.se\/da\/wp-json\/wp\/v2\/types\/page"}],"author":[{"embeddable":true,"href":"https:\/\/www.load.se\/da\/wp-json\/wp\/v2\/users\/1"}],"replies":[{"embeddable":true,"href":"https:\/\/www.load.se\/da\/wp-json\/wp\/v2\/comments?post=1174"}],"version-history":[{"count":15,"href":"https:\/\/www.load.se\/da\/wp-json\/wp\/v2\/pages\/1174\/revisions"}],"predecessor-version":[{"id":3440,"href":"https:\/\/www.load.se\/da\/wp-json\/wp\/v2\/pages\/1174\/revisions\/3440"}],"wp:attachment":[{"href":"https:\/\/www.load.se\/da\/wp-json\/wp\/v2\/media?parent=1174"}],"curies":[{"name":"wp","href":"https:\/\/api.w.org\/{rel}","templated":true}]}}