{"id":1184,"date":"2025-10-11T19:20:11","date_gmt":"2025-10-11T17:20:11","guid":{"rendered":"http:\/\/www.load.se\/ibm-linuxone\/"},"modified":"2026-04-04T08:29:36","modified_gmt":"2026-04-04T06:29:36","slug":"ibm-linuxone","status":"publish","type":"page","link":"https:\/\/www.load.se\/da\/ibm-linuxone\/","title":{"rendered":"IBM LinuxONE"},"content":{"rendered":"<p>[et_pb_section fb_built=&#8221;1&#8243; admin_label=&#8221;Header&#8221; _builder_version=&#8221;4.27.4&#8243; _module_preset=&#8221;default&#8221; custom_padding=&#8221;0px||0px||true|false&#8221; collapsed=&#8221;on&#8221; global_colors_info=&#8221;{}&#8221;][et_pb_row column_structure=&#8221;1_3,2_3&#8243; use_custom_gutter=&#8221;on&#8221; gutter_width=&#8221;1&#8243; make_equal=&#8221;on&#8221; _builder_version=&#8221;4.27.4&#8243; _module_preset=&#8221;default&#8221; width=&#8221;100%&#8221; max_width=&#8221;none&#8221; custom_padding=&#8221;0px||0px||true|false&#8221; global_colors_info=&#8221;{}&#8221;][et_pb_column type=&#8221;1_3&#8243; _builder_version=&#8221;4.27.4&#8243; _module_preset=&#8221;default&#8221; background_image=&#8221;https:\/\/www.load.se\/wp-content\/uploads\/2025\/10\/LinuxONE_unbox.webp&#8221; custom_padding=&#8221;|0px|||false|false&#8221; global_colors_info=&#8221;{}&#8221;][\/et_pb_column][et_pb_column type=&#8221;2_3&#8243; _builder_version=&#8221;4.27.4&#8243; _module_preset=&#8221;default&#8221; background_color=&#8221;gcid-c99e8569-e73a-4475-92a4-a1a7fec8f2cc&#8221; use_background_color_gradient=&#8221;on&#8221; background_color_gradient_type=&#8221;conic&#8221; background_color_gradient_direction=&#8221;140deg&#8221; background_color_gradient_stops=&#8221;rgba(255,255,255,0) 0%|rgba(255,255,255,0) 50%|rgba(255,255,255,0.2) 100%&#8221; custom_padding=&#8221;10%|10%|10%|10%|true|true&#8221; global_colors_info=&#8221;{%22gcid-c99e8569-e73a-4475-92a4-a1a7fec8f2cc%22:%91%22background_color%22%93}&#8221;][et_pb_text _builder_version=&#8221;4.27.4&#8243; _module_preset=&#8221;_initial&#8221; header_text_color=&#8221;#FFFFFF&#8221; header_font_size=&#8221;32px&#8221; header_line_height=&#8221;1.2em&#8221; header_font_size_tablet=&#8221;40px&#8221; header_font_size_phone=&#8221;24px&#8221; header_font_size_last_edited=&#8221;on|desktop&#8221; global_colors_info=&#8221;{}&#8221;]<\/p>\n<h1>IBM LinuxONE<\/h1>\n<p>[\/et_pb_text][et_pb_text _builder_version=&#8221;4.27.4&#8243; _module_preset=&#8221;_initial&#8221; text_text_color=&#8221;#FFFFFF&#8221; header_5_font=&#8221;\u2013et_global_heading_font|300|||||||&#8221; header_5_text_color=&#8221;#FFFFFF&#8221; header_5_font_size=&#8221;14px&#8221; header_5_line_height=&#8221;1.6em&#8221; background_layout=&#8221;dark&#8221; max_width=&#8221;600px&#8221; custom_padding=&#8221;||32px|||&#8221; header_5_font_size_tablet=&#8221;16px&#8221; header_5_font_size_phone=&#8221;14px&#8221; header_5_font_size_last_edited=&#8221;on|desktop&#8221; global_colors_info=&#8221;{%22gcid-secondary-color%22:%91%22header_text_color%22%93}&#8221;]<\/p>\n<h3>Sikker, effektiv og bygget til fremtiden<\/h3>\n<p data-start=\"386\" data-end=\"710\">I en tid hvor datam\u00e6ngder vokser, og trusselsbilledet \u00e6ndrer sig dag for dag, er der behov for en platform, der kan h\u00e5ndtere b\u00e5de ydeevne, sikkerhed og b\u00e6redygtighed \u2013 uden kompromiser.<br data-start=\"545\" data-end=\"548\"><strong data-start=\"548\" data-end=\"564\">IBM LinuxONE<\/strong> er den mest moderne og sikre platform til forretningskritiske Linux-applikationer \u2013 bygget til at konsolidere, beskytte og accelerere din IT-drift.<\/p>\n<p data-start=\"712\" data-end=\"967\">Med <strong data-start=\"716\" data-end=\"755\">op til 99,999999 % tilg\u00e6ngelighed<\/strong>, <strong data-start=\"757\" data-end=\"786\">post-kvantesikker kryptering<\/strong> og <strong data-start=\"792\" data-end=\"819\">indbygget AI-acceleration<\/strong> er LinuxONE en unik kombination af innovation, effektivitet og sikkerhed.<\/p>\n<p>[\/et_pb_text][\/et_pb_column][\/et_pb_row][\/et_pb_section][et_pb_section fb_built=&#8221;1&#8243; admin_label=&#8221;Project Info&#8221; _builder_version=&#8221;4.27.4&#8243; _module_preset=&#8221;default&#8221; background_color=&#8221;#FFFFFF&#8221; locked=&#8221;off&#8221; collapsed=&#8221;on&#8221; global_colors_info=&#8221;{}&#8221;][et_pb_row column_structure=&#8221;1_3,2_3&#8243; _builder_version=&#8221;4.27.4&#8243; _module_preset=&#8221;default&#8221; global_colors_info=&#8221;{}&#8221;][et_pb_column type=&#8221;1_3&#8243; _builder_version=&#8221;4.23.2&#8243; _module_preset=&#8221;default&#8221; global_colors_info=&#8221;{}&#8221;][et_pb_text _builder_version=&#8221;4.27.4&#8243; _module_preset=&#8221;_initial&#8221; text_font=&#8221;\u2013et_global_heading_font|300|||||||&#8221; header_2_font=&#8221;\u2013et_global_heading_font|300|||||||&#8221; header_2_text_color=&#8221;gcid-secondary-color&#8221; header_2_font_size=&#8221;32px&#8221; header_2_line_height=&#8221;1.3em&#8221; custom_margin=&#8221;|-9px|10px||false|false&#8221; header_2_font_size_tablet=&#8221;32px&#8221; header_2_font_size_phone=&#8221;20px&#8221; header_2_font_size_last_edited=&#8221;on|desktop&#8221; global_colors_info=&#8221;{%22gcid-primary-color%22:%91%22text_text_color%22%93,%22gcid-secondary-color%22:%91%22header_text_color%22,%22header_2_text_color%22%93}&#8221;]<\/p>\n<h2>Beskyttelse p\u00e5 et nyt niveau \u2013 sikkerhed og integritet i hvert lag<\/h2>\n<p>[\/et_pb_text][et_pb_divider _builder_version=&#8221;4.27.4&#8243; _module_preset=&#8221;default&#8221; global_colors_info=&#8221;{}&#8221;][\/et_pb_divider][et_pb_blurb title=&#8221;Download produktbladet for IBM LinuxONE&#8221; use_icon=&#8221;on&#8221; font_icon=&#8221;&#xf56d;||fa||900&#8243; icon_color=&#8221;gcid-secondary-color&#8221; icon_placement=&#8221;left&#8221; _builder_version=&#8221;4.27.4&#8243; _dynamic_attributes=&#8221;link_option_url&#8221; _module_preset=&#8221;default&#8221; link_option_url=&#8221;@ET-DC@eyJkeW5hbWljIjp0cnVlLCJjb250ZW50IjoicG9zdF9saW5rX3VybF9hdHRhY2htZW50Iiwic2V0dGluZ3MiOnsicG9zdF9pZCI6IjU1MCJ9fQ==@&#8221; global_colors_info=&#8221;{%22gcid-secondary-color%22:%91%22icon_color%22%93}&#8221;]<\/p>\n<p>Udforsk hele IBM Power11-familien \u2013 fra kompakte systemer til enterprise-servere med AI-acceleration, 99,9999 % tilg\u00e6ngelighed og kvantesikker kryptering.<\/p>\n<p>[\/et_pb_blurb][\/et_pb_column][et_pb_column type=&#8221;2_3&#8243; _builder_version=&#8221;4.23.2&#8243; _module_preset=&#8221;default&#8221; global_colors_info=&#8221;{}&#8221;][et_pb_text _builder_version=&#8221;4.27.4&#8243; _module_preset=&#8221;_initial&#8221; text_font_size=&#8221;15px&#8221; text_line_height=&#8221;1.8em&#8221; text_font_size_tablet=&#8221;15px&#8221; text_font_size_phone=&#8221;14px&#8221; text_font_size_last_edited=&#8221;on|desktop&#8221; global_colors_info=&#8221;{}&#8221;]<\/p>\n<p data-start=\"1046\" data-end=\"1287\">LinuxONE er bygget med <strong data-start=\"1068\" data-end=\"1091\">end-to-end-sikkerhed<\/strong> \u2013 fra kernen i processoren til skyen.<br data-start=\"1131\" data-end=\"1134\">Med <strong data-start=\"1138\" data-end=\"1162\">IBM Secure Execution<\/strong> isoleres hver arbejdsbyrde p\u00e5 hardwareniveau, hvilket beskytter mod b\u00e5de eksterne indtr\u00e6ngninger og insider-trusler.<br data-start=\"1261\" data-end=\"1264\">Platformen inkluderer:<\/p>\n<ul data-start=\"1288\" data-end=\"1605\">\n<li data-start=\"1288\" data-end=\"1379\">\n<p data-start=\"1290\" data-end=\"1379\"><strong data-start=\"1290\" data-end=\"1319\">Post-kvantesikker kryptering<\/strong> \u2013 NIST-standardiseret beskyttelsesteknologi mod fremtidige angreb.<\/p>\n<\/li>\n<li data-start=\"1380\" data-end=\"1473\">\n<p data-start=\"1382\" data-end=\"1473\"><strong data-start=\"1382\" data-end=\"1411\">Integrerede kryptomoduler<\/strong> til data i hvile og i bev\u00e6gelse, uden at p\u00e5virke ydeevnen.<\/p>\n<\/li>\n<li data-start=\"1474\" data-end=\"1605\">\n<p data-start=\"1476\" data-end=\"1605\"><strong data-start=\"1476\" data-end=\"1502\">Confidential computing<\/strong> og <strong data-start=\"1507\" data-end=\"1527\">sikker AI-tr\u00e6ning<\/strong>, der beskytter data selv under behandling.<\/p>\n<\/li>\n<\/ul>\n<p data-start=\"1607\" data-end=\"1700\">Resultatet: maksimal integritet for data, applikationer og AI-modeller \u2013 uanset hvor de k\u00f8rer.<\/p>\n<p>[\/et_pb_text][et_pb_text _builder_version=&#8221;4.27.4&#8243; _module_preset=&#8221;_initial&#8221; header_4_font=&#8221;Space Grotesk|500|||||||&#8221; header_4_text_color=&#8221;#000000&#8243; header_4_font_size=&#8221;24px&#8221; header_4_line_height=&#8221;1.5em&#8221; custom_margin=&#8221;||0px||false|false&#8221; header_4_font_size_tablet=&#8221;16px&#8221; header_4_font_size_phone=&#8221;15px&#8221; header_4_font_size_last_edited=&#8221;on|desktop&#8221; global_colors_info=&#8221;{}&#8221;]<\/p>\n<h1>Ydeevne og effektivitet \u2013 mere kraft, f\u00e6rre ressourcer<\/h1>\n<p>[\/et_pb_text][et_pb_text _builder_version=&#8221;4.27.4&#8243; _module_preset=&#8221;_initial&#8221; text_font_size=&#8221;15px&#8221; text_line_height=&#8221;1.8em&#8221; text_font_size_tablet=&#8221;15px&#8221; text_font_size_phone=&#8221;14px&#8221; text_font_size_last_edited=&#8221;on|phone&#8221; global_colors_info=&#8221;{}&#8221;]<\/p>\n<p data-start=\"1775\" data-end=\"2093\">IBM LinuxONE Emperor 5 kan erstatte <strong data-start=\"1810\" data-end=\"1838\">op til 126 x86-servere<\/strong> eller <strong data-start=\"1845\" data-end=\"1862\">5.000+ kerner<\/strong> med en enkelt maskine \u2013 med bibeholdt ydeevne.<br data-start=\"1946\" data-end=\"1949\">Den vertikale arkitektur muligg\u00f8r <strong data-start=\"1986\" data-end=\"2015\">80\u201395 % ressourceudnyttelse<\/strong>, hvilket dramatisk reducerer hardwarebehov, energiomkostninger og licensudgifter.<\/p>\n<p data-start=\"2095\" data-end=\"2165\">If\u00f8lge en uafh\u00e6ngig <strong data-start=\"2115\" data-end=\"2145\">Signal65 TCO-unders\u00f8gelse (2025)<\/strong> leverer LinuxONE:<\/p>\n<ul data-start=\"2166\" data-end=\"2417\">\n<li data-start=\"2166\" data-end=\"2232\">\n<p data-start=\"2168\" data-end=\"2232\"><strong data-start=\"2168\" data-end=\"2201\">44 % lavere totalomkostninger (TCO)<\/strong> sammenlignet med nye x86-servere.<\/p>\n<\/li>\n<li data-start=\"2233\" data-end=\"2292\">\n<p data-start=\"2235\" data-end=\"2292\"><strong data-start=\"2235\" data-end=\"2253\">75 % lavere TCO<\/strong> sammenlignet med \u00e6ldre x86-infrastruktur.<\/p>\n<\/li>\n<li data-start=\"2293\" data-end=\"2339\">\n<p data-start=\"2295\" data-end=\"2339\"><strong data-start=\"2295\" data-end=\"2336\">Op til 94 % lavere softwareomkostninger<\/strong>.<\/p>\n<\/li>\n<li data-start=\"2340\" data-end=\"2417\">\n<p data-start=\"2342\" data-end=\"2417\"><strong data-start=\"2342\" data-end=\"2377\">65-91 % lavere energiforbrug<\/strong>.<\/p>\n<\/li>\n<\/ul>\n<p data-start=\"2419\" data-end=\"2548\">For virksomheder, der \u00f8nsker at reducere omkostninger uden at g\u00e5 p\u00e5 kompromis med tilg\u00e6ngelighed eller sikkerhed, er LinuxONE et oplagt fundament.<\/p>\n<p>[\/et_pb_text][et_pb_text _builder_version=&#8221;4.27.4&#8243; _module_preset=&#8221;_initial&#8221; header_4_font=&#8221;Space Grotesk|500|||||||&#8221; header_4_text_color=&#8221;#000000&#8243; header_4_font_size=&#8221;24px&#8221; header_4_line_height=&#8221;1.5em&#8221; custom_margin=&#8221;||0px||false|false&#8221; header_4_font_size_tablet=&#8221;16px&#8221; header_4_font_size_phone=&#8221;15px&#8221; header_4_font_size_last_edited=&#8221;on|desktop&#8221; global_colors_info=&#8221;{}&#8221;]<\/p>\n<h1>B\u00e6redygtighed i praksis<\/h1>\n<p>[\/et_pb_text][et_pb_text _builder_version=&#8221;4.27.4&#8243; _module_preset=&#8221;_initial&#8221; text_font_size=&#8221;15px&#8221; text_line_height=&#8221;1.8em&#8221; text_font_size_tablet=&#8221;15px&#8221; text_font_size_phone=&#8221;14px&#8221; text_font_size_last_edited=&#8221;on|desktop&#8221; global_colors_info=&#8221;{}&#8221;]<\/p>\n<p>LinuxONE er designet til energieffektiv drift og lang levetid.<br data-start=\"2655\" data-end=\"2658\">Ved at konsolidere arbejdsbyrder reducerer du datacenterets elforbrug, k\u00f8lebehov og areal \u2013 samtidig med at du s\u00e6nker CO\u2082-udledningerne.<br data-start=\"2789\" data-end=\"2792\">Platformen bidrager til at opfylde ESG-m\u00e5l og b\u00e6redygtighedsstrategier, med m\u00e5lbare besparelser i b\u00e5de energi og klimap\u00e5virkning.<\/p>\n<p>[\/et_pb_text][et_pb_image src=&#8221;http:\/\/www.load.se\/wp-content\/uploads\/2025\/10\/LinuxONE_squares.webp&#8221; title_text=&#8221;LinuxONE_squares&#8221; _builder_version=&#8221;4.27.4&#8243; _module_preset=&#8221;default&#8221; global_colors_info=&#8221;{}&#8221;][\/et_pb_image][et_pb_text _builder_version=&#8221;4.27.4&#8243; _module_preset=&#8221;_initial&#8221; header_4_font=&#8221;Space Grotesk|500|||||||&#8221; header_4_text_color=&#8221;#000000&#8243; header_4_font_size=&#8221;24px&#8221; header_4_line_height=&#8221;1.5em&#8221; custom_margin=&#8221;||0px||false|false&#8221; header_4_font_size_tablet=&#8221;16px&#8221; header_4_font_size_phone=&#8221;15px&#8221; header_4_font_size_last_edited=&#8221;on|desktop&#8221; global_colors_info=&#8221;{}&#8221;]<\/p>\n<h1>AI-indbygget \u2013 ikke tilf\u00f8jet<\/h1>\n<p>[\/et_pb_text][et_pb_text _builder_version=&#8221;4.27.4&#8243; _module_preset=&#8221;_initial&#8221; text_font_size=&#8221;15px&#8221; text_line_height=&#8221;1.8em&#8221; text_font_size_tablet=&#8221;15px&#8221; text_font_size_phone=&#8221;14px&#8221; text_font_size_last_edited=&#8221;on|desktop&#8221; global_colors_info=&#8221;{}&#8221;]<\/p>\n<p data-start=\"3003\" data-end=\"3367\">Med <strong data-start=\"3007\" data-end=\"3034\">IBM Telum II-processoren<\/strong> og den kommende <strong data-start=\"3052\" data-end=\"3078\">IBM Spyre Accelerator<\/strong> er LinuxONE forberedt til AI p\u00e5 rigtigt.<br data-start=\"3119\" data-end=\"3122\">Platformen kan h\u00e5ndtere <strong data-start=\"3146\" data-end=\"3182\">450 milliarder inferenser per dag<\/strong> med <strong data-start=\"3187\" data-end=\"3204\">1 ms svartid<\/strong>, hvilket g\u00f8r den ideel til realtidsanalyse, AI-drevne beslutningsflow og generativ AI.<\/p>\n<p data-start=\"3369\" data-end=\"3545\">Med <strong data-start=\"3373\" data-end=\"3413\">Trusted Execution Environments (TEE)<\/strong> kan AI-modeller k\u00f8res sikkert og effektivt direkte hvor dataene er \u2013 uden at flyttes til usikre skyer eller tredjepartsplatforme.<\/p>\n<p>[\/et_pb_text][et_pb_text _builder_version=&#8221;4.27.4&#8243; _module_preset=&#8221;_initial&#8221; header_4_font=&#8221;Space Grotesk|500|||||||&#8221; header_4_text_color=&#8221;#000000&#8243; header_4_font_size=&#8221;24px&#8221; header_4_line_height=&#8221;1.5em&#8221; custom_margin=&#8221;||0px||false|false&#8221; header_4_font_size_tablet=&#8221;16px&#8221; header_4_font_size_phone=&#8221;15px&#8221; header_4_font_size_last_edited=&#8221;on|desktop&#8221; global_colors_info=&#8221;{}&#8221;]<\/p>\n<h1>Fleksibilitet og modernisering uden kompromiser<\/h1>\n<p>[\/et_pb_text][et_pb_text _builder_version=&#8221;4.27.4&#8243; _module_preset=&#8221;_initial&#8221; text_font_size=&#8221;15px&#8221; text_line_height=&#8221;1.8em&#8221; text_font_size_tablet=&#8221;15px&#8221; text_font_size_phone=&#8221;14px&#8221; text_font_size_last_edited=&#8221;on|desktop&#8221; global_colors_info=&#8221;{}&#8221;]<\/p>\n<p data-start=\"3613\" data-end=\"3747\">LinuxONE integreres problemfrit med <strong data-start=\"3645\" data-end=\"3666\">Red Hat OpenShift<\/strong>, <strong data-start=\"3668\" data-end=\"3699\">Ansible Automation Platform<\/strong> og <strong data-start=\"3704\" data-end=\"3719\">IBM watsonx<\/strong>, hvilket g\u00f8r det nemt at:<\/p>\n<ul data-start=\"3748\" data-end=\"3976\">\n<li data-start=\"3748\" data-end=\"3801\">\n<p data-start=\"3750\" data-end=\"3801\">Modernisere applikationer uden at omskrive dem.<\/p>\n<\/li>\n<li data-start=\"3802\" data-end=\"3869\">\n<p data-start=\"3804\" data-end=\"3869\">K\u00f8re containere, skytjenester og databaser p\u00e5 samme platform.<\/p>\n<\/li>\n<li data-start=\"3870\" data-end=\"3976\">\n<p data-start=\"3872\" data-end=\"3976\">Skalere AI og datah\u00e5ndtering over hybridskyer med bibeholdt sikkerhed.<\/p>\n<\/li>\n<\/ul>\n<p data-start=\"3978\" data-end=\"4097\">For mange virksomheder er LinuxONE ikke bare en server \u2013 det er et strategisk skridt mod en <strong data-start=\"4065\" data-end=\"4096\">sikker hybridsky-arkitektur<\/strong>.<\/p>\n<p>[\/et_pb_text][\/et_pb_column][\/et_pb_row][et_pb_row column_structure=&#8221;1_3,2_3&#8243; _builder_version=&#8221;4.27.4&#8243; _module_preset=&#8221;default&#8221; custom_margin=&#8221;100px||||false|false&#8221; custom_margin_tablet=&#8221;60px||||false|false&#8221; custom_margin_phone=&#8221;60px||||false|false&#8221; custom_margin_last_edited=&#8221;on|phone&#8221; global_colors_info=&#8221;{}&#8221; global_module=&#8221;644&#8243; theme_builder_area=&#8221;post_content&#8221;][et_pb_column type=&#8221;1_3&#8243; _builder_version=&#8221;4.27.4&#8243; _module_preset=&#8221;default&#8221; global_colors_info=&#8221;{}&#8221; theme_builder_area=&#8221;post_content&#8221;][et_pb_text _builder_version=&#8221;4.27.4&#8243; _module_preset=&#8221;_initial&#8221; header_2_font=&#8221;Space Grotesk|500|||||||&#8221; header_2_text_color=&#8221;#000000&#8243; header_2_font_size=&#8221;52px&#8221; header_2_line_height=&#8221;1.3em&#8221; custom_margin=&#8221;||10px||false|false&#8221; header_2_font_size_tablet=&#8221;32px&#8221; header_2_font_size_phone=&#8221;20px&#8221; header_2_font_size_last_edited=&#8221;on|desktop&#8221; global_colors_info=&#8221;{}&#8221; theme_builder_area=&#8221;post_content&#8221;]<\/p>\n<h1>Hvorfor LOAD<\/h1>\n<p>[\/et_pb_text][\/et_pb_column][et_pb_column type=&#8221;2_3&#8243; _builder_version=&#8221;4.23.2&#8243; _module_preset=&#8221;default&#8221; global_colors_info=&#8221;{}&#8221; theme_builder_area=&#8221;post_content&#8221;][et_pb_text _builder_version=&#8221;4.27.4&#8243; _module_preset=&#8221;_initial&#8221; text_font_size=&#8221;15px&#8221; text_line_height=&#8221;1.8em&#8221; text_font_size_tablet=&#8221;15px&#8221; text_font_size_phone=&#8221;14px&#8221; text_font_size_last_edited=&#8221;on|desktop&#8221; global_colors_info=&#8221;{}&#8221; theme_builder_area=&#8221;post_content&#8221;]<\/p>\n<p>Som IBM Platinum Partner hj\u00e6lper LOAD svenske virksomheder med at implementere l\u00f8sninger, der matcher deres behov for ydeevne, sikkerhed og enkel drift.<br \/>Vi tilbyder r\u00e5dgivning, design, implementering og proaktiv support \u2013 s\u00e5 du kan fokusere p\u00e5 forretningen i stedet for infrastrukturen.<\/p>\n<p>[\/et_pb_text][\/et_pb_column][\/et_pb_row][\/et_pb_section]<\/p>\n","protected":false},"excerpt":{"rendered":"<p>IBM LinuxONESikker, effektiv og bygget til fremtiden I en tid hvor datam\u00e6ngder vokser, og trusselsbilledet \u00e6ndrer sig dag for dag, er der behov for en platform, der kan h\u00e5ndtere b\u00e5de ydeevne, sikkerhed og b\u00e6redygtighed \u2013 uden kompromiser.IBM LinuxONE er den mest moderne og sikre platform til forretningskritiske Linux-applikationer \u2013 bygget til at konsolidere, beskytte og [&hellip;]<\/p>\n","protected":false},"author":1,"featured_media":0,"parent":0,"menu_order":0,"comment_status":"closed","ping_status":"closed","template":"","meta":{"_et_pb_use_builder":"on","_et_pb_old_content":"","_et_gb_content_width":"","footnotes":""},"class_list":["post-1184","page","type-page","status-publish","hentry"],"yoast_head":"<!-- This site is optimized with the Yoast SEO Premium plugin v27.2 (Yoast SEO v27.4) - https:\/\/yoast.com\/product\/yoast-seo-premium-wordpress\/ -->\n<title>IBM LinuxONE \u2013 sikker og skalerbar platform | LOAD<\/title>\n<meta name=\"description\" content=\"IBM LinuxONE giver sikker, skalerbar og energieffektiv drift med h\u00f8j tilg\u00e6ngelighed og beskyttelse af forretningskritiske Linux-milj\u00f8er.\" \/>\n<meta name=\"robots\" content=\"index, follow, max-snippet:-1, max-image-preview:large, max-video-preview:-1\" \/>\n<link rel=\"canonical\" href=\"https:\/\/www.load.se\/da\/ibm-linuxone\/\" \/>\n<meta property=\"og:locale\" content=\"da_DK\" \/>\n<meta property=\"og:type\" content=\"article\" \/>\n<meta property=\"og:title\" content=\"IBM LinuxONE\" \/>\n<meta property=\"og:description\" content=\"IBM LinuxONE giver sikker, skalerbar og energieffektiv drift med h\u00f8j tilg\u00e6ngelighed og beskyttelse af forretningskritiske Linux-milj\u00f8er.\" \/>\n<meta property=\"og:url\" content=\"https:\/\/www.load.se\/da\/ibm-linuxone\/\" \/>\n<meta property=\"og:site_name\" content=\"Load System AB\" \/>\n<meta property=\"article:modified_time\" content=\"2026-04-04T06:29:36+00:00\" \/>\n<meta name=\"twitter:card\" content=\"summary_large_image\" \/>\n<meta name=\"twitter:label1\" content=\"Estimeret l\u00e6setid\" \/>\n\t<meta name=\"twitter:data1\" content=\"8 minutter\" \/>\n<script type=\"application\/ld+json\" class=\"yoast-schema-graph\">{\"@context\":\"https:\\\/\\\/schema.org\",\"@graph\":[{\"@type\":\"WebPage\",\"@id\":\"https:\\\/\\\/www.load.se\\\/da\\\/ibm-linuxone\\\/\",\"url\":\"https:\\\/\\\/www.load.se\\\/da\\\/ibm-linuxone\\\/\",\"name\":\"IBM LinuxONE \u2013 sikker og skalerbar platform | LOAD\",\"isPartOf\":{\"@id\":\"https:\\\/\\\/www.load.se\\\/da\\\/#website\"},\"datePublished\":\"2025-10-11T17:20:11+00:00\",\"dateModified\":\"2026-04-04T06:29:36+00:00\",\"description\":\"IBM LinuxONE giver sikker, skalerbar og energieffektiv drift med h\u00f8j tilg\u00e6ngelighed og beskyttelse af forretningskritiske Linux-milj\u00f8er.\",\"breadcrumb\":{\"@id\":\"https:\\\/\\\/www.load.se\\\/da\\\/ibm-linuxone\\\/#breadcrumb\"},\"inLanguage\":\"da-DK\",\"potentialAction\":[{\"@type\":\"ReadAction\",\"target\":[\"https:\\\/\\\/www.load.se\\\/da\\\/ibm-linuxone\\\/\"]}]},{\"@type\":\"BreadcrumbList\",\"@id\":\"https:\\\/\\\/www.load.se\\\/da\\\/ibm-linuxone\\\/#breadcrumb\",\"itemListElement\":[{\"@type\":\"ListItem\",\"position\":1,\"name\":\"Home\",\"item\":\"https:\\\/\\\/www.load.se\\\/da\\\/\"},{\"@type\":\"ListItem\",\"position\":2,\"name\":\"IBM LinuxONE\"}]},{\"@type\":\"WebSite\",\"@id\":\"https:\\\/\\\/www.load.se\\\/da\\\/#website\",\"url\":\"https:\\\/\\\/www.load.se\\\/da\\\/\",\"name\":\"Load System AB\",\"description\":\"\",\"publisher\":{\"@id\":\"https:\\\/\\\/www.load.se\\\/da\\\/#organization\"},\"potentialAction\":[{\"@type\":\"SearchAction\",\"target\":{\"@type\":\"EntryPoint\",\"urlTemplate\":\"https:\\\/\\\/www.load.se\\\/da\\\/?s={search_term_string}\"},\"query-input\":{\"@type\":\"PropertyValueSpecification\",\"valueRequired\":true,\"valueName\":\"search_term_string\"}}],\"inLanguage\":\"da-DK\"},{\"@type\":\"Organization\",\"@id\":\"https:\\\/\\\/www.load.se\\\/da\\\/#organization\",\"name\":\"Load System AB\",\"url\":\"https:\\\/\\\/www.load.se\\\/da\\\/\",\"logo\":{\"@type\":\"ImageObject\",\"inLanguage\":\"da-DK\",\"@id\":\"https:\\\/\\\/www.load.se\\\/da\\\/#\\\/schema\\\/logo\\\/image\\\/\",\"url\":\"http:\\\/\\\/www.load.se\\\/wp-content\\\/uploads\\\/2025\\\/10\\\/Load-website-6.png\",\"contentUrl\":\"http:\\\/\\\/www.load.se\\\/wp-content\\\/uploads\\\/2025\\\/10\\\/Load-website-6.png\",\"width\":2160,\"height\":800,\"caption\":\"Load System AB\"},\"image\":{\"@id\":\"https:\\\/\\\/www.load.se\\\/da\\\/#\\\/schema\\\/logo\\\/image\\\/\"},\"sameAs\":[\"https:\\\/\\\/www.linkedin.com\\\/company\\\/load-ab\"]}]}<\/script>\n<!-- \/ Yoast SEO Premium plugin. -->","yoast_head_json":{"title":"IBM LinuxONE \u2013 sikker og skalerbar platform | LOAD","description":"IBM LinuxONE giver sikker, skalerbar og energieffektiv drift med h\u00f8j tilg\u00e6ngelighed og beskyttelse af forretningskritiske Linux-milj\u00f8er.","robots":{"index":"index","follow":"follow","max-snippet":"max-snippet:-1","max-image-preview":"max-image-preview:large","max-video-preview":"max-video-preview:-1"},"canonical":"https:\/\/www.load.se\/da\/ibm-linuxone\/","og_locale":"da_DK","og_type":"article","og_title":"IBM LinuxONE","og_description":"IBM LinuxONE giver sikker, skalerbar og energieffektiv drift med h\u00f8j tilg\u00e6ngelighed og beskyttelse af forretningskritiske Linux-milj\u00f8er.","og_url":"https:\/\/www.load.se\/da\/ibm-linuxone\/","og_site_name":"Load System AB","article_modified_time":"2026-04-04T06:29:36+00:00","twitter_card":"summary_large_image","twitter_misc":{"Estimeret l\u00e6setid":"8 minutter"},"schema":{"@context":"https:\/\/schema.org","@graph":[{"@type":"WebPage","@id":"https:\/\/www.load.se\/da\/ibm-linuxone\/","url":"https:\/\/www.load.se\/da\/ibm-linuxone\/","name":"IBM LinuxONE \u2013 sikker og skalerbar platform | LOAD","isPartOf":{"@id":"https:\/\/www.load.se\/da\/#website"},"datePublished":"2025-10-11T17:20:11+00:00","dateModified":"2026-04-04T06:29:36+00:00","description":"IBM LinuxONE giver sikker, skalerbar og energieffektiv drift med h\u00f8j tilg\u00e6ngelighed og beskyttelse af forretningskritiske Linux-milj\u00f8er.","breadcrumb":{"@id":"https:\/\/www.load.se\/da\/ibm-linuxone\/#breadcrumb"},"inLanguage":"da-DK","potentialAction":[{"@type":"ReadAction","target":["https:\/\/www.load.se\/da\/ibm-linuxone\/"]}]},{"@type":"BreadcrumbList","@id":"https:\/\/www.load.se\/da\/ibm-linuxone\/#breadcrumb","itemListElement":[{"@type":"ListItem","position":1,"name":"Home","item":"https:\/\/www.load.se\/da\/"},{"@type":"ListItem","position":2,"name":"IBM LinuxONE"}]},{"@type":"WebSite","@id":"https:\/\/www.load.se\/da\/#website","url":"https:\/\/www.load.se\/da\/","name":"Load System AB","description":"","publisher":{"@id":"https:\/\/www.load.se\/da\/#organization"},"potentialAction":[{"@type":"SearchAction","target":{"@type":"EntryPoint","urlTemplate":"https:\/\/www.load.se\/da\/?s={search_term_string}"},"query-input":{"@type":"PropertyValueSpecification","valueRequired":true,"valueName":"search_term_string"}}],"inLanguage":"da-DK"},{"@type":"Organization","@id":"https:\/\/www.load.se\/da\/#organization","name":"Load System AB","url":"https:\/\/www.load.se\/da\/","logo":{"@type":"ImageObject","inLanguage":"da-DK","@id":"https:\/\/www.load.se\/da\/#\/schema\/logo\/image\/","url":"http:\/\/www.load.se\/wp-content\/uploads\/2025\/10\/Load-website-6.png","contentUrl":"http:\/\/www.load.se\/wp-content\/uploads\/2025\/10\/Load-website-6.png","width":2160,"height":800,"caption":"Load System AB"},"image":{"@id":"https:\/\/www.load.se\/da\/#\/schema\/logo\/image\/"},"sameAs":["https:\/\/www.linkedin.com\/company\/load-ab"]}]}},"_links":{"self":[{"href":"https:\/\/www.load.se\/da\/wp-json\/wp\/v2\/pages\/1184","targetHints":{"allow":["GET"]}}],"collection":[{"href":"https:\/\/www.load.se\/da\/wp-json\/wp\/v2\/pages"}],"about":[{"href":"https:\/\/www.load.se\/da\/wp-json\/wp\/v2\/types\/page"}],"author":[{"embeddable":true,"href":"https:\/\/www.load.se\/da\/wp-json\/wp\/v2\/users\/1"}],"replies":[{"embeddable":true,"href":"https:\/\/www.load.se\/da\/wp-json\/wp\/v2\/comments?post=1184"}],"version-history":[{"count":14,"href":"https:\/\/www.load.se\/da\/wp-json\/wp\/v2\/pages\/1184\/revisions"}],"predecessor-version":[{"id":3650,"href":"https:\/\/www.load.se\/da\/wp-json\/wp\/v2\/pages\/1184\/revisions\/3650"}],"wp:attachment":[{"href":"https:\/\/www.load.se\/da\/wp-json\/wp\/v2\/media?parent=1184"}],"curies":[{"name":"wp","href":"https:\/\/api.w.org\/{rel}","templated":true}]}}