{"id":1985,"date":"2025-09-29T08:38:32","date_gmt":"2025-09-29T06:38:32","guid":{"rendered":"http:\/\/www.load.se\/esimerkkisivu\/"},"modified":"2026-04-04T08:12:35","modified_gmt":"2026-04-04T06:12:35","slug":"esimerkkisivu","status":"publish","type":"page","link":"https:\/\/www.load.se\/fi\/esimerkkisivu\/","title":{"rendered":"Esimerkkisivu"},"content":{"rendered":"<p>[et_pb_section admin_label=&#8221;section&#8221;]<br \/>\n\t\t\t[et_pb_row admin_label=&#8221;rivi&#8221;]<br \/>\n\t\t\t\t[et_pb_column type=&#8221;4_4&#8243;][et_pb_text admin_label=&#8221;Text&#8221;]<!-- divi:paragraph --><\/p>\n<p>T\u00e4m\u00e4 on esimerkkisivu. Se eroaa blogikirjoituksesta, koska se pysyy yhdess\u00e4 paikassa ja n\u00e4kyy sivustosi navigaatiossa (useimmissa teemoissa). Useimmat aloittavat esittelysivulla, joka esittelee heid\u00e4t mahdollisille sivuston vierailijoille. Se saattaa sanoa jotain t\u00e4llaista:   <\/p>\n<p><!-- \/divi:paragraph --><\/p>\n<p><!-- divi:quote --><\/p>\n<blockquote class=\"wp-block-quote\">\n<p>Hei siell\u00e4! Olen p\u00e4ivisin py\u00f6r\u00e4l\u00e4hetti, iltaisin n\u00e4yttelij\u00e4 ja t\u00e4m\u00e4 on verkkosivustoni. Asun Los Angelesissa, minulla on hieno koira nimelt\u00e4 Jack ja pid\u00e4n pi\u00f1a coladoista. (Ja j\u00e4\u00e4d\u00e4 kiinni sateeseen.)   <\/p>\n<\/blockquote>\n<p><!-- \/divi:quote --><\/p>\n<p><!-- divi:paragraph --><\/p>\n<p>&#8230;tai jotain t\u00e4llaista:<\/p>\n<p><!-- \/divi:paragraph --><\/p>\n<p><!-- divi:quote --><\/p>\n<blockquote class=\"wp-block-quote\">\n<p>XYZ Doohickey Company perustettiin vuonna 1971, ja se on siit\u00e4 l\u00e4htien tarjonnut laadukkaita doohickeyj\u00e4 yleis\u00f6lle. Sijaitsee Gotham Cityss\u00e4, XYZ ty\u00f6llist\u00e4\u00e4 yli 2 000 ihmist\u00e4 ja tekee kaikenlaisia mahtavia asioita Gothamin yhteis\u00f6lle. <\/p>\n<\/blockquote>\n<p><!-- \/divi:quote --><\/p>\n<p><!-- divi:paragraph --><\/p>\n<p>Uutena WordPress-k\u00e4ytt\u00e4j\u00e4n\u00e4 sinun tulisi siirty\u00e4 <a href=\"http:\/\/www.load.se\/wp-admin\/\">hallintapaneeliisi<\/a> poistaaksesi t\u00e4m\u00e4n sivun ja luodaksesi uusia sivuja sis\u00e4ll\u00f6llesi. Pid\u00e4 hauskaa! <\/p>\n<p><!-- \/divi:paragraph -->[\/et_pb_text][\/et_pb_column]<br \/>\n\t\t\t[\/et_pb_row]<br \/>\n\t\t[\/et_pb_section]<\/p>\n","protected":false},"excerpt":{"rendered":"<p>T\u00e4m\u00e4 on esimerkkisivu. Se eroaa blogikirjoituksesta, koska se pysyy yhdess\u00e4 paikassa ja n\u00e4kyy sivustosi navigaatiossa (useimmissa teemoissa). Useimmat aloittavat esittelysivulla, joka esittelee heid\u00e4t mahdollisille sivuston vierailijoille. Se saattaa sanoa jotain t\u00e4llaista: Hei siell\u00e4! Olen p\u00e4ivisin py\u00f6r\u00e4l\u00e4hetti, iltaisin n\u00e4yttelij\u00e4 ja t\u00e4m\u00e4 on verkkosivustoni. Asun Los Angelesissa, minulla on hieno koira nimelt\u00e4 Jack ja pid\u00e4n pi\u00f1a coladoista. [&hellip;]<\/p>\n","protected":false},"author":1,"featured_media":0,"parent":0,"menu_order":0,"comment_status":"closed","ping_status":"open","template":"","meta":{"_et_pb_use_builder":"on","_et_pb_old_content":"","_et_gb_content_width":"","footnotes":""},"class_list":["post-1985","page","type-page","status-publish","hentry"],"yoast_head":"<!-- This site is optimized with the Yoast SEO Premium plugin v27.2 (Yoast SEO v27.4) - https:\/\/yoast.com\/product\/yoast-seo-premium-wordpress\/ -->\n<title>Esimerkkisivu \u2013 rakenne ja sis\u00e4lt\u00f6 | LOAD<\/title>\n<meta name=\"description\" content=\"Esimerkkisivu, jossa on perusrakenne, joka osoittaa, miten sis\u00e4lt\u00f6\u00e4 voidaan esitt\u00e4\u00e4 ja j\u00e4rjest\u00e4\u00e4 verkkosivustolla.\" \/>\n<meta name=\"robots\" content=\"index, follow, max-snippet:-1, max-image-preview:large, max-video-preview:-1\" \/>\n<link rel=\"canonical\" href=\"https:\/\/www.load.se\/fi\/esimerkkisivu\/\" \/>\n<meta property=\"og:locale\" content=\"fi_FI\" \/>\n<meta property=\"og:type\" content=\"article\" \/>\n<meta property=\"og:title\" content=\"Esimerkkisivu\" \/>\n<meta property=\"og:description\" content=\"Esimerkkisivu, jossa on perusrakenne, joka osoittaa, miten sis\u00e4lt\u00f6\u00e4 voidaan esitt\u00e4\u00e4 ja j\u00e4rjest\u00e4\u00e4 verkkosivustolla.\" \/>\n<meta property=\"og:url\" content=\"https:\/\/www.load.se\/fi\/esimerkkisivu\/\" \/>\n<meta property=\"og:site_name\" content=\"Load System AB\" \/>\n<meta property=\"article:modified_time\" content=\"2026-04-04T06:12:35+00:00\" \/>\n<meta name=\"twitter:card\" content=\"summary_large_image\" \/>\n<meta name=\"twitter:label1\" content=\"Arvioitu lukuaika\" \/>\n\t<meta name=\"twitter:data1\" content=\"1 minuutti\" \/>\n<script type=\"application\/ld+json\" class=\"yoast-schema-graph\">{\"@context\":\"https:\\\/\\\/schema.org\",\"@graph\":[{\"@type\":\"WebPage\",\"@id\":\"https:\\\/\\\/www.load.se\\\/fi\\\/esimerkkisivu\\\/\",\"url\":\"https:\\\/\\\/www.load.se\\\/fi\\\/esimerkkisivu\\\/\",\"name\":\"Esimerkkisivu \u2013 rakenne ja sis\u00e4lt\u00f6 | LOAD\",\"isPartOf\":{\"@id\":\"https:\\\/\\\/www.load.se\\\/fi\\\/#website\"},\"datePublished\":\"2025-09-29T06:38:32+00:00\",\"dateModified\":\"2026-04-04T06:12:35+00:00\",\"description\":\"Esimerkkisivu, jossa on perusrakenne, joka osoittaa, miten sis\u00e4lt\u00f6\u00e4 voidaan esitt\u00e4\u00e4 ja j\u00e4rjest\u00e4\u00e4 verkkosivustolla.\",\"breadcrumb\":{\"@id\":\"https:\\\/\\\/www.load.se\\\/fi\\\/esimerkkisivu\\\/#breadcrumb\"},\"inLanguage\":\"fi\",\"potentialAction\":[{\"@type\":\"ReadAction\",\"target\":[\"https:\\\/\\\/www.load.se\\\/fi\\\/esimerkkisivu\\\/\"]}]},{\"@type\":\"BreadcrumbList\",\"@id\":\"https:\\\/\\\/www.load.se\\\/fi\\\/esimerkkisivu\\\/#breadcrumb\",\"itemListElement\":[{\"@type\":\"ListItem\",\"position\":1,\"name\":\"Home\",\"item\":\"https:\\\/\\\/www.load.se\\\/fi\\\/\"},{\"@type\":\"ListItem\",\"position\":2,\"name\":\"Esimerkkisivu\"}]},{\"@type\":\"WebSite\",\"@id\":\"https:\\\/\\\/www.load.se\\\/fi\\\/#website\",\"url\":\"https:\\\/\\\/www.load.se\\\/fi\\\/\",\"name\":\"Load System AB\",\"description\":\"\",\"publisher\":{\"@id\":\"https:\\\/\\\/www.load.se\\\/fi\\\/#organization\"},\"potentialAction\":[{\"@type\":\"SearchAction\",\"target\":{\"@type\":\"EntryPoint\",\"urlTemplate\":\"https:\\\/\\\/www.load.se\\\/fi\\\/?s={search_term_string}\"},\"query-input\":{\"@type\":\"PropertyValueSpecification\",\"valueRequired\":true,\"valueName\":\"search_term_string\"}}],\"inLanguage\":\"fi\"},{\"@type\":\"Organization\",\"@id\":\"https:\\\/\\\/www.load.se\\\/fi\\\/#organization\",\"name\":\"Load System AB\",\"url\":\"https:\\\/\\\/www.load.se\\\/fi\\\/\",\"logo\":{\"@type\":\"ImageObject\",\"inLanguage\":\"fi\",\"@id\":\"https:\\\/\\\/www.load.se\\\/fi\\\/#\\\/schema\\\/logo\\\/image\\\/\",\"url\":\"http:\\\/\\\/www.load.se\\\/wp-content\\\/uploads\\\/2025\\\/10\\\/Load-website-6.png\",\"contentUrl\":\"http:\\\/\\\/www.load.se\\\/wp-content\\\/uploads\\\/2025\\\/10\\\/Load-website-6.png\",\"width\":2160,\"height\":800,\"caption\":\"Load System AB\"},\"image\":{\"@id\":\"https:\\\/\\\/www.load.se\\\/fi\\\/#\\\/schema\\\/logo\\\/image\\\/\"},\"sameAs\":[\"https:\\\/\\\/www.linkedin.com\\\/company\\\/load-ab\"]}]}<\/script>\n<!-- \/ Yoast SEO Premium plugin. -->","yoast_head_json":{"title":"Esimerkkisivu \u2013 rakenne ja sis\u00e4lt\u00f6 | LOAD","description":"Esimerkkisivu, jossa on perusrakenne, joka osoittaa, miten sis\u00e4lt\u00f6\u00e4 voidaan esitt\u00e4\u00e4 ja j\u00e4rjest\u00e4\u00e4 verkkosivustolla.","robots":{"index":"index","follow":"follow","max-snippet":"max-snippet:-1","max-image-preview":"max-image-preview:large","max-video-preview":"max-video-preview:-1"},"canonical":"https:\/\/www.load.se\/fi\/esimerkkisivu\/","og_locale":"fi_FI","og_type":"article","og_title":"Esimerkkisivu","og_description":"Esimerkkisivu, jossa on perusrakenne, joka osoittaa, miten sis\u00e4lt\u00f6\u00e4 voidaan esitt\u00e4\u00e4 ja j\u00e4rjest\u00e4\u00e4 verkkosivustolla.","og_url":"https:\/\/www.load.se\/fi\/esimerkkisivu\/","og_site_name":"Load System AB","article_modified_time":"2026-04-04T06:12:35+00:00","twitter_card":"summary_large_image","twitter_misc":{"Arvioitu lukuaika":"1 minuutti"},"schema":{"@context":"https:\/\/schema.org","@graph":[{"@type":"WebPage","@id":"https:\/\/www.load.se\/fi\/esimerkkisivu\/","url":"https:\/\/www.load.se\/fi\/esimerkkisivu\/","name":"Esimerkkisivu \u2013 rakenne ja sis\u00e4lt\u00f6 | LOAD","isPartOf":{"@id":"https:\/\/www.load.se\/fi\/#website"},"datePublished":"2025-09-29T06:38:32+00:00","dateModified":"2026-04-04T06:12:35+00:00","description":"Esimerkkisivu, jossa on perusrakenne, joka osoittaa, miten sis\u00e4lt\u00f6\u00e4 voidaan esitt\u00e4\u00e4 ja j\u00e4rjest\u00e4\u00e4 verkkosivustolla.","breadcrumb":{"@id":"https:\/\/www.load.se\/fi\/esimerkkisivu\/#breadcrumb"},"inLanguage":"fi","potentialAction":[{"@type":"ReadAction","target":["https:\/\/www.load.se\/fi\/esimerkkisivu\/"]}]},{"@type":"BreadcrumbList","@id":"https:\/\/www.load.se\/fi\/esimerkkisivu\/#breadcrumb","itemListElement":[{"@type":"ListItem","position":1,"name":"Home","item":"https:\/\/www.load.se\/fi\/"},{"@type":"ListItem","position":2,"name":"Esimerkkisivu"}]},{"@type":"WebSite","@id":"https:\/\/www.load.se\/fi\/#website","url":"https:\/\/www.load.se\/fi\/","name":"Load System AB","description":"","publisher":{"@id":"https:\/\/www.load.se\/fi\/#organization"},"potentialAction":[{"@type":"SearchAction","target":{"@type":"EntryPoint","urlTemplate":"https:\/\/www.load.se\/fi\/?s={search_term_string}"},"query-input":{"@type":"PropertyValueSpecification","valueRequired":true,"valueName":"search_term_string"}}],"inLanguage":"fi"},{"@type":"Organization","@id":"https:\/\/www.load.se\/fi\/#organization","name":"Load System AB","url":"https:\/\/www.load.se\/fi\/","logo":{"@type":"ImageObject","inLanguage":"fi","@id":"https:\/\/www.load.se\/fi\/#\/schema\/logo\/image\/","url":"http:\/\/www.load.se\/wp-content\/uploads\/2025\/10\/Load-website-6.png","contentUrl":"http:\/\/www.load.se\/wp-content\/uploads\/2025\/10\/Load-website-6.png","width":2160,"height":800,"caption":"Load System AB"},"image":{"@id":"https:\/\/www.load.se\/fi\/#\/schema\/logo\/image\/"},"sameAs":["https:\/\/www.linkedin.com\/company\/load-ab"]}]}},"_links":{"self":[{"href":"https:\/\/www.load.se\/fi\/wp-json\/wp\/v2\/pages\/1985","targetHints":{"allow":["GET"]}}],"collection":[{"href":"https:\/\/www.load.se\/fi\/wp-json\/wp\/v2\/pages"}],"about":[{"href":"https:\/\/www.load.se\/fi\/wp-json\/wp\/v2\/types\/page"}],"author":[{"embeddable":true,"href":"https:\/\/www.load.se\/fi\/wp-json\/wp\/v2\/users\/1"}],"replies":[{"embeddable":true,"href":"https:\/\/www.load.se\/fi\/wp-json\/wp\/v2\/comments?post=1985"}],"version-history":[{"count":6,"href":"https:\/\/www.load.se\/fi\/wp-json\/wp\/v2\/pages\/1985\/revisions"}],"predecessor-version":[{"id":3557,"href":"https:\/\/www.load.se\/fi\/wp-json\/wp\/v2\/pages\/1985\/revisions\/3557"}],"wp:attachment":[{"href":"https:\/\/www.load.se\/fi\/wp-json\/wp\/v2\/media?parent=1985"}],"curies":[{"name":"wp","href":"https:\/\/api.w.org\/{rel}","templated":true}]}}