{"id":1997,"date":"2025-10-08T14:23:29","date_gmt":"2025-10-08T12:23:29","guid":{"rendered":"http:\/\/www.load.se\/ota-yhteytta\/"},"modified":"2026-04-04T08:27:58","modified_gmt":"2026-04-04T06:27:58","slug":"ota-yhteytta","status":"publish","type":"page","link":"https:\/\/www.load.se\/fi\/ota-yhteytta\/","title":{"rendered":"Ota yhteytt\u00e4"},"content":{"rendered":"<p>[et_pb_section fb_built=&#8221;1&#8243; admin_label=&#8221;Contact&#8221; _builder_version=&#8221;4.27.4&#8243; _module_preset=&#8221;_initial&#8221; background_enable_color=&#8221;off&#8221; custom_padding=&#8221;|290px|1px|290px|false|true&#8221; locked=&#8221;off&#8221; global_colors_info=&#8221;{%22gcid-b6c4f12c-f25d-4f61-9fb1-6e96404634cd%22:%91%22background_color%22%93}&#8221;][et_pb_row _builder_version=&#8221;4.25.2&#8243; _module_preset=&#8221;_initial&#8221; max_width=&#8221;1320px&#8221; global_colors_info=&#8221;{}&#8221;][et_pb_column type=&#8221;4_4&#8243; _builder_version=&#8221;4.25.2&#8243; _module_preset=&#8221;_initial&#8221; global_colors_info=&#8221;{}&#8221;][et_pb_heading title=&#8221;Ota meihin yhteytt\u00e4!&#8221; _builder_version=&#8221;4.27.4&#8243; _module_preset=&#8221;default&#8221; title_font_size=&#8221;42px&#8221; global_colors_info=&#8221;{}&#8221;][\/et_pb_heading][\/et_pb_column][\/et_pb_row][et_pb_row column_structure=&#8221;1_2,1_2&#8243; _builder_version=&#8221;4.27.4&#8243; _module_preset=&#8221;_initial&#8221; max_width=&#8221;1320px&#8221; custom_padding=&#8221;||100px|||&#8221; global_colors_info=&#8221;{}&#8221;][et_pb_column type=&#8221;1_2&#8243; _builder_version=&#8221;4.25.2&#8243; _module_preset=&#8221;_initial&#8221; global_colors_info=&#8221;{}&#8221;][et_pb_text quote_border_color=&#8221;#15c586&#8243; _builder_version=&#8221;4.27.4&#8243; _module_preset=&#8221;_initial&#8221; text_font=&#8221;Inter|300|||||||&#8221; text_line_height=&#8221;180%&#8221; link_text_color=&#8221;#15c586&#8243; ul_line_height=&#8221;1.8em&#8221; ol_line_height=&#8221;1.8em&#8221; quote_text_color=&#8221;#15c586&#8243; header_font=&#8221;Arimo||||||||&#8221; header_font_size=&#8221;90px&#8221; header_line_height=&#8221;110%&#8221; header_2_font=&#8221;Arimo||||||||&#8221; header_2_font_size=&#8221;60px&#8221; header_2_line_height=&#8221;120%&#8221; header_3_font=&#8221;Arimo||||||||&#8221; header_3_font_size=&#8221;42px&#8221; header_3_line_height=&#8221;120%&#8221; header_4_font=&#8221;\u2013et_global_heading_font|300|||||||&#8221; header_4_text_color=&#8221;gcid-secondary-color&#8221; header_4_font_size=&#8221;32px&#8221; header_4_line_height=&#8221;130%&#8221; header_5_font=&#8221;\u2013et_global_heading_font|300|||||||&#8221; header_5_text_color=&#8221;gcid-secondary-color&#8221; header_5_font_size=&#8221;23px&#8221; header_5_line_height=&#8221;140%&#8221; header_6_font=&#8221;Arimo||||||||&#8221; header_6_font_size=&#8221;16px&#8221; header_6_line_height=&#8221;140%&#8221; text_font_size_tablet=&#8221;15px&#8221; text_font_size_phone=&#8221;14px&#8221; text_font_size_last_edited=&#8221;on|desktop&#8221; header_font_size_tablet=&#8221;40px&#8221; header_font_size_phone=&#8221;24px&#8221; header_font_size_last_edited=&#8221;on|tablet&#8221; header_2_font_size_tablet=&#8221;28px&#8221; header_2_font_size_phone=&#8221;20px&#8221; header_2_font_size_last_edited=&#8221;on|phone&#8221; header_3_font_size_tablet=&#8221;22px&#8221; header_3_font_size_phone=&#8221;17px&#8221; header_3_font_size_last_edited=&#8221;on|phone&#8221; header_4_font_size_tablet=&#8221;18px&#8221; header_4_font_size_phone=&#8221;15px&#8221; header_4_font_size_last_edited=&#8221;on|tablet&#8221; header_5_font_size_tablet=&#8221;15px&#8221; header_5_font_size_phone=&#8221;14px&#8221; header_5_font_size_last_edited=&#8221;on|tablet&#8221; header_6_font_size_tablet=&#8221;13px&#8221; header_6_font_size_phone=&#8221;&#8221; header_6_font_size_last_edited=&#8221;on|desktop&#8221; global_colors_info=&#8221;{%22gcid-primary-color%22:%91%22text_text_color%22,%22text_text_color%22%93,%22gcid-secondary-color%22:%91%22header_text_color%22,%22header_4_text_color%22,%22header_5_text_color%22%93}&#8221;]<\/p>\n<h5 data-start=\"288\" data-end=\"337\">Keskustellaan modernisoinnista<\/h5>\n<p data-start=\"339\" data-end=\"488\">Riippumatta siit\u00e4, haluatko modernisoida nykyisen IT-alustasi, yhdist\u00e4\u00e4 palvelimia tai optimoida suorituskyky\u00e4 ja kustannuksia \u2013 kaikki alkaa keskustelusta.<\/p>\n<p data-start=\"490\" data-end=\"714\">Me <strong data-start=\"496\" data-end=\"504\">LOAD<\/strong>issa autamme yrityksi\u00e4 luomaan vakaita, turvallisia ja tehokkaita IT-ymp\u00e4rist\u00f6j\u00e4, jotka on rakennettu tulevaisuutta varten.<\/p>\n<p data-start=\"716\" data-end=\"811\">Yhdess\u00e4 l\u00f6yd\u00e4mme oikean tien kohti yksinkertaisempaa, nopeampaa ja kest\u00e4v\u00e4mp\u00e4\u00e4 infrastruktuuria.<\/p>\n<p data-start=\"813\" data-end=\"894\"><strong data-start=\"813\" data-end=\"894\">\ud83d\udc49 Ota meihin yhteytt\u00e4 \u2013 odotamme innolla keskustelua IT-modernisoinnista kanssasi.<\/strong><\/p>\n<p>[\/et_pb_text][\/et_pb_column][et_pb_column type=&#8221;1_2&#8243; _builder_version=&#8221;4.27.4&#8243; _module_preset=&#8221;_initial&#8221; background_color=&#8221;rgba(244,244,244,0.51)&#8221; custom_padding=&#8221;30px|30px|30px|30px|true|true&#8221; custom_padding_tablet=&#8221;&#8221; custom_padding_phone=&#8221;20px|20px|20px|20px|true|true&#8221; custom_padding_last_edited=&#8221;on|phone&#8221; global_colors_info=&#8221;{}&#8221;][et_pb_blurb title=&#8221;Osoite&#8221; use_icon=&#8221;on&#8221; font_icon=&#8221;&#xf276;||fa||900&#8243; icon_color=&#8221;gcid-secondary-color&#8221; icon_placement=&#8221;left&#8221; image_icon_width=&#8221;32px&#8221; content_max_width=&#8221;100%&#8221; _builder_version=&#8221;4.27.4&#8243; _module_preset=&#8221;_initial&#8221; header_font=&#8221;\u2013et_global_heading_font|300|||||||&#8221; header_text_color=&#8221;gcid-secondary-color&#8221; header_font_size=&#8221;23px&#8221; body_font=&#8221;Inter|300|||||||&#8221; custom_margin=&#8221;||||false|false&#8221; custom_padding=&#8221;30px||||false|false&#8221; animation=&#8221;off&#8221; header_font_size_tablet=&#8221;15px&#8221; header_font_size_phone=&#8221;14px&#8221; header_font_size_last_edited=&#8221;on|phone&#8221; border_color_all=&#8221;rgba(0,0,0,0.2)&#8221; border_width_top=&#8221;1px&#8221; global_colors_info=&#8221;{%22gcid-secondary-color%22:%91%22header_text_color%22,%22icon_color%22%93}&#8221;]<\/p>\n<p><span>F\u00e4r\u00f6gatan 33<\/span><br \/><span>164 51 Kista<br \/>Ruotsi<\/span><\/p>\n<p>[\/et_pb_blurb][et_pb_blurb title=&#8221;Puhelin&#8221; use_icon=&#8221;on&#8221; font_icon=&#8221;&#xf879;||fa||900&#8243; icon_color=&#8221;gcid-secondary-color&#8221; icon_placement=&#8221;left&#8221; image_icon_width=&#8221;32px&#8221; content_max_width=&#8221;100%&#8221; _builder_version=&#8221;4.27.4&#8243; _module_preset=&#8221;_initial&#8221; header_font=&#8221;\u2013et_global_heading_font|300|||||||&#8221; header_text_color=&#8221;gcid-secondary-color&#8221; header_font_size=&#8221;23px&#8221; body_font=&#8221;Inter|300|||||||&#8221; custom_margin=&#8221;||||false|false&#8221; custom_padding=&#8221;30px||||false|false&#8221; animation=&#8221;off&#8221; header_font_size_tablet=&#8221;15px&#8221; header_font_size_phone=&#8221;14px&#8221; header_font_size_last_edited=&#8221;on|phone&#8221; border_color_all=&#8221;rgba(0,0,0,0.2)&#8221; border_width_top=&#8221;1px&#8221; global_colors_info=&#8221;{%22gcid-secondary-color%22:%91%22header_text_color%22,%22icon_color%22%93}&#8221;]<\/p>\n<p>08-633 66 00<\/p>\n<p>[\/et_pb_blurb][et_pb_blurb title=&#8221;S\u00e4hk\u00f6posti&#8221; use_icon=&#8221;on&#8221; font_icon=&#8221;&#xf658;||fa||900&#8243; icon_color=&#8221;gcid-secondary-color&#8221; icon_placement=&#8221;left&#8221; image_icon_width=&#8221;32px&#8221; content_max_width=&#8221;100%&#8221; _builder_version=&#8221;4.27.4&#8243; _module_preset=&#8221;_initial&#8221; header_font=&#8221;\u2013et_global_heading_font|300|||||||&#8221; header_text_color=&#8221;gcid-secondary-color&#8221; header_font_size=&#8221;23px&#8221; body_font=&#8221;\u2013et_global_heading_font|300|||||||&#8221; custom_margin=&#8221;||||false|false&#8221; custom_padding=&#8221;30px||||false|false&#8221; animation=&#8221;off&#8221; header_font_size_tablet=&#8221;15px&#8221; header_font_size_phone=&#8221;14px&#8221; header_font_size_last_edited=&#8221;on|phone&#8221; border_color_all=&#8221;rgba(0,0,0,0.2)&#8221; border_width_top=&#8221;1px&#8221; global_colors_info=&#8221;{%22gcid-secondary-color%22:%91%22icon_color%22,%22header_text_color%22%93}&#8221;]<\/p>\n<p>info@load.se<\/p>\n<p>[\/et_pb_blurb][\/et_pb_column][\/et_pb_row][et_pb_row _builder_version=&#8221;4.27.4&#8243; _module_preset=&#8221;_initial&#8221; max_width=&#8221;1320px&#8221; custom_padding=&#8221;||100px|||&#8221; global_colors_info=&#8221;{}&#8221;][et_pb_column type=&#8221;4_4&#8243; _builder_version=&#8221;4.25.2&#8243; _module_preset=&#8221;_initial&#8221; global_colors_info=&#8221;{}&#8221;][et_pb_contact_form email=&#8221;info@load.se&#8221; title=&#8221;Ota yhteytt\u00e4 aloittaaksesi&#8221; submit_button_text=&#8221;L\u00c4HET\u00c4&#8221; _builder_version=&#8221;4.27.4&#8243; _module_preset=&#8221;_initial&#8221; _unique_id=&#8221;64b05b03-64fd-47e3-b2e5-4a974d0af1d6&#8243; form_field_background_color=&#8221;RGBA(255,255,255,0)&#8221; form_field_text_color=&#8221;gcid-secondary-color&#8221; title_font=&#8221;\u2013et_global_heading_font|300|||||||&#8221; title_text_color=&#8221;gcid-secondary-color&#8221; title_font_size=&#8221;32px&#8221; title_line_height=&#8221;1.3em&#8221; form_field_font=&#8221;\u2013et_global_heading_font|300|||||||&#8221; form_field_font_size=&#8221;16px&#8221; background_color=&#8221;RGBA(255,255,255,0)&#8221; button_text_size=&#8221;14px&#8221; button_text_color=&#8221;gcid-c99e8569-e73a-4475-92a4-a1a7fec8f2cc&#8221; button_bg_color=&#8221;gcid-2ebbc52c-9ee6-4712-a077-fcaec9b98540&#8243; button_border_width=&#8221;1px&#8221; button_border_radius=&#8221;0px&#8221; button_letter_spacing=&#8221;0.1em&#8221; button_font=&#8221;\u2013et_global_heading_font|300||on|||||&#8221; button_icon=&#8221;&#x24;||divi||400&#8243; button_icon_color=&#8221;gcid-c99e8569-e73a-4475-92a4-a1a7fec8f2cc&#8221; button_on_hover=&#8221;off&#8221; button_custom_padding=&#8221;12px|48px|12px|48px|true|true&#8221; hover_enabled=&#8221;0&#8243; title_font_size_tablet=&#8221;22px&#8221; title_font_size_phone=&#8221;17px&#8221; title_font_size_last_edited=&#8221;on|desktop&#8221; form_field_font_size_tablet=&#8221;15px&#8221; form_field_font_size_phone=&#8221;14px&#8221; form_field_font_size_last_edited=&#8221;on|desktop&#8221; border_width_all=&#8221;1px&#8221; border_color_all=&#8221;rgba(0,0,0,0.2)&#8221; global_colors_info=&#8221;{%22gcid-b6c4f12c-f25d-4f61-9fb1-6e96404634cd%22:%91%22background_color%22%93,%22gcid-2ebbc52c-9ee6-4712-a077-fcaec9b98540%22:%91%22button_bg_color%22%93,%22gcid-secondary-color%22:%91%22form_field_text_color%22,%22title_text_color%22%93,%22gcid-c99e8569-e73a-4475-92a4-a1a7fec8f2cc%22:%91%22button_text_color%22,%22button_icon_color%22%93}&#8221; use_spam_service=&#8221;on&#8221; recaptcha_list=&#8221;loadse|loadse-0&#8243; sticky_enabled=&#8221;0&#8243;][et_pb_contact_field field_id=&#8221;Name&#8221; field_title=&#8221;Nimi&#8221; fullwidth_field=&#8221;on&#8221; _builder_version=&#8221;4.27.4&#8243; _module_preset=&#8221;default&#8221; global_colors_info=&#8221;{}&#8221; button_text_size__hover_enabled=&#8221;off&#8221; button_one_text_size__hover_enabled=&#8221;off&#8221; button_two_text_size__hover_enabled=&#8221;off&#8221; button_text_color__hover_enabled=&#8221;off&#8221; button_one_text_color__hover_enabled=&#8221;off&#8221; button_two_text_color__hover_enabled=&#8221;off&#8221; button_border_width__hover_enabled=&#8221;off&#8221; button_one_border_width__hover_enabled=&#8221;off&#8221; button_two_border_width__hover_enabled=&#8221;off&#8221; button_border_color__hover_enabled=&#8221;off&#8221; button_one_border_color__hover_enabled=&#8221;off&#8221; button_two_border_color__hover_enabled=&#8221;off&#8221; button_border_radius__hover_enabled=&#8221;off&#8221; button_one_border_radius__hover_enabled=&#8221;off&#8221; button_two_border_radius__hover_enabled=&#8221;off&#8221; button_letter_spacing__hover_enabled=&#8221;off&#8221; button_one_letter_spacing__hover_enabled=&#8221;off&#8221; button_two_letter_spacing__hover_enabled=&#8221;off&#8221; button_bg_color__hover_enabled=&#8221;off&#8221; button_one_bg_color__hover_enabled=&#8221;off&#8221; button_two_bg_color__hover_enabled=&#8221;off&#8221;][\/et_pb_contact_field][et_pb_contact_field field_id=&#8221;Email&#8221; field_title=&#8221;S\u00e4hk\u00f6postiosoite&#8221; field_type=&#8221;email&#8221; fullwidth_field=&#8221;on&#8221; _builder_version=&#8221;4.25.2&#8243; _module_preset=&#8221;default&#8221; global_colors_info=&#8221;{}&#8221; button_text_size__hover_enabled=&#8221;off&#8221; button_one_text_size__hover_enabled=&#8221;off&#8221; button_two_text_size__hover_enabled=&#8221;off&#8221; button_text_color__hover_enabled=&#8221;off&#8221; button_one_text_color__hover_enabled=&#8221;off&#8221; button_two_text_color__hover_enabled=&#8221;off&#8221; button_border_width__hover_enabled=&#8221;off&#8221; button_one_border_width__hover_enabled=&#8221;off&#8221; button_two_border_width__hover_enabled=&#8221;off&#8221; button_border_color__hover_enabled=&#8221;off&#8221; button_one_border_color__hover_enabled=&#8221;off&#8221; button_two_border_color__hover_enabled=&#8221;off&#8221; button_border_radius__hover_enabled=&#8221;off&#8221; button_one_border_radius__hover_enabled=&#8221;off&#8221; button_two_border_radius__hover_enabled=&#8221;off&#8221; button_letter_spacing__hover_enabled=&#8221;off&#8221; button_one_letter_spacing__hover_enabled=&#8221;off&#8221; button_two_letter_spacing__hover_enabled=&#8221;off&#8221; button_bg_color__hover_enabled=&#8221;off&#8221; button_one_bg_color__hover_enabled=&#8221;off&#8221; button_two_bg_color__hover_enabled=&#8221;off&#8221;][\/et_pb_contact_field][et_pb_contact_field field_id=&#8221;Message&#8221; field_title=&#8221;Viesti&#8221; field_type=&#8221;text&#8221; fullwidth_field=&#8221;on&#8221; _builder_version=&#8221;4.16&#8243; _module_preset=&#8221;default&#8221; global_colors_info=&#8221;{}&#8221; button_text_size__hover_enabled=&#8221;off&#8221; button_one_text_size__hover_enabled=&#8221;off&#8221; button_two_text_size__hover_enabled=&#8221;off&#8221; button_text_color__hover_enabled=&#8221;off&#8221; button_one_text_color__hover_enabled=&#8221;off&#8221; button_two_text_color__hover_enabled=&#8221;off&#8221; button_border_width__hover_enabled=&#8221;off&#8221; button_one_border_width__hover_enabled=&#8221;off&#8221; button_two_border_width__hover_enabled=&#8221;off&#8221; button_border_color__hover_enabled=&#8221;off&#8221; button_one_border_color__hover_enabled=&#8221;off&#8221; button_two_border_color__hover_enabled=&#8221;off&#8221; button_border_radius__hover_enabled=&#8221;off&#8221; button_one_border_radius__hover_enabled=&#8221;off&#8221; button_two_border_radius__hover_enabled=&#8221;off&#8221; button_letter_spacing__hover_enabled=&#8221;off&#8221; button_one_letter_spacing__hover_enabled=&#8221;off&#8221; button_two_letter_spacing__hover_enabled=&#8221;off&#8221; button_bg_color__hover_enabled=&#8221;off&#8221; button_one_bg_color__hover_enabled=&#8221;off&#8221; button_two_bg_color__hover_enabled=&#8221;off&#8221;][\/et_pb_contact_field][\/et_pb_contact_form][\/et_pb_column][\/et_pb_row][\/et_pb_section]<\/p>\n","protected":false},"excerpt":{"rendered":"<p>Keskustellaan modernisoinnista Riippumatta siit\u00e4, haluatko modernisoida nykyisen IT-alustasi, yhdist\u00e4\u00e4 palvelimia tai optimoida suorituskyky\u00e4 ja kustannuksia \u2013 kaikki alkaa keskustelusta. Me LOADissa autamme yrityksi\u00e4 luomaan vakaita, turvallisia ja tehokkaita IT-ymp\u00e4rist\u00f6j\u00e4, jotka on rakennettu tulevaisuutta varten. Yhdess\u00e4 l\u00f6yd\u00e4mme oikean tien kohti yksinkertaisempaa, nopeampaa ja kest\u00e4v\u00e4mp\u00e4\u00e4 infrastruktuuria. \ud83d\udc49 Ota meihin yhteytt\u00e4 \u2013 odotamme innolla keskustelua IT-modernisoinnista kanssasi.F\u00e4r\u00f6gatan 33164 [&hellip;]<\/p>\n","protected":false},"author":1,"featured_media":0,"parent":0,"menu_order":0,"comment_status":"closed","ping_status":"closed","template":"","meta":{"_et_pb_use_builder":"on","_et_pb_old_content":"","_et_gb_content_width":"","footnotes":""},"class_list":["post-1997","page","type-page","status-publish","hentry"],"yoast_head":"<!-- This site is optimized with the Yoast SEO Premium plugin v27.2 (Yoast SEO v27.4) - https:\/\/yoast.com\/product\/yoast-seo-premium-wordpress\/ -->\n<title>Ota yhteytt\u00e4 LOADiin \u2013 IT-modernisointi ja neuvonta | LOAD<\/title>\n<meta name=\"description\" content=\"Ota yhteytt\u00e4 LOADiin saadaksesi neuvontaa IT-infrastruktuurin modernisointiin, suorituskykyyn, tietoturvaan ja kustannusoptimointiin.\" \/>\n<meta name=\"robots\" content=\"index, follow, max-snippet:-1, max-image-preview:large, max-video-preview:-1\" \/>\n<link rel=\"canonical\" href=\"https:\/\/www.load.se\/fi\/ota-yhteytta\/\" \/>\n<meta property=\"og:locale\" content=\"fi_FI\" \/>\n<meta property=\"og:type\" content=\"article\" \/>\n<meta property=\"og:title\" content=\"Ota yhteytt\u00e4\" \/>\n<meta property=\"og:description\" content=\"Ota yhteytt\u00e4 LOADiin saadaksesi neuvontaa IT-infrastruktuurin modernisointiin, suorituskykyyn, tietoturvaan ja kustannusoptimointiin.\" \/>\n<meta property=\"og:url\" content=\"https:\/\/www.load.se\/fi\/ota-yhteytta\/\" \/>\n<meta property=\"og:site_name\" content=\"Load System AB\" \/>\n<meta property=\"article:modified_time\" content=\"2026-04-04T06:27:58+00:00\" \/>\n<meta name=\"twitter:card\" content=\"summary_large_image\" \/>\n<meta name=\"twitter:label1\" content=\"Arvioitu lukuaika\" \/>\n\t<meta name=\"twitter:data1\" content=\"8 minuuttia\" \/>\n<script type=\"application\/ld+json\" class=\"yoast-schema-graph\">{\"@context\":\"https:\\\/\\\/schema.org\",\"@graph\":[{\"@type\":\"WebPage\",\"@id\":\"https:\\\/\\\/www.load.se\\\/fi\\\/ota-yhteytta\\\/\",\"url\":\"https:\\\/\\\/www.load.se\\\/fi\\\/ota-yhteytta\\\/\",\"name\":\"Ota yhteytt\u00e4 LOADiin \u2013 IT-modernisointi ja neuvonta | LOAD\",\"isPartOf\":{\"@id\":\"https:\\\/\\\/www.load.se\\\/fi\\\/#website\"},\"datePublished\":\"2025-10-08T12:23:29+00:00\",\"dateModified\":\"2026-04-04T06:27:58+00:00\",\"description\":\"Ota yhteytt\u00e4 LOADiin saadaksesi neuvontaa IT-infrastruktuurin modernisointiin, suorituskykyyn, tietoturvaan ja kustannusoptimointiin.\",\"breadcrumb\":{\"@id\":\"https:\\\/\\\/www.load.se\\\/fi\\\/ota-yhteytta\\\/#breadcrumb\"},\"inLanguage\":\"fi\",\"potentialAction\":[{\"@type\":\"ReadAction\",\"target\":[\"https:\\\/\\\/www.load.se\\\/fi\\\/ota-yhteytta\\\/\"]}]},{\"@type\":\"BreadcrumbList\",\"@id\":\"https:\\\/\\\/www.load.se\\\/fi\\\/ota-yhteytta\\\/#breadcrumb\",\"itemListElement\":[{\"@type\":\"ListItem\",\"position\":1,\"name\":\"Home\",\"item\":\"https:\\\/\\\/www.load.se\\\/fi\\\/\"},{\"@type\":\"ListItem\",\"position\":2,\"name\":\"Ota yhteytt\u00e4\"}]},{\"@type\":\"WebSite\",\"@id\":\"https:\\\/\\\/www.load.se\\\/fi\\\/#website\",\"url\":\"https:\\\/\\\/www.load.se\\\/fi\\\/\",\"name\":\"Load System AB\",\"description\":\"\",\"publisher\":{\"@id\":\"https:\\\/\\\/www.load.se\\\/fi\\\/#organization\"},\"potentialAction\":[{\"@type\":\"SearchAction\",\"target\":{\"@type\":\"EntryPoint\",\"urlTemplate\":\"https:\\\/\\\/www.load.se\\\/fi\\\/?s={search_term_string}\"},\"query-input\":{\"@type\":\"PropertyValueSpecification\",\"valueRequired\":true,\"valueName\":\"search_term_string\"}}],\"inLanguage\":\"fi\"},{\"@type\":\"Organization\",\"@id\":\"https:\\\/\\\/www.load.se\\\/fi\\\/#organization\",\"name\":\"Load System AB\",\"url\":\"https:\\\/\\\/www.load.se\\\/fi\\\/\",\"logo\":{\"@type\":\"ImageObject\",\"inLanguage\":\"fi\",\"@id\":\"https:\\\/\\\/www.load.se\\\/fi\\\/#\\\/schema\\\/logo\\\/image\\\/\",\"url\":\"http:\\\/\\\/www.load.se\\\/wp-content\\\/uploads\\\/2025\\\/10\\\/Load-website-6.png\",\"contentUrl\":\"http:\\\/\\\/www.load.se\\\/wp-content\\\/uploads\\\/2025\\\/10\\\/Load-website-6.png\",\"width\":2160,\"height\":800,\"caption\":\"Load System AB\"},\"image\":{\"@id\":\"https:\\\/\\\/www.load.se\\\/fi\\\/#\\\/schema\\\/logo\\\/image\\\/\"},\"sameAs\":[\"https:\\\/\\\/www.linkedin.com\\\/company\\\/load-ab\"]}]}<\/script>\n<!-- \/ Yoast SEO Premium plugin. -->","yoast_head_json":{"title":"Ota yhteytt\u00e4 LOADiin \u2013 IT-modernisointi ja neuvonta | LOAD","description":"Ota yhteytt\u00e4 LOADiin saadaksesi neuvontaa IT-infrastruktuurin modernisointiin, suorituskykyyn, tietoturvaan ja kustannusoptimointiin.","robots":{"index":"index","follow":"follow","max-snippet":"max-snippet:-1","max-image-preview":"max-image-preview:large","max-video-preview":"max-video-preview:-1"},"canonical":"https:\/\/www.load.se\/fi\/ota-yhteytta\/","og_locale":"fi_FI","og_type":"article","og_title":"Ota yhteytt\u00e4","og_description":"Ota yhteytt\u00e4 LOADiin saadaksesi neuvontaa IT-infrastruktuurin modernisointiin, suorituskykyyn, tietoturvaan ja kustannusoptimointiin.","og_url":"https:\/\/www.load.se\/fi\/ota-yhteytta\/","og_site_name":"Load System AB","article_modified_time":"2026-04-04T06:27:58+00:00","twitter_card":"summary_large_image","twitter_misc":{"Arvioitu lukuaika":"8 minuuttia"},"schema":{"@context":"https:\/\/schema.org","@graph":[{"@type":"WebPage","@id":"https:\/\/www.load.se\/fi\/ota-yhteytta\/","url":"https:\/\/www.load.se\/fi\/ota-yhteytta\/","name":"Ota yhteytt\u00e4 LOADiin \u2013 IT-modernisointi ja neuvonta | LOAD","isPartOf":{"@id":"https:\/\/www.load.se\/fi\/#website"},"datePublished":"2025-10-08T12:23:29+00:00","dateModified":"2026-04-04T06:27:58+00:00","description":"Ota yhteytt\u00e4 LOADiin saadaksesi neuvontaa IT-infrastruktuurin modernisointiin, suorituskykyyn, tietoturvaan ja kustannusoptimointiin.","breadcrumb":{"@id":"https:\/\/www.load.se\/fi\/ota-yhteytta\/#breadcrumb"},"inLanguage":"fi","potentialAction":[{"@type":"ReadAction","target":["https:\/\/www.load.se\/fi\/ota-yhteytta\/"]}]},{"@type":"BreadcrumbList","@id":"https:\/\/www.load.se\/fi\/ota-yhteytta\/#breadcrumb","itemListElement":[{"@type":"ListItem","position":1,"name":"Home","item":"https:\/\/www.load.se\/fi\/"},{"@type":"ListItem","position":2,"name":"Ota yhteytt\u00e4"}]},{"@type":"WebSite","@id":"https:\/\/www.load.se\/fi\/#website","url":"https:\/\/www.load.se\/fi\/","name":"Load System AB","description":"","publisher":{"@id":"https:\/\/www.load.se\/fi\/#organization"},"potentialAction":[{"@type":"SearchAction","target":{"@type":"EntryPoint","urlTemplate":"https:\/\/www.load.se\/fi\/?s={search_term_string}"},"query-input":{"@type":"PropertyValueSpecification","valueRequired":true,"valueName":"search_term_string"}}],"inLanguage":"fi"},{"@type":"Organization","@id":"https:\/\/www.load.se\/fi\/#organization","name":"Load System AB","url":"https:\/\/www.load.se\/fi\/","logo":{"@type":"ImageObject","inLanguage":"fi","@id":"https:\/\/www.load.se\/fi\/#\/schema\/logo\/image\/","url":"http:\/\/www.load.se\/wp-content\/uploads\/2025\/10\/Load-website-6.png","contentUrl":"http:\/\/www.load.se\/wp-content\/uploads\/2025\/10\/Load-website-6.png","width":2160,"height":800,"caption":"Load System AB"},"image":{"@id":"https:\/\/www.load.se\/fi\/#\/schema\/logo\/image\/"},"sameAs":["https:\/\/www.linkedin.com\/company\/load-ab"]}]}},"_links":{"self":[{"href":"https:\/\/www.load.se\/fi\/wp-json\/wp\/v2\/pages\/1997","targetHints":{"allow":["GET"]}}],"collection":[{"href":"https:\/\/www.load.se\/fi\/wp-json\/wp\/v2\/pages"}],"about":[{"href":"https:\/\/www.load.se\/fi\/wp-json\/wp\/v2\/types\/page"}],"author":[{"embeddable":true,"href":"https:\/\/www.load.se\/fi\/wp-json\/wp\/v2\/users\/1"}],"replies":[{"embeddable":true,"href":"https:\/\/www.load.se\/fi\/wp-json\/wp\/v2\/comments?post=1997"}],"version-history":[{"count":8,"href":"https:\/\/www.load.se\/fi\/wp-json\/wp\/v2\/pages\/1997\/revisions"}],"predecessor-version":[{"id":3637,"href":"https:\/\/www.load.se\/fi\/wp-json\/wp\/v2\/pages\/1997\/revisions\/3637"}],"wp:attachment":[{"href":"https:\/\/www.load.se\/fi\/wp-json\/wp\/v2\/media?parent=1997"}],"curies":[{"name":"wp","href":"https:\/\/api.w.org\/{rel}","templated":true}]}}