{"id":2012,"date":"2025-10-11T18:39:22","date_gmt":"2025-10-11T16:39:22","guid":{"rendered":"http:\/\/www.load.se\/ibm-power\/"},"modified":"2026-04-04T08:01:00","modified_gmt":"2026-04-04T06:01:00","slug":"ibm-power","status":"publish","type":"page","link":"https:\/\/www.load.se\/fi\/ibm-power\/","title":{"rendered":"IBM Power"},"content":{"rendered":"<p>[et_pb_section fb_built=&#8221;1&#8243; admin_label=&#8221;Header&#8221; _builder_version=&#8221;4.23.2&#8243; _module_preset=&#8221;default&#8221; custom_padding=&#8221;0px||0px||true|false&#8221; collapsed=&#8221;on&#8221; global_colors_info=&#8221;{}&#8221;][et_pb_row column_structure=&#8221;1_3,2_3&#8243; use_custom_gutter=&#8221;on&#8221; gutter_width=&#8221;1&#8243; make_equal=&#8221;on&#8221; _builder_version=&#8221;4.27.4&#8243; _module_preset=&#8221;default&#8221; width=&#8221;100%&#8221; max_width=&#8221;none&#8221; custom_padding=&#8221;0px||0px||true|false&#8221; locked=&#8221;off&#8221; global_colors_info=&#8221;{}&#8221;][et_pb_column type=&#8221;1_3&#8243; _builder_version=&#8221;4.27.4&#8243; _module_preset=&#8221;default&#8221; background_image=&#8221;https:\/\/www.load.se\/wp-content\/uploads\/2025\/10\/Power11Blue.png&#8221; custom_padding=&#8221;|0px|||false|false&#8221; global_colors_info=&#8221;{}&#8221;][\/et_pb_column][et_pb_column type=&#8221;2_3&#8243; _builder_version=&#8221;4.27.4&#8243; _module_preset=&#8221;default&#8221; background_color=&#8221;gcid-c99e8569-e73a-4475-92a4-a1a7fec8f2cc&#8221; use_background_color_gradient=&#8221;on&#8221; background_color_gradient_type=&#8221;conic&#8221; background_color_gradient_direction=&#8221;140deg&#8221; background_color_gradient_stops=&#8221;rgba(255,255,255,0) 0%|rgba(255,255,255,0) 50%|rgba(255,255,255,0.2) 100%&#8221; custom_padding=&#8221;10%|10%|10%|10%|true|true&#8221; global_colors_info=&#8221;{%22gcid-c99e8569-e73a-4475-92a4-a1a7fec8f2cc%22:%91%22background_color%22%93}&#8221;][et_pb_text _builder_version=&#8221;4.27.4&#8243; _module_preset=&#8221;_initial&#8221; header_text_color=&#8221;#FFFFFF&#8221; header_font_size=&#8221;32px&#8221; header_line_height=&#8221;1.2em&#8221; header_font_size_tablet=&#8221;40px&#8221; header_font_size_phone=&#8221;24px&#8221; header_font_size_last_edited=&#8221;on|desktop&#8221; global_colors_info=&#8221;{}&#8221;]<\/p>\n<h1>IBM Power11<\/h1>\n<p>[\/et_pb_text][et_pb_text _builder_version=&#8221;4.27.4&#8243; _module_preset=&#8221;_initial&#8221; text_text_color=&#8221;#FFFFFF&#8221; header_5_font=&#8221;\u2013et_global_heading_font|300|||||||&#8221; header_5_text_color=&#8221;#FFFFFF&#8221; header_5_font_size=&#8221;14px&#8221; header_5_line_height=&#8221;1.6em&#8221; background_layout=&#8221;dark&#8221; max_width=&#8221;600px&#8221; custom_padding=&#8221;||32px|||&#8221; header_5_font_size_tablet=&#8221;16px&#8221; header_5_font_size_phone=&#8221;14px&#8221; header_5_font_size_last_edited=&#8221;on|desktop&#8221; global_colors_info=&#8221;{%22gcid-secondary-color%22:%91%22header_text_color%22%93}&#8221;]<\/p>\n<h3>Seuraavan sukupolven alusta liiketoiminnan kannalta kriittisille j\u00e4rjestelmille<\/h3>\n<p>Kun skaalautuvuuden, turvallisuuden ja saatavuuden vaatimukset kasvavat, tarvitaan infrastruktuuri, joka pystyy vastaamaan niihin \u2013 tinkim\u00e4tt\u00e4.<br data-start=\"461\" data-end=\"464\"><strong data-start=\"464\" data-end=\"479\">IBM Power11<\/strong>, Power-perheen uusin sukupolvi, on rakennettu teko\u00e4lyaikakautta varten ja tarjoaa markkinoiden johtavaa suorituskyky\u00e4, luotettavuutta ja energiatehokkuutta moderneille yrityksille.<\/p>\n<p>[\/et_pb_text][\/et_pb_column][\/et_pb_row][\/et_pb_section][et_pb_section fb_built=&#8221;1&#8243; admin_label=&#8221;Project Info&#8221; _builder_version=&#8221;4.27.4&#8243; _module_preset=&#8221;default&#8221; background_color=&#8221;#FFFFFF&#8221; locked=&#8221;off&#8221; collapsed=&#8221;on&#8221; global_colors_info=&#8221;{}&#8221;][et_pb_row column_structure=&#8221;1_3,2_3&#8243; _builder_version=&#8221;4.27.4&#8243; _module_preset=&#8221;default&#8221; global_colors_info=&#8221;{}&#8221;][et_pb_column type=&#8221;1_3&#8243; _builder_version=&#8221;4.23.2&#8243; _module_preset=&#8221;default&#8221; global_colors_info=&#8221;{}&#8221;][et_pb_text _builder_version=&#8221;4.27.4&#8243; _module_preset=&#8221;_initial&#8221; text_font=&#8221;\u2013et_global_heading_font|300|||||||&#8221; header_2_font=&#8221;\u2013et_global_heading_font|300|||||||&#8221; header_2_text_color=&#8221;gcid-secondary-color&#8221; header_2_font_size=&#8221;32px&#8221; header_2_line_height=&#8221;1.3em&#8221; custom_margin=&#8221;|-9px|10px||false|false&#8221; header_2_font_size_tablet=&#8221;32px&#8221; header_2_font_size_phone=&#8221;20px&#8221; header_2_font_size_last_edited=&#8221;on|desktop&#8221; global_colors_info=&#8221;{%22gcid-primary-color%22:%91%22text_text_color%22%93,%22gcid-secondary-color%22:%91%22header_text_color%22,%22header_2_text_color%22%93}&#8221;]<\/p>\n<h2>Suorituskyky\u00e4 tulevaisuuden ty\u00f6kuormille<\/h2>\n<p>[\/et_pb_text][et_pb_divider _builder_version=&#8221;4.27.4&#8243; _module_preset=&#8221;default&#8221; global_colors_info=&#8221;{}&#8221;][\/et_pb_divider][et_pb_blurb title=&#8221;Lataa IBM Power11 -tuote-esite&#8221; use_icon=&#8221;on&#8221; font_icon=&#8221;&#xf56d;||fa||900&#8243; icon_color=&#8221;gcid-secondary-color&#8221; icon_placement=&#8221;left&#8221; _builder_version=&#8221;4.27.4&#8243; _dynamic_attributes=&#8221;link_option_url&#8221; _module_preset=&#8221;default&#8221; link_option_url=&#8221;@ET-DC@eyJkeW5hbWljIjp0cnVlLCJjb250ZW50IjoicG9zdF9saW5rX3VybF9hdHRhY2htZW50Iiwic2V0dGluZ3MiOnsicG9zdF9pZCI6IjU0MCJ9fQ==@&#8221; hover_enabled=&#8221;0&#8243; global_colors_info=&#8221;{%22gcid-secondary-color%22:%91%22icon_color%22%93}&#8221; link_option_url_new_window=&#8221;on&#8221; sticky_enabled=&#8221;0&#8243;]<\/p>\n<p>Tutustu koko IBM Power11 -perheeseen \u2013 kompakteista j\u00e4rjestelmist\u00e4 yritystason palvelimiin, joissa on teko\u00e4lykiihdytys, 99,9999 % k\u00e4ytett\u00e4vyys ja kvanttiturvallinen salaus.<\/p>\n<p>[\/et_pb_blurb][\/et_pb_column][et_pb_column type=&#8221;2_3&#8243; _builder_version=&#8221;4.23.2&#8243; _module_preset=&#8221;default&#8221; global_colors_info=&#8221;{}&#8221;][et_pb_text _builder_version=&#8221;4.27.4&#8243; _module_preset=&#8221;_initial&#8221; text_font_size=&#8221;15px&#8221; text_line_height=&#8221;1.8em&#8221; text_font_size_tablet=&#8221;15px&#8221; text_font_size_phone=&#8221;14px&#8221; text_font_size_last_edited=&#8221;on|desktop&#8221; global_colors_info=&#8221;{}&#8221;]<\/p>\n<p>Jopa <strong data-start=\"800\" data-end=\"814\">256 ytimell\u00e4<\/strong>, <strong data-start=\"816\" data-end=\"848\">DDR5-muistilla jopa 64 TB<\/strong> ja <strong data-start=\"853\" data-end=\"890\">jopa 55 % korkeammalla ytimen suorituskyvyll\u00e4<\/strong> kuin edellinen sukupolvi, Power11 tarjoaa alustan, joka k\u00e4sittelee kaiken tietokantapohjaisista sovelluksista teko\u00e4lyyn ja edistyneeseen analytiikkaan.<br data-start=\"1026\" data-end=\"1029\">Uusi <strong data-start=\"1037\" data-end=\"1063\">IBM Spyre -kiihdytin<\/strong> tarjoaa lis\u00e4ksi laitteistopohjaisen teko\u00e4lykiihdytyksen p\u00e4\u00e4ttelyyn ja hybridipilviymp\u00e4rist\u00f6ihin.<\/p>\n<p>[\/et_pb_text][et_pb_text _builder_version=&#8221;4.27.4&#8243; _module_preset=&#8221;_initial&#8221; header_4_font=&#8221;Space Grotesk|500|||||||&#8221; header_4_text_color=&#8221;#000000&#8243; header_4_font_size=&#8221;24px&#8221; header_4_line_height=&#8221;1.5em&#8221; custom_margin=&#8221;||0px||false|false&#8221; header_4_font_size_tablet=&#8221;16px&#8221; header_4_font_size_phone=&#8221;15px&#8221; header_4_font_size_last_edited=&#8221;on|desktop&#8221; global_colors_info=&#8221;{}&#8221;]<\/p>\n<h1>Kvanttiturvallisuus ja kyberresilienssi<\/h1>\n<p>[\/et_pb_text][et_pb_text _builder_version=&#8221;4.27.4&#8243; _module_preset=&#8221;_initial&#8221; text_font_size=&#8221;15px&#8221; text_line_height=&#8221;1.8em&#8221; text_font_size_tablet=&#8221;15px&#8221; text_font_size_phone=&#8221;14px&#8221; text_font_size_last_edited=&#8221;on|phone&#8221; global_colors_info=&#8221;{}&#8221;]<\/p>\n<p data-start=\"1271\" data-end=\"1644\">IBM Power11 tarjoaa <strong data-start=\"1293\" data-end=\"1321\">99,9999 % saatavuuden<\/strong> ja <strong data-start=\"1326\" data-end=\"1378\">alle minuutin havaitsemisajan kiristysohjelmille<\/strong> integroidun <strong data-start=\"1396\" data-end=\"1421\">IBM Power Cyber Vaultin<\/strong> avulla.<br data-start=\"1422\" data-end=\"1425\">Alusta k\u00e4ytt\u00e4\u00e4 <strong data-start=\"1446\" data-end=\"1484\">NIST-hyv\u00e4ksytty\u00e4 kvanttiturvallista salausta<\/strong> ja <strong data-start=\"1489\" data-end=\"1512\">muuttumattomia tilannekuvia<\/strong> suojautuakseen tulevilta uhilta, mukaan lukien niin kutsutut <em data-start=\"1567\" data-end=\"1595\">harvest-now, decrypt-later<\/em> -hy\u00f6kk\u00e4ykset.<\/p>\n<p data-start=\"1646\" data-end=\"1810\"><strong data-start=\"1650\" data-end=\"1676\">Autonomisten p\u00e4ivitysten<\/strong> ja <strong data-start=\"1681\" data-end=\"1708\">itsekorjautuvan arkkitehtuurin<\/strong> ansiosta j\u00e4rjestelm\u00e4\u00e4 voidaan huoltaa ilman suunniteltuja k\u00e4ytt\u00f6katkoksia \u2013 mik\u00e4 tarkoittaa, ett\u00e4 liiketoiminta on aina k\u00e4ynniss\u00e4.<\/p>\n<p>[\/et_pb_text][et_pb_text _builder_version=&#8221;4.27.4&#8243; _module_preset=&#8221;_initial&#8221; header_4_font=&#8221;Space Grotesk|500|||||||&#8221; header_4_text_color=&#8221;#000000&#8243; header_4_font_size=&#8221;24px&#8221; header_4_line_height=&#8221;1.5em&#8221; custom_margin=&#8221;||0px||false|false&#8221; header_4_font_size_tablet=&#8221;16px&#8221; header_4_font_size_phone=&#8221;15px&#8221; header_4_font_size_last_edited=&#8221;on|desktop&#8221; global_colors_info=&#8221;{}&#8221;]<\/p>\n<h1>Teko\u00e4lyvalmis perustasta alkaen<\/h1>\n<p>[\/et_pb_text][et_pb_text _builder_version=&#8221;4.27.4&#8243; _module_preset=&#8221;_initial&#8221; text_font_size=&#8221;15px&#8221; text_line_height=&#8221;1.8em&#8221; text_font_size_tablet=&#8221;15px&#8221; text_font_size_phone=&#8221;14px&#8221; text_font_size_last_edited=&#8221;on|desktop&#8221; global_colors_info=&#8221;{}&#8221;]<\/p>\n<p>Power11 on rakennettu ajamaan <strong data-start=\"1880\" data-end=\"1930\">teko\u00e4lyty\u00f6kuormia suoraan infrastruktuurissa<\/strong>.<br data-start=\"1931\" data-end=\"1934\"><strong data-start=\"1938\" data-end=\"1962\">Red Hat OpenShift AI:n<\/strong>, <strong data-start=\"1964\" data-end=\"1980\">watsonx.datan<\/strong> ja <strong data-start=\"1985\" data-end=\"2017\">watsonx Code Assistant for i:n<\/strong> avulla yritykset voivat modernisoida liiketoimintaj\u00e4rjestelmi\u00e4\u00e4n, automatisoida koodinkehityst\u00e4 ja hy\u00f6dynt\u00e4\u00e4 teko\u00e4lypohjaisia oivalluksia \u2013 poistumatta turvalliselta Power-alustalta.<\/p>\n<p>[\/et_pb_text][et_pb_image src=&#8221;http:\/\/www.load.se\/wp-content\/uploads\/2025\/10\/Power11-Launch-SocialKit-1.png&#8221; title_text=&#8221;Power11-Launch-SocialKit&#8221; _builder_version=&#8221;4.27.4&#8243; _module_preset=&#8221;default&#8221; global_colors_info=&#8221;{}&#8221;][\/et_pb_image][et_pb_text _builder_version=&#8221;4.27.4&#8243; _module_preset=&#8221;_initial&#8221; header_4_font=&#8221;Space Grotesk|500|||||||&#8221; header_4_text_color=&#8221;#000000&#8243; header_4_font_size=&#8221;24px&#8221; header_4_line_height=&#8221;1.5em&#8221; custom_margin=&#8221;||0px||false|false&#8221; header_4_font_size_tablet=&#8221;16px&#8221; header_4_font_size_phone=&#8221;15px&#8221; header_4_font_size_last_edited=&#8221;on|desktop&#8221; global_colors_info=&#8221;{}&#8221;]<\/p>\n<h1>Energiatehokas ja kest\u00e4v\u00e4 toiminta<\/h1>\n<p>[\/et_pb_text][et_pb_text _builder_version=&#8221;4.27.4&#8243; _module_preset=&#8221;_initial&#8221; text_font_size=&#8221;15px&#8221; text_line_height=&#8221;1.8em&#8221; text_font_size_tablet=&#8221;15px&#8221; text_font_size_phone=&#8221;14px&#8221; text_font_size_last_edited=&#8221;on|desktop&#8221; global_colors_info=&#8221;{}&#8221;]<\/p>\n<p>Uuden <strong data-start=\"2269\" data-end=\"2294\">Energy Efficient Mode<\/strong> -tilan ansiosta Power11 kuluttaa jopa <strong data-start=\"2322\" data-end=\"2344\">28 % v\u00e4hemm\u00e4n energiaa<\/strong> ja tarjoaa <strong data-start=\"2359\" data-end=\"2396\">kaksi kertaa korkeamman suorituskyvyn wattia kohden<\/strong> kuin vastaavat x86-j\u00e4rjestelm\u00e4t.<br data-start=\"2423\" data-end=\"2426\">Edistyneet j\u00e4\u00e4hdytysj\u00e4rjestelm\u00e4t ja 2.5D-pinottu kondensaattoritekniikka v\u00e4hent\u00e4v\u00e4t sek\u00e4 l\u00e4mp\u00f6\u00e4 ett\u00e4 energiah\u00e4vi\u00f6it\u00e4, mik\u00e4 tekee Power11:st\u00e4 yhden markkinoiden kest\u00e4vimmist\u00e4 palvelinalustoista.<\/p>\n<p>[\/et_pb_text][et_pb_text _builder_version=&#8221;4.27.4&#8243; _module_preset=&#8221;_initial&#8221; header_4_font=&#8221;Space Grotesk|500|||||||&#8221; header_4_text_color=&#8221;#000000&#8243; header_4_font_size=&#8221;24px&#8221; header_4_line_height=&#8221;1.5em&#8221; custom_margin=&#8221;||0px||false|false&#8221; header_4_font_size_tablet=&#8221;16px&#8221; header_4_font_size_phone=&#8221;15px&#8221; header_4_font_size_last_edited=&#8221;on|desktop&#8221; global_colors_info=&#8221;{}&#8221;]<\/p>\n<h1>Joustava kapasiteetti ja hybridipilvi<\/h1>\n<p>[\/et_pb_text][et_pb_text _builder_version=&#8221;4.27.4&#8243; _module_preset=&#8221;_initial&#8221; text_font_size=&#8221;15px&#8221; text_line_height=&#8221;1.8em&#8221; text_font_size_tablet=&#8221;15px&#8221; text_font_size_phone=&#8221;14px&#8221; text_font_size_last_edited=&#8221;on|desktop&#8221; global_colors_info=&#8221;{}&#8221;]<\/p>\n<p data-start=\"2694\" data-end=\"2751\">Power11 integroituu saumattomasti <strong data-start=\"2715\" data-end=\"2745\">Power Enterprise Pools 2.0:n<\/strong> ja <strong data-start=\"2750\" data-end=\"2778\">IBM Power Virtual Serverin<\/strong> kanssa \u2013 tarjoten pilvim\u00e4ist\u00e4 joustavuutta t\u00e4ydell\u00e4 datanhallinnalla.<br data-start=\"2841\" data-end=\"2844\">Resursseja voidaan jakaa jopa 96 j\u00e4rjestelm\u00e4n kesken ja laskuttaa <strong data-start=\"2901\" data-end=\"2914\">minuuttikohtaisesti<\/strong>, mik\u00e4 alentaa kustannuksia ja mahdollistaa sujuvan skaalauksen paikallisen ja IBM Cloudin v\u00e4lill\u00e4.<\/p>\n<p>[\/et_pb_text][\/et_pb_column][\/et_pb_row][et_pb_row column_structure=&#8221;1_3,2_3&#8243; _builder_version=&#8221;4.27.4&#8243; _module_preset=&#8221;default&#8221; custom_margin=&#8221;100px||||false|false&#8221; custom_margin_tablet=&#8221;60px||||false|false&#8221; custom_margin_phone=&#8221;60px||||false|false&#8221; custom_margin_last_edited=&#8221;on|phone&#8221; global_module=&#8221;644&#8243; global_colors_info=&#8221;{}&#8221;][et_pb_column type=&#8221;1_3&#8243; _builder_version=&#8221;4.27.4&#8243; _module_preset=&#8221;default&#8221; global_colors_info=&#8221;{}&#8221;][et_pb_text _builder_version=&#8221;4.27.4&#8243; _module_preset=&#8221;_initial&#8221; header_2_font=&#8221;Space Grotesk|500|||||||&#8221; header_2_text_color=&#8221;#000000&#8243; header_2_font_size=&#8221;52px&#8221; header_2_line_height=&#8221;1.3em&#8221; custom_margin=&#8221;||10px||false|false&#8221; header_2_font_size_tablet=&#8221;32px&#8221; header_2_font_size_phone=&#8221;20px&#8221; header_2_font_size_last_edited=&#8221;on|desktop&#8221; global_colors_info=&#8221;{}&#8221;]<\/p>\n<h1>Miksi LOAD<\/h1>\n<p>[\/et_pb_text][\/et_pb_column][et_pb_column type=&#8221;2_3&#8243; _builder_version=&#8221;4.23.2&#8243; _module_preset=&#8221;default&#8221; global_colors_info=&#8221;{}&#8221;][et_pb_text _builder_version=&#8221;4.27.4&#8243; _module_preset=&#8221;_initial&#8221; text_font_size=&#8221;15px&#8221; text_line_height=&#8221;1.8em&#8221; text_font_size_tablet=&#8221;15px&#8221; text_font_size_phone=&#8221;14px&#8221; text_font_size_last_edited=&#8221;on|desktop&#8221; global_colors_info=&#8221;{}&#8221;]<\/p>\n<p>IBM Platinum Partnerina LOAD auttaa ruotsalaisia yrityksi\u00e4 toteuttamaan ratkaisuja, jotka vastaavat heid\u00e4n suorituskyky-, turvallisuus- ja helppok\u00e4ytt\u00f6isyysvaatimuksiaan.<br \/>Tarjoamme neuvontaa, suunnittelua, toteutusta ja ennakoivaa tukea \u2013 jotta voit keskitty\u00e4 liiketoimintaan infrastruktuurin sijaan.<\/p>\n<p>[\/et_pb_text][\/et_pb_column][\/et_pb_row][\/et_pb_section]<\/p>\n","protected":false},"excerpt":{"rendered":"<p>IBM Power11Seuraavan sukupolven alusta liiketoiminnan kannalta kriittisille j\u00e4rjestelmille Kun skaalautuvuuden, turvallisuuden ja saatavuuden vaatimukset kasvavat, tarvitaan infrastruktuuri, joka pystyy vastaamaan niihin \u2013 tinkim\u00e4tt\u00e4.IBM Power11, Power-perheen uusin sukupolvi, on rakennettu teko\u00e4lyaikakautta varten ja tarjoaa markkinoiden johtavaa suorituskyky\u00e4, luotettavuutta ja energiatehokkuutta moderneille yrityksille.Suorituskyky\u00e4 tulevaisuuden ty\u00f6kuormilleTutustu koko IBM Power11 -perheeseen \u2013 kompakteista j\u00e4rjestelmist\u00e4 yritystason palvelimiin, joissa on teko\u00e4lykiihdytys, [&hellip;]<\/p>\n","protected":false},"author":1,"featured_media":0,"parent":0,"menu_order":0,"comment_status":"closed","ping_status":"closed","template":"","meta":{"_et_pb_use_builder":"on","_et_pb_old_content":"","_et_gb_content_width":"","footnotes":""},"class_list":["post-2012","page","type-page","status-publish","hentry"],"yoast_head":"<!-- This site is optimized with the Yoast SEO Premium plugin v27.2 (Yoast SEO v27.4) - https:\/\/yoast.com\/product\/yoast-seo-premium-wordpress\/ -->\n<title>IBM Power \u2013 kriittisten j\u00e4rjestelmien suorituskyky | LOAD<\/title>\n<meta name=\"description\" content=\"IBM Power tarjoaa korkean suorituskyvyn, tietoturvan ja k\u00e4ytett\u00e4vyyden liiketoimintakriittisille j\u00e4rjestelmille, tietokannoille ja teko\u00e4lypohjaisille ty\u00f6kuormille.\" \/>\n<meta name=\"robots\" content=\"index, follow, max-snippet:-1, max-image-preview:large, max-video-preview:-1\" \/>\n<link rel=\"canonical\" href=\"https:\/\/www.load.se\/fi\/ibm-power\/\" \/>\n<meta property=\"og:locale\" content=\"fi_FI\" \/>\n<meta property=\"og:type\" content=\"article\" \/>\n<meta property=\"og:title\" content=\"IBM Power\" \/>\n<meta property=\"og:description\" content=\"IBM Power tarjoaa korkean suorituskyvyn, tietoturvan ja k\u00e4ytett\u00e4vyyden liiketoimintakriittisille j\u00e4rjestelmille, tietokannoille ja teko\u00e4lypohjaisille ty\u00f6kuormille.\" \/>\n<meta property=\"og:url\" content=\"https:\/\/www.load.se\/fi\/ibm-power\/\" \/>\n<meta property=\"og:site_name\" content=\"Load System AB\" \/>\n<meta property=\"article:modified_time\" content=\"2026-04-04T06:01:00+00:00\" \/>\n<meta name=\"twitter:card\" content=\"summary_large_image\" \/>\n<meta name=\"twitter:label1\" content=\"Arvioitu lukuaika\" \/>\n\t<meta name=\"twitter:data1\" content=\"7 minuuttia\" \/>\n<script type=\"application\/ld+json\" class=\"yoast-schema-graph\">{\"@context\":\"https:\\\/\\\/schema.org\",\"@graph\":[{\"@type\":\"WebPage\",\"@id\":\"https:\\\/\\\/www.load.se\\\/fi\\\/ibm-power\\\/\",\"url\":\"https:\\\/\\\/www.load.se\\\/fi\\\/ibm-power\\\/\",\"name\":\"IBM Power \u2013 kriittisten j\u00e4rjestelmien suorituskyky | LOAD\",\"isPartOf\":{\"@id\":\"https:\\\/\\\/www.load.se\\\/fi\\\/#website\"},\"datePublished\":\"2025-10-11T16:39:22+00:00\",\"dateModified\":\"2026-04-04T06:01:00+00:00\",\"description\":\"IBM Power tarjoaa korkean suorituskyvyn, tietoturvan ja k\u00e4ytett\u00e4vyyden liiketoimintakriittisille j\u00e4rjestelmille, tietokannoille ja teko\u00e4lypohjaisille ty\u00f6kuormille.\",\"breadcrumb\":{\"@id\":\"https:\\\/\\\/www.load.se\\\/fi\\\/ibm-power\\\/#breadcrumb\"},\"inLanguage\":\"fi\",\"potentialAction\":[{\"@type\":\"ReadAction\",\"target\":[\"https:\\\/\\\/www.load.se\\\/fi\\\/ibm-power\\\/\"]}]},{\"@type\":\"BreadcrumbList\",\"@id\":\"https:\\\/\\\/www.load.se\\\/fi\\\/ibm-power\\\/#breadcrumb\",\"itemListElement\":[{\"@type\":\"ListItem\",\"position\":1,\"name\":\"Home\",\"item\":\"https:\\\/\\\/www.load.se\\\/fi\\\/\"},{\"@type\":\"ListItem\",\"position\":2,\"name\":\"IBM Power\"}]},{\"@type\":\"WebSite\",\"@id\":\"https:\\\/\\\/www.load.se\\\/fi\\\/#website\",\"url\":\"https:\\\/\\\/www.load.se\\\/fi\\\/\",\"name\":\"Load System AB\",\"description\":\"\",\"publisher\":{\"@id\":\"https:\\\/\\\/www.load.se\\\/fi\\\/#organization\"},\"potentialAction\":[{\"@type\":\"SearchAction\",\"target\":{\"@type\":\"EntryPoint\",\"urlTemplate\":\"https:\\\/\\\/www.load.se\\\/fi\\\/?s={search_term_string}\"},\"query-input\":{\"@type\":\"PropertyValueSpecification\",\"valueRequired\":true,\"valueName\":\"search_term_string\"}}],\"inLanguage\":\"fi\"},{\"@type\":\"Organization\",\"@id\":\"https:\\\/\\\/www.load.se\\\/fi\\\/#organization\",\"name\":\"Load System AB\",\"url\":\"https:\\\/\\\/www.load.se\\\/fi\\\/\",\"logo\":{\"@type\":\"ImageObject\",\"inLanguage\":\"fi\",\"@id\":\"https:\\\/\\\/www.load.se\\\/fi\\\/#\\\/schema\\\/logo\\\/image\\\/\",\"url\":\"http:\\\/\\\/www.load.se\\\/wp-content\\\/uploads\\\/2025\\\/10\\\/Load-website-6.png\",\"contentUrl\":\"http:\\\/\\\/www.load.se\\\/wp-content\\\/uploads\\\/2025\\\/10\\\/Load-website-6.png\",\"width\":2160,\"height\":800,\"caption\":\"Load System AB\"},\"image\":{\"@id\":\"https:\\\/\\\/www.load.se\\\/fi\\\/#\\\/schema\\\/logo\\\/image\\\/\"},\"sameAs\":[\"https:\\\/\\\/www.linkedin.com\\\/company\\\/load-ab\"]}]}<\/script>\n<!-- \/ Yoast SEO Premium plugin. -->","yoast_head_json":{"title":"IBM Power \u2013 kriittisten j\u00e4rjestelmien suorituskyky | LOAD","description":"IBM Power tarjoaa korkean suorituskyvyn, tietoturvan ja k\u00e4ytett\u00e4vyyden liiketoimintakriittisille j\u00e4rjestelmille, tietokannoille ja teko\u00e4lypohjaisille ty\u00f6kuormille.","robots":{"index":"index","follow":"follow","max-snippet":"max-snippet:-1","max-image-preview":"max-image-preview:large","max-video-preview":"max-video-preview:-1"},"canonical":"https:\/\/www.load.se\/fi\/ibm-power\/","og_locale":"fi_FI","og_type":"article","og_title":"IBM Power","og_description":"IBM Power tarjoaa korkean suorituskyvyn, tietoturvan ja k\u00e4ytett\u00e4vyyden liiketoimintakriittisille j\u00e4rjestelmille, tietokannoille ja teko\u00e4lypohjaisille ty\u00f6kuormille.","og_url":"https:\/\/www.load.se\/fi\/ibm-power\/","og_site_name":"Load System AB","article_modified_time":"2026-04-04T06:01:00+00:00","twitter_card":"summary_large_image","twitter_misc":{"Arvioitu lukuaika":"7 minuuttia"},"schema":{"@context":"https:\/\/schema.org","@graph":[{"@type":"WebPage","@id":"https:\/\/www.load.se\/fi\/ibm-power\/","url":"https:\/\/www.load.se\/fi\/ibm-power\/","name":"IBM Power \u2013 kriittisten j\u00e4rjestelmien suorituskyky | LOAD","isPartOf":{"@id":"https:\/\/www.load.se\/fi\/#website"},"datePublished":"2025-10-11T16:39:22+00:00","dateModified":"2026-04-04T06:01:00+00:00","description":"IBM Power tarjoaa korkean suorituskyvyn, tietoturvan ja k\u00e4ytett\u00e4vyyden liiketoimintakriittisille j\u00e4rjestelmille, tietokannoille ja teko\u00e4lypohjaisille ty\u00f6kuormille.","breadcrumb":{"@id":"https:\/\/www.load.se\/fi\/ibm-power\/#breadcrumb"},"inLanguage":"fi","potentialAction":[{"@type":"ReadAction","target":["https:\/\/www.load.se\/fi\/ibm-power\/"]}]},{"@type":"BreadcrumbList","@id":"https:\/\/www.load.se\/fi\/ibm-power\/#breadcrumb","itemListElement":[{"@type":"ListItem","position":1,"name":"Home","item":"https:\/\/www.load.se\/fi\/"},{"@type":"ListItem","position":2,"name":"IBM Power"}]},{"@type":"WebSite","@id":"https:\/\/www.load.se\/fi\/#website","url":"https:\/\/www.load.se\/fi\/","name":"Load System AB","description":"","publisher":{"@id":"https:\/\/www.load.se\/fi\/#organization"},"potentialAction":[{"@type":"SearchAction","target":{"@type":"EntryPoint","urlTemplate":"https:\/\/www.load.se\/fi\/?s={search_term_string}"},"query-input":{"@type":"PropertyValueSpecification","valueRequired":true,"valueName":"search_term_string"}}],"inLanguage":"fi"},{"@type":"Organization","@id":"https:\/\/www.load.se\/fi\/#organization","name":"Load System AB","url":"https:\/\/www.load.se\/fi\/","logo":{"@type":"ImageObject","inLanguage":"fi","@id":"https:\/\/www.load.se\/fi\/#\/schema\/logo\/image\/","url":"http:\/\/www.load.se\/wp-content\/uploads\/2025\/10\/Load-website-6.png","contentUrl":"http:\/\/www.load.se\/wp-content\/uploads\/2025\/10\/Load-website-6.png","width":2160,"height":800,"caption":"Load System AB"},"image":{"@id":"https:\/\/www.load.se\/fi\/#\/schema\/logo\/image\/"},"sameAs":["https:\/\/www.linkedin.com\/company\/load-ab"]}]}},"_links":{"self":[{"href":"https:\/\/www.load.se\/fi\/wp-json\/wp\/v2\/pages\/2012","targetHints":{"allow":["GET"]}}],"collection":[{"href":"https:\/\/www.load.se\/fi\/wp-json\/wp\/v2\/pages"}],"about":[{"href":"https:\/\/www.load.se\/fi\/wp-json\/wp\/v2\/types\/page"}],"author":[{"embeddable":true,"href":"https:\/\/www.load.se\/fi\/wp-json\/wp\/v2\/users\/1"}],"replies":[{"embeddable":true,"href":"https:\/\/www.load.se\/fi\/wp-json\/wp\/v2\/comments?post=2012"}],"version-history":[{"count":11,"href":"https:\/\/www.load.se\/fi\/wp-json\/wp\/v2\/pages\/2012\/revisions"}],"predecessor-version":[{"id":3443,"href":"https:\/\/www.load.se\/fi\/wp-json\/wp\/v2\/pages\/2012\/revisions\/3443"}],"wp:attachment":[{"href":"https:\/\/www.load.se\/fi\/wp-json\/wp\/v2\/media?parent=2012"}],"curies":[{"name":"wp","href":"https:\/\/api.w.org\/{rel}","templated":true}]}}