{"id":2030,"date":"2025-10-13T09:58:43","date_gmt":"2025-10-13T07:58:43","guid":{"rendered":"http:\/\/www.load.se\/meista\/"},"modified":"2026-04-04T08:33:18","modified_gmt":"2026-04-04T06:33:18","slug":"meista","status":"publish","type":"page","link":"https:\/\/www.load.se\/fi\/meista\/","title":{"rendered":"Meist\u00e4"},"content":{"rendered":"<p>[et_pb_section fb_built=&#8221;1&#8243; admin_label=&#8221;Header&#8221; _builder_version=&#8221;4.27.4&#8243; _module_preset=&#8221;_initial&#8221; background_enable_color=&#8221;off&#8221; max_width=&#8221;62%&#8221; max_width_tablet=&#8221;62%&#8221; max_width_phone=&#8221;86%&#8221; max_width_last_edited=&#8221;on|phone&#8221; module_alignment=&#8221;center&#8221; custom_padding=&#8221;||0px|||&#8221; locked=&#8221;off&#8221; global_colors_info=&#8221;{%22gcid-b6c4f12c-f25d-4f61-9fb1-6e96404634cd%22:%91%22background_color%22%93}&#8221;][et_pb_row column_structure=&#8221;3_5,2_5&#8243; _builder_version=&#8221;4.25.2&#8243; _module_preset=&#8221;_initial&#8221; width=&#8221;90%&#8221; max_width=&#8221;1500px&#8221; global_colors_info=&#8221;{}&#8221;][et_pb_column type=&#8221;3_5&#8243; _builder_version=&#8221;4.25.2&#8243; _module_preset=&#8221;_initial&#8221; global_colors_info=&#8221;{}&#8221;][et_pb_heading title=&#8221;LOADista \u2013 modernin infrastruktuurin asiantuntijat&#8221; _builder_version=&#8221;4.27.4&#8243; _module_preset=&#8221;default&#8221; global_colors_info=&#8221;{}&#8221;][\/et_pb_heading][et_pb_text _builder_version=&#8221;4.27.4&#8243; _module_preset=&#8221;default&#8221; header_4_text_color=&#8221;gcid-secondary-color&#8221; global_colors_info=&#8221;{%22gcid-primary-color%22:%91%22text_text_color%22%93,%22gcid-secondary-color%22:%91%22header_text_color%22,%22header_4_text_color%22%93}&#8221;]<\/p>\n<p data-start=\"865\" data-end=\"1199\">Maailmassa, jossa jokaisen tapahtuman on oltava <strong data-start=\"909\" data-end=\"953\">turvallinen, nopea ja saatavilla ymp\u00e4ri vuorokauden<\/strong>, tarvitaan IT-kumppaneita, jotka ymm\u00e4rt\u00e4v\u00e4t <strong data-start=\"998\" data-end=\"1022\">luotettavien ydinj\u00e4rjestelmien<\/strong> merkityksen. Olemme yritys teknologian takana, joka pit\u00e4\u00e4 joitakin Ruotsin suurimmista pankeista liikkeess\u00e4 \u2013 <strong data-start=\"1116\" data-end=\"1154\">liiketoiminnan kannalta kriittisist\u00e4 maksuratkaisuista<\/strong> <strong data-start=\"1160\" data-end=\"1196\">vankkaan infrastruktuurialustaan<\/strong>. <\/p>\n<p data-start=\"1201\" data-end=\"1524\">Asiantuntemuksemme on <strong data-start=\"1227\" data-end=\"1262\">optimoida, modernisoida ja turvata<\/strong> j\u00e4rjestelm\u00e4ymp\u00e4rist\u00f6j\u00e4, joilla on <strong data-start=\"1281\" data-end=\"1342\">korkeimmat vaatimukset suorituskyvyn, vakauden ja s\u00e4\u00e4nn\u00f6sten noudattamisen suhteen<\/strong>. <strong data-start=\"1348\" data-end=\"1384\">Pitk\u00e4ll\u00e4 kokemuksella pankkisektorilta<\/strong> ty\u00f6skentelemme tiiviisti asiakkaidemme kanssa <strong data-start=\"1421\" data-end=\"1444\">rakentaaksemme tulevaisuuden IT:t\u00e4<\/strong> \u2013 <strong data-start=\"1447\" data-end=\"1459\">tehokasta<\/strong>, <strong data-start=\"1461\" data-end=\"1472\">kest\u00e4v\u00e4\u00e4<\/strong> ja <strong data-start=\"1477\" data-end=\"1521\">valmista uusiin s\u00e4\u00e4nn\u00f6ksiin ja teknologian muutoksiin<\/strong>. <\/p>\n<p data-start=\"1526\" data-end=\"1682\">Kun liiketoiminta ei saa pys\u00e4hty\u00e4, olemme ratkaisun takana, joka saa kaiken toimimaan. Lyhyesti sanottuna: <strong data-start=\"1620\" data-end=\"1681\">varmistamme, ett\u00e4 Ruotsin talouden syd\u00e4n ly\u00f6 \u2013 joka sekunti<\/strong>. <\/p>\n<h4 data-start=\"712\" data-end=\"735\">Teht\u00e4v\u00e4mme<\/h4>\n<p data-start=\"736\" data-end=\"1010\">Uskomme, ett\u00e4 modernin IT:n tulee olla <strong data-start=\"767\" data-end=\"795\">yksinkertaista, turvallista ja kest\u00e4v\u00e4\u00e4<\/strong>.<br data-start=\"796\" data-end=\"799\">LOAD perustettiin auttamaan yrityksi\u00e4 <strong data-start=\"847\" data-end=\"879\">modernisoimaan alustojaan<\/strong>, <strong data-start=\"881\" data-end=\"905\">v\u00e4hent\u00e4m\u00e4\u00e4n monimutkaisuutta<\/strong> ja luomaan <strong data-start=\"916\" data-end=\"945\">tulevaisuuteen kest\u00e4v\u00e4n IT-ymp\u00e4rist\u00f6n<\/strong> \u2013 riippumatta siit\u00e4, toimiiko se on-prem-, pilvi- vai hybridiratkaisuna.<\/p>\n<p>[\/et_pb_text][\/et_pb_column][et_pb_column type=&#8221;2_5&#8243; _builder_version=&#8221;4.25.2&#8243; _module_preset=&#8221;_initial&#8221; global_colors_info=&#8221;{}&#8221;][et_pb_image src=&#8221;http:\/\/www.load.se\/wp-content\/uploads\/2025\/12\/Untitled-design-10.png&#8221; title_text=&#8221;Nimet\u00f6n suunnittelu (10)&#8221; _builder_version=&#8221;4.27.5&#8243; _module_preset=&#8221;default&#8221; width=&#8221;97%&#8221; custom_padding=&#8221;||0px|||&#8221; global_colors_info=&#8221;{}&#8221;][\/et_pb_image][et_pb_text _builder_version=&#8221;4.27.4&#8243; _module_preset=&#8221;default&#8221; global_colors_info=&#8221;{}&#8221;]<\/p>\n<p><strong data-start=\"79\" data-end=\"123\">LOAD HQ \u2013 Kista Science Tower, Tukholma<\/strong><br data-start=\"123\" data-end=\"126\">P\u00e4\u00e4konttori Kistassa on innovaation, kumppanuuksien ja modernin infrastruktuurin keskus.<\/p>\n<p>[\/et_pb_text][\/et_pb_column][\/et_pb_row][\/et_pb_section][et_pb_section fb_built=&#8221;1&#8243; _builder_version=&#8221;4.27.5&#8243; _module_preset=&#8221;default&#8221; custom_padding=&#8221;||0px|||&#8221; global_colors_info=&#8221;{}&#8221;][et_pb_row _builder_version=&#8221;4.27.5&#8243; _module_preset=&#8221;default&#8221; custom_padding=&#8221;0px||0px|||&#8221; global_colors_info=&#8221;{}&#8221;][et_pb_column type=&#8221;4_4&#8243; _builder_version=&#8221;4.27.5&#8243; _module_preset=&#8221;default&#8221; global_colors_info=&#8221;{}&#8221;][et_pb_text _builder_version=&#8221;4.27.5&#8243; _module_preset=&#8221;default&#8221; hover_enabled=&#8221;0&#8243; global_colors_info=&#8221;{}&#8221; sticky_enabled=&#8221;0&#8243;]<\/p>\n<h1 style=\"text-align: center;\"><span>Osa PEDAB Groupia<\/span><\/h1>\n<p>[\/et_pb_text][\/et_pb_column][\/et_pb_row][et_pb_row column_structure=&#8221;1_5,1_5,1_5,1_5,1_5&#8243; _builder_version=&#8221;4.27.5&#8243; _module_preset=&#8221;default&#8221; global_colors_info=&#8221;{}&#8221;][et_pb_column type=&#8221;1_5&#8243; _builder_version=&#8221;4.27.5&#8243; _module_preset=&#8221;default&#8221; global_colors_info=&#8221;{}&#8221;][et_pb_image src=&#8221;http:\/\/www.load.se\/wp-content\/uploads\/2025\/12\/Untitled-design-11.png&#8221; title_text=&#8221;Nimet\u00f6n suunnittelu (11)&#8221; url=&#8221;https:\/\/cristienordic.com\/&#8221; url_new_window=&#8221;on&#8221; _builder_version=&#8221;4.27.5&#8243; _module_preset=&#8221;default&#8221; global_colors_info=&#8221;{}&#8221;][\/et_pb_image][\/et_pb_column][et_pb_column type=&#8221;1_5&#8243; _builder_version=&#8221;4.27.5&#8243; _module_preset=&#8221;default&#8221; global_colors_info=&#8221;{}&#8221;][et_pb_image src=&#8221;http:\/\/www.load.se\/wp-content\/uploads\/2025\/12\/Untitled-design-12.png&#8221; title_text=&#8221;Nimet\u00f6n suunnittelu (12)&#8221; url=&#8221;https:\/\/sorasec.com\/&#8221; url_new_window=&#8221;on&#8221; _builder_version=&#8221;4.27.5&#8243; _module_preset=&#8221;default&#8221; global_colors_info=&#8221;{}&#8221;][\/et_pb_image][\/et_pb_column][et_pb_column type=&#8221;1_5&#8243; _builder_version=&#8221;4.27.5&#8243; _module_preset=&#8221;default&#8221; global_colors_info=&#8221;{}&#8221;][et_pb_image src=&#8221;http:\/\/www.load.se\/wp-content\/uploads\/2025\/12\/Untitled-design-13.png&#8221; title_text=&#8221;Nimet\u00f6n suunnittelu (13)&#8221; url=&#8221;https:\/\/convit.se\/&#8221; url_new_window=&#8221;on&#8221; _builder_version=&#8221;4.27.5&#8243; _module_preset=&#8221;default&#8221; global_colors_info=&#8221;{}&#8221;][\/et_pb_image][\/et_pb_column][et_pb_column type=&#8221;1_5&#8243; _builder_version=&#8221;4.27.5&#8243; _module_preset=&#8221;default&#8221; global_colors_info=&#8221;{}&#8221;][et_pb_image src=&#8221;http:\/\/www.load.se\/wp-content\/uploads\/2025\/12\/Untitled-design-14.png&#8221; title_text=&#8221;Nimet\u00f6n suunnittelu (14)&#8221; url=&#8221;https:\/\/www.caraldata.no\/&#8221; url_new_window=&#8221;on&#8221; _builder_version=&#8221;4.27.5&#8243; _module_preset=&#8221;default&#8221; global_colors_info=&#8221;{}&#8221;][\/et_pb_image][\/et_pb_column][et_pb_column type=&#8221;1_5&#8243; _builder_version=&#8221;4.27.5&#8243; _module_preset=&#8221;default&#8221; global_colors_info=&#8221;{}&#8221;][et_pb_image src=&#8221;http:\/\/www.load.se\/wp-content\/uploads\/2025\/12\/Untitled-design-15.png&#8221; title_text=&#8221;Nimet\u00f6n suunnittelu (15)&#8221; url=&#8221;https:\/\/netdesign.pro\/&#8221; url_new_window=&#8221;on&#8221; _builder_version=&#8221;4.27.5&#8243; _module_preset=&#8221;default&#8221; global_colors_info=&#8221;{}&#8221;][\/et_pb_image][\/et_pb_column][\/et_pb_row][\/et_pb_section][et_pb_section fb_built=&#8221;1&#8243; admin_label=&#8221;Stats&#8221; _builder_version=&#8221;4.27.4&#8243; _module_preset=&#8221;_initial&#8221; background_enable_color=&#8221;off&#8221; max_width=&#8221;62%&#8221; max_width_tablet=&#8221;62%&#8221; max_width_phone=&#8221;86%&#8221; max_width_last_edited=&#8221;on|phone&#8221; module_alignment=&#8221;center&#8221; locked=&#8221;off&#8221; global_colors_info=&#8221;{%22gcid-b6c4f12c-f25d-4f61-9fb1-6e96404634cd%22:%91%22background_color%22%93}&#8221;][et_pb_row _builder_version=&#8221;4.25.2&#8243; _module_preset=&#8221;_initial&#8221; width=&#8221;90%&#8221; max_width=&#8221;1500px&#8221; custom_padding=&#8221;||0px|||&#8221; global_colors_info=&#8221;{}&#8221;][et_pb_column type=&#8221;4_4&#8243; _builder_version=&#8221;4.25.2&#8243; _module_preset=&#8221;_initial&#8221; global_colors_info=&#8221;{}&#8221;][et_pb_heading title=&#8221;Mit\u00e4 me teemme&#8221; _builder_version=&#8221;4.27.4&#8243; _module_preset=&#8221;default&#8221; global_colors_info=&#8221;{}&#8221;][\/et_pb_heading][\/et_pb_column][\/et_pb_row][et_pb_row column_structure=&#8221;1_2,1_2&#8243; _builder_version=&#8221;4.25.2&#8243; _module_preset=&#8221;_initial&#8221; width=&#8221;90%&#8221; max_width=&#8221;1500px&#8221; global_colors_info=&#8221;{}&#8221;][et_pb_column type=&#8221;1_2&#8243; _builder_version=&#8221;4.25.2&#8243; _module_preset=&#8221;_initial&#8221; global_colors_info=&#8221;{}&#8221;][et_pb_text _builder_version=&#8221;4.27.4&#8243; _module_preset=&#8221;default&#8221; global_colors_info=&#8221;{}&#8221;]<\/p>\n<p data-start=\"1039\" data-end=\"1213\">Ty\u00f6skentelemme IBM:n koko infrastruktuuriportfolion parissa \u2013 j\u00e4rjestelmist\u00e4 tallennukseen \u2013 ja tarjoamme ratkaisuja, jotka yhdist\u00e4v\u00e4t suorituskyvyn, saatavuuden ja tietoturvan.<\/p>\n<p data-start=\"1215\" data-end=\"1238\">P\u00e4\u00e4alueitamme ovat:<\/p>\n<ul data-start=\"1239\" data-end=\"1776\">\n<li data-start=\"1239\" data-end=\"1321\">\n<p data-start=\"1241\" data-end=\"1321\"><strong data-start=\"1241\" data-end=\"1260\">IBM Power &amp; AIX<\/strong> \u2013 liiketoiminnan kannalta kriittisille sovelluksille korkean saatavuuden kanssa.<\/p>\n<\/li>\n<li data-start=\"1322\" data-end=\"1400\">\n<p data-start=\"1324\" data-end=\"1400\"><strong data-start=\"1324\" data-end=\"1340\">IBM LinuxONE<\/strong> \u2013 yritystason Linux sis\u00e4\u00e4nrakennetulla turvallisuudella ja tehokkuudella.<\/p>\n<\/li>\n<li data-start=\"1401\" data-end=\"1497\">\n<p data-start=\"1403\" data-end=\"1497\"><strong data-start=\"1403\" data-end=\"1428\">IBM Mainframe (IBM Z)<\/strong> \u2013 suurten, liiketoimintaa kannattelevien j\u00e4rjestelmien k\u00e4ytt\u00f6\u00f6n maksimaalisella vakaudella.<\/p>\n<\/li>\n<li data-start=\"1498\" data-end=\"1600\">\n<p data-start=\"1500\" data-end=\"1600\"><strong data-start=\"1500\" data-end=\"1532\">IBM FlashSystem &amp; DS Storage<\/strong> \u2013 moderni tietojen tallennus teko\u00e4lyll\u00e4, virtualisoinnilla ja kiristyshaittaohjelmilta suojauksella.<\/p>\n<\/li>\n<li data-start=\"1601\" data-end=\"1683\">\n<p data-start=\"1603\" data-end=\"1683\"><strong data-start=\"1603\" data-end=\"1632\">Hybridipilvi ja automaatio<\/strong> \u2013 integraatio Red Hat OpenShiftin ja Ansiblen kanssa.<\/p>\n<\/li>\n<li data-start=\"1684\" data-end=\"1776\">\n<p data-start=\"1686\" data-end=\"1776\"><strong data-start=\"1686\" data-end=\"1708\">Palvelut &amp; tuki<\/strong> \u2013 neuvonta, 24\/7 k\u00e4ytt\u00f6, elinkaaren hallinta ja p\u00e4iv\u00e4 2 -toiminnot.<\/p>\n<\/li>\n<\/ul>\n<p data-start=\"1778\" data-end=\"1913\">Autamme asiakkaitamme ottamaan kokonaisvaltaisen otteen infrastruktuuristaan \u2013 strategiasta ja suunnittelusta toteutukseen, k\u00e4ytt\u00f6\u00f6n ja optimointiin.<\/p>\n<p>[\/et_pb_text][\/et_pb_column][et_pb_column type=&#8221;1_2&#8243; _builder_version=&#8221;4.25.2&#8243; _module_preset=&#8221;_initial&#8221; global_colors_info=&#8221;{}&#8221;][et_pb_text _builder_version=&#8221;4.27.4&#8243; _module_preset=&#8221;default&#8221; global_colors_info=&#8221;{}&#8221;]<\/p>\n<p data-start=\"2404\" data-end=\"2712\">Vahvuutemme perustuu <strong data-start=\"2441\" data-end=\"2478\">kokemuksen, ketteryyden ja laadun<\/strong> yhdistelm\u00e4\u00e4n.<br data-start=\"2479\" data-end=\"2482\">Ty\u00f6skentelemme nopeasti ja joustavasti kaikissa vaiheissa \u2013 esiselvityksest\u00e4 ja pre-salesista k\u00e4ytt\u00f6\u00f6n ja jatkokehitykseen.<br data-start=\"2590\" data-end=\"2593\"><strong data-start=\"2597\" data-end=\"2646\">J\u00e4senneltyjen prosessien ja henkil\u00f6kohtaisen palvelun<\/strong> avulla luomme tuloksia, jotka kest\u00e4v\u00e4t sek\u00e4 teknisesti ett\u00e4 liiketoiminnallisesti.<\/p>\n<p data-start=\"2714\" data-end=\"2729\">LOAD toimittaa:<\/p>\n<ul data-start=\"2730\" data-end=\"2925\">\n<li data-start=\"2730\" data-end=\"2782\">\n<p data-start=\"2732\" data-end=\"2782\"><strong data-start=\"2732\" data-end=\"2744\">Ketteryytt\u00e4<\/strong> \u2013 nopeita p\u00e4\u00e4t\u00f6ksi\u00e4 ja lyhyit\u00e4 l\u00e4pimenoaikoja.<\/p>\n<\/li>\n<li data-start=\"2783\" data-end=\"2849\">\n<p data-start=\"2785\" data-end=\"2849\"><strong data-start=\"2785\" data-end=\"2801\">Joustavuutta<\/strong> \u2013 ratkaisuja, jotka mukautuvat asiakkaan tarpeisiin.<\/p>\n<\/li>\n<li data-start=\"2850\" data-end=\"2925\">\n<p data-start=\"2852\" data-end=\"2925\"><strong data-start=\"2852\" data-end=\"2864\">Laatua<\/strong> \u2013 testattuja, dokumentoituja ja tulevaisuuden kest\u00e4vi\u00e4 toteutuksia.<\/p>\n<\/li>\n<\/ul>\n<h4 data-start=\"2932\" data-end=\"2967\"><strong data-start=\"2939\" data-end=\"2967\">Kokemus ja osaaminen<\/strong><\/h4>\n<p data-start=\"2968\" data-end=\"3299\">Konsulteillamme on pitk\u00e4 kokemus <strong data-start=\"3006\" data-end=\"3059\">IBM Powerista, Mainframesta, Storagesta ja hybridi-IT-k\u00e4yt\u00f6st\u00e4<\/strong>.<br data-start=\"3060\" data-end=\"3063\">He ovat <strong data-start=\"3069\" data-end=\"3098\">IBM-sertifioituja asiantuntijoita<\/strong>, joilla on k\u00e4yt\u00e4nn\u00f6n kokemusta monimutkaisista ymp\u00e4rist\u00f6ist\u00e4 pankki-, teollisuus-, julkisen sektorin ja v\u00e4hitt\u00e4iskaupan aloilta.<\/p>\n<p data-start=\"2968\" data-end=\"3299\">Meille kyse ei ole vain teknologiasta \u2013 vaan ratkaisujen rakentamisesta, jotka vahvistavat asiakkaan liiketoimintaa.<\/p>\n<p>[\/et_pb_text][\/et_pb_column][\/et_pb_row][\/et_pb_section][et_pb_section fb_built=&#8221;1&#8243; admin_label=&#8221;Call To Action&#8221; _builder_version=&#8221;4.25.2&#8243; _module_preset=&#8221;_initial&#8221; background_color=&#8221;gcid-b6c4f12c-f25d-4f61-9fb1-6e96404634cd&#8221; locked=&#8221;off&#8221; global_colors_info=&#8221;{%22gcid-b6c4f12c-f25d-4f61-9fb1-6e96404634cd%22:%91%22background_color%22%93}&#8221;][et_pb_row _builder_version=&#8221;4.27.4&#8243; _module_preset=&#8221;_initial&#8221; max_width=&#8221;900px&#8221; locked=&#8221;off&#8221; global_colors_info=&#8221;{}&#8221;][et_pb_column type=&#8221;4_4&#8243; _builder_version=&#8221;4.25.2&#8243; _module_preset=&#8221;_initial&#8221; global_colors_info=&#8221;{}&#8221;][et_pb_heading title=&#8221;Modernisoimme tekem\u00e4tt\u00e4 kompromisseja.&#8221; _builder_version=&#8221;4.27.4&#8243; _module_preset=&#8221;default&#8221; title_text_align=&#8221;center&#8221; custom_padding=&#8221;|41px||41px|false|true&#8221; global_colors_info=&#8221;{}&#8221;][\/et_pb_heading][et_pb_text _builder_version=&#8221;4.27.4&#8243; _module_preset=&#8221;default&#8221; global_colors_info=&#8221;{}&#8221;]<\/p>\n<h3 style=\"text-align: center;\">LOADin kanssa saat <strong data-start=\"3387\" data-end=\"3407\">luotettavan kumppanin<\/strong>, joka toimittaa <strong data-start=\"3422\" data-end=\"3469\">turvallisuutta, tehokkuutta ja tulevaisuuden kest\u00e4vyytt\u00e4<\/strong> jokaisessa projektissa \u2013 datakeskuksesta pilveen.<\/h3>\n<p>[\/et_pb_text][et_pb_button button_url=&#8221;@ET-DC@eyJkeW5hbWljIjp0cnVlLCJjb250ZW50IjoicG9zdF9saW5rX3VybF9wYWdlIiwic2V0dGluZ3MiOnsicG9zdF9pZCI6IjI4MyJ9fQ==@&#8221; button_text=&#8221;Ota meihin yhteytt\u00e4!&#8221; button_alignment=&#8221;center&#8221; _builder_version=&#8221;4.27.4&#8243; _dynamic_attributes=&#8221;button_url&#8221; _module_preset=&#8221;default&#8221; global_colors_info=&#8221;{}&#8221;][\/et_pb_button][\/et_pb_column][\/et_pb_row][\/et_pb_section][et_pb_section fb_built=&#8221;1&#8243; _builder_version=&#8221;4.27.5&#8243; _module_preset=&#8221;default&#8221; global_colors_info=&#8221;{}&#8221;][\/et_pb_section]<\/p>\n","protected":false},"excerpt":{"rendered":"<p>Maailmassa, jossa jokaisen tapahtuman on oltava turvallinen, nopea ja saatavilla ymp\u00e4ri vuorokauden, tarvitaan IT-kumppaneita, jotka ymm\u00e4rt\u00e4v\u00e4t luotettavien ydinj\u00e4rjestelmien merkityksen. Olemme yritys teknologian takana, joka pit\u00e4\u00e4 joitakin Ruotsin suurimmista pankeista liikkeess\u00e4 \u2013 liiketoiminnan kannalta kriittisist\u00e4 maksuratkaisuista vankkaan infrastruktuurialustaan. Asiantuntemuksemme on optimoida, modernisoida ja turvata j\u00e4rjestelm\u00e4ymp\u00e4rist\u00f6j\u00e4, joilla on korkeimmat vaatimukset suorituskyvyn, vakauden ja s\u00e4\u00e4nn\u00f6sten noudattamisen suhteen. Pitk\u00e4ll\u00e4 [&hellip;]<\/p>\n","protected":false},"author":1,"featured_media":0,"parent":0,"menu_order":0,"comment_status":"closed","ping_status":"closed","template":"","meta":{"_et_pb_use_builder":"on","_et_pb_old_content":"","_et_gb_content_width":"","footnotes":""},"class_list":["post-2030","page","type-page","status-publish","hentry"],"yoast_head":"<!-- This site is optimized with the Yoast SEO Premium plugin v27.2 (Yoast SEO v27.4) - https:\/\/yoast.com\/product\/yoast-seo-premium-wordpress\/ -->\n<title>Tietoa LOADista \u2013 modernin IT-infrastruktuurin asiantuntijat | LOAD<\/title>\n<meta name=\"description\" content=\"Tutustu LOADiin \u2013 modernin IT-infrastruktuurin, tietoturvan ja liiketoimintakriittisten j\u00e4rjestelmien asiantuntijoihin, joiden painopiste on suorituskyvyss\u00e4 ja vakaudessa.\" \/>\n<meta name=\"robots\" content=\"index, follow, max-snippet:-1, max-image-preview:large, max-video-preview:-1\" \/>\n<link rel=\"canonical\" href=\"https:\/\/www.load.se\/fi\/meista\/\" \/>\n<meta property=\"og:locale\" content=\"fi_FI\" \/>\n<meta property=\"og:type\" content=\"article\" \/>\n<meta property=\"og:title\" content=\"Meist\u00e4\" \/>\n<meta property=\"og:description\" content=\"Tutustu LOADiin \u2013 modernin IT-infrastruktuurin, tietoturvan ja liiketoimintakriittisten j\u00e4rjestelmien asiantuntijoihin, joiden painopiste on suorituskyvyss\u00e4 ja vakaudessa.\" \/>\n<meta property=\"og:url\" content=\"https:\/\/www.load.se\/fi\/meista\/\" \/>\n<meta property=\"og:site_name\" content=\"Load System AB\" \/>\n<meta property=\"article:modified_time\" content=\"2026-04-04T06:33:18+00:00\" \/>\n<meta name=\"twitter:card\" content=\"summary_large_image\" \/>\n<meta name=\"twitter:label1\" content=\"Arvioitu lukuaika\" \/>\n\t<meta name=\"twitter:data1\" content=\"7 minuuttia\" \/>\n<script type=\"application\/ld+json\" class=\"yoast-schema-graph\">{\"@context\":\"https:\\\/\\\/schema.org\",\"@graph\":[{\"@type\":\"WebPage\",\"@id\":\"https:\\\/\\\/www.load.se\\\/fi\\\/meista\\\/\",\"url\":\"https:\\\/\\\/www.load.se\\\/fi\\\/meista\\\/\",\"name\":\"Tietoa LOADista \u2013 modernin IT-infrastruktuurin asiantuntijat | LOAD\",\"isPartOf\":{\"@id\":\"https:\\\/\\\/www.load.se\\\/fi\\\/#website\"},\"datePublished\":\"2025-10-13T07:58:43+00:00\",\"dateModified\":\"2026-04-04T06:33:18+00:00\",\"description\":\"Tutustu LOADiin \u2013 modernin IT-infrastruktuurin, tietoturvan ja liiketoimintakriittisten j\u00e4rjestelmien asiantuntijoihin, joiden painopiste on suorituskyvyss\u00e4 ja vakaudessa.\",\"breadcrumb\":{\"@id\":\"https:\\\/\\\/www.load.se\\\/fi\\\/meista\\\/#breadcrumb\"},\"inLanguage\":\"fi\",\"potentialAction\":[{\"@type\":\"ReadAction\",\"target\":[\"https:\\\/\\\/www.load.se\\\/fi\\\/meista\\\/\"]}]},{\"@type\":\"BreadcrumbList\",\"@id\":\"https:\\\/\\\/www.load.se\\\/fi\\\/meista\\\/#breadcrumb\",\"itemListElement\":[{\"@type\":\"ListItem\",\"position\":1,\"name\":\"Home\",\"item\":\"https:\\\/\\\/www.load.se\\\/fi\\\/\"},{\"@type\":\"ListItem\",\"position\":2,\"name\":\"Meist\u00e4\"}]},{\"@type\":\"WebSite\",\"@id\":\"https:\\\/\\\/www.load.se\\\/fi\\\/#website\",\"url\":\"https:\\\/\\\/www.load.se\\\/fi\\\/\",\"name\":\"Load System AB\",\"description\":\"\",\"publisher\":{\"@id\":\"https:\\\/\\\/www.load.se\\\/fi\\\/#organization\"},\"potentialAction\":[{\"@type\":\"SearchAction\",\"target\":{\"@type\":\"EntryPoint\",\"urlTemplate\":\"https:\\\/\\\/www.load.se\\\/fi\\\/?s={search_term_string}\"},\"query-input\":{\"@type\":\"PropertyValueSpecification\",\"valueRequired\":true,\"valueName\":\"search_term_string\"}}],\"inLanguage\":\"fi\"},{\"@type\":\"Organization\",\"@id\":\"https:\\\/\\\/www.load.se\\\/fi\\\/#organization\",\"name\":\"Load System AB\",\"url\":\"https:\\\/\\\/www.load.se\\\/fi\\\/\",\"logo\":{\"@type\":\"ImageObject\",\"inLanguage\":\"fi\",\"@id\":\"https:\\\/\\\/www.load.se\\\/fi\\\/#\\\/schema\\\/logo\\\/image\\\/\",\"url\":\"http:\\\/\\\/www.load.se\\\/wp-content\\\/uploads\\\/2025\\\/10\\\/Load-website-6.png\",\"contentUrl\":\"http:\\\/\\\/www.load.se\\\/wp-content\\\/uploads\\\/2025\\\/10\\\/Load-website-6.png\",\"width\":2160,\"height\":800,\"caption\":\"Load System AB\"},\"image\":{\"@id\":\"https:\\\/\\\/www.load.se\\\/fi\\\/#\\\/schema\\\/logo\\\/image\\\/\"},\"sameAs\":[\"https:\\\/\\\/www.linkedin.com\\\/company\\\/load-ab\"]}]}<\/script>\n<!-- \/ Yoast SEO Premium plugin. -->","yoast_head_json":{"title":"Tietoa LOADista \u2013 modernin IT-infrastruktuurin asiantuntijat | LOAD","description":"Tutustu LOADiin \u2013 modernin IT-infrastruktuurin, tietoturvan ja liiketoimintakriittisten j\u00e4rjestelmien asiantuntijoihin, joiden painopiste on suorituskyvyss\u00e4 ja vakaudessa.","robots":{"index":"index","follow":"follow","max-snippet":"max-snippet:-1","max-image-preview":"max-image-preview:large","max-video-preview":"max-video-preview:-1"},"canonical":"https:\/\/www.load.se\/fi\/meista\/","og_locale":"fi_FI","og_type":"article","og_title":"Meist\u00e4","og_description":"Tutustu LOADiin \u2013 modernin IT-infrastruktuurin, tietoturvan ja liiketoimintakriittisten j\u00e4rjestelmien asiantuntijoihin, joiden painopiste on suorituskyvyss\u00e4 ja vakaudessa.","og_url":"https:\/\/www.load.se\/fi\/meista\/","og_site_name":"Load System AB","article_modified_time":"2026-04-04T06:33:18+00:00","twitter_card":"summary_large_image","twitter_misc":{"Arvioitu lukuaika":"7 minuuttia"},"schema":{"@context":"https:\/\/schema.org","@graph":[{"@type":"WebPage","@id":"https:\/\/www.load.se\/fi\/meista\/","url":"https:\/\/www.load.se\/fi\/meista\/","name":"Tietoa LOADista \u2013 modernin IT-infrastruktuurin asiantuntijat | LOAD","isPartOf":{"@id":"https:\/\/www.load.se\/fi\/#website"},"datePublished":"2025-10-13T07:58:43+00:00","dateModified":"2026-04-04T06:33:18+00:00","description":"Tutustu LOADiin \u2013 modernin IT-infrastruktuurin, tietoturvan ja liiketoimintakriittisten j\u00e4rjestelmien asiantuntijoihin, joiden painopiste on suorituskyvyss\u00e4 ja vakaudessa.","breadcrumb":{"@id":"https:\/\/www.load.se\/fi\/meista\/#breadcrumb"},"inLanguage":"fi","potentialAction":[{"@type":"ReadAction","target":["https:\/\/www.load.se\/fi\/meista\/"]}]},{"@type":"BreadcrumbList","@id":"https:\/\/www.load.se\/fi\/meista\/#breadcrumb","itemListElement":[{"@type":"ListItem","position":1,"name":"Home","item":"https:\/\/www.load.se\/fi\/"},{"@type":"ListItem","position":2,"name":"Meist\u00e4"}]},{"@type":"WebSite","@id":"https:\/\/www.load.se\/fi\/#website","url":"https:\/\/www.load.se\/fi\/","name":"Load System AB","description":"","publisher":{"@id":"https:\/\/www.load.se\/fi\/#organization"},"potentialAction":[{"@type":"SearchAction","target":{"@type":"EntryPoint","urlTemplate":"https:\/\/www.load.se\/fi\/?s={search_term_string}"},"query-input":{"@type":"PropertyValueSpecification","valueRequired":true,"valueName":"search_term_string"}}],"inLanguage":"fi"},{"@type":"Organization","@id":"https:\/\/www.load.se\/fi\/#organization","name":"Load System AB","url":"https:\/\/www.load.se\/fi\/","logo":{"@type":"ImageObject","inLanguage":"fi","@id":"https:\/\/www.load.se\/fi\/#\/schema\/logo\/image\/","url":"http:\/\/www.load.se\/wp-content\/uploads\/2025\/10\/Load-website-6.png","contentUrl":"http:\/\/www.load.se\/wp-content\/uploads\/2025\/10\/Load-website-6.png","width":2160,"height":800,"caption":"Load System AB"},"image":{"@id":"https:\/\/www.load.se\/fi\/#\/schema\/logo\/image\/"},"sameAs":["https:\/\/www.linkedin.com\/company\/load-ab"]}]}},"_links":{"self":[{"href":"https:\/\/www.load.se\/fi\/wp-json\/wp\/v2\/pages\/2030","targetHints":{"allow":["GET"]}}],"collection":[{"href":"https:\/\/www.load.se\/fi\/wp-json\/wp\/v2\/pages"}],"about":[{"href":"https:\/\/www.load.se\/fi\/wp-json\/wp\/v2\/types\/page"}],"author":[{"embeddable":true,"href":"https:\/\/www.load.se\/fi\/wp-json\/wp\/v2\/users\/1"}],"replies":[{"embeddable":true,"href":"https:\/\/www.load.se\/fi\/wp-json\/wp\/v2\/comments?post=2030"}],"version-history":[{"count":27,"href":"https:\/\/www.load.se\/fi\/wp-json\/wp\/v2\/pages\/2030\/revisions"}],"predecessor-version":[{"id":3689,"href":"https:\/\/www.load.se\/fi\/wp-json\/wp\/v2\/pages\/2030\/revisions\/3689"}],"wp:attachment":[{"href":"https:\/\/www.load.se\/fi\/wp-json\/wp\/v2\/media?parent=2030"}],"curies":[{"name":"wp","href":"https:\/\/api.w.org\/{rel}","templated":true}]}}