{"id":1007,"date":"2025-10-13T09:58:43","date_gmt":"2025-10-13T07:58:43","guid":{"rendered":"http:\/\/www.load.se\/om-oss\/"},"modified":"2026-04-04T08:33:17","modified_gmt":"2026-04-04T06:33:17","slug":"om-oss","status":"publish","type":"page","link":"https:\/\/www.load.se\/no\/om-oss\/","title":{"rendered":"Om oss"},"content":{"rendered":"<p>[et_pb_section fb_built=&raquo;1&#8243; admin_label=&raquo;Header&raquo; _builder_version=&raquo;4.27.4&#8243; _module_preset=&raquo;_initial&raquo; background_enable_color=&raquo;off&raquo; max_width=&raquo;62%&raquo; max_width_tablet=&raquo;62%&raquo; max_width_phone=&raquo;86%&raquo; max_width_last_edited=&raquo;on|phone&raquo; module_alignment=&raquo;center&raquo; custom_padding=&raquo;||0px|||&raquo; locked=&raquo;off&raquo; global_colors_info=&raquo;{%22gcid-b6c4f12c-f25d-4f61-9fb1-6e96404634cd%22:%91%22background_color%22%93}&raquo;][et_pb_row column_structure=&raquo;3_5,2_5&#8243; _builder_version=&raquo;4.25.2&#8243; _module_preset=&raquo;_initial&raquo; width=&raquo;90%&raquo; max_width=&raquo;1500px&raquo; global_colors_info=&raquo;{}&raquo;][et_pb_column type=&raquo;3_5&#8243; _builder_version=&raquo;4.25.2&#8243; _module_preset=&raquo;_initial&raquo; global_colors_info=&raquo;{}&raquo;][et_pb_heading title=&raquo;Om LOAD \u2013 eksperter p\u00e5 moderne infrastruktur&raquo; _builder_version=&raquo;4.27.4&#8243; _module_preset=&raquo;default&raquo; global_colors_info=&raquo;{}&raquo;][\/et_pb_heading][et_pb_text _builder_version=&raquo;4.27.4&#8243; _module_preset=&raquo;default&raquo; header_4_text_color=&raquo;gcid-secondary-color&raquo; global_colors_info=&raquo;{%22gcid-primary-color%22:%91%22text_text_color%22%93,%22gcid-secondary-color%22:%91%22header_text_color%22,%22header_4_text_color%22%93}&raquo;]<\/p>\n<p data-start=\"865\" data-end=\"1199\">I en verden hvor hver transaksjon m\u00e5 v\u00e6re <strong data-start=\"909\" data-end=\"953\">sikker, rask og tilgjengelig d\u00f8gnet rundt<\/strong> kreves IT-partnere som forst\u00e5r betydningen av <strong data-start=\"998\" data-end=\"1022\">p\u00e5litelige kjernesystemer<\/strong>. Vi er selskapet bak teknologien som holder noen av Sveriges st\u00f8rste banker i gang \u2013 fra <strong data-start=\"1116\" data-end=\"1154\">forretningskritiske betalingsl\u00f8sninger<\/strong> til <strong data-start=\"1160\" data-end=\"1196\">robuste infrastrukturplattformer<\/strong>. <\/p>\n<p data-start=\"1201\" data-end=\"1524\">V\u00e5r ekspertise ligger i \u00e5 <strong data-start=\"1227\" data-end=\"1262\">optimalisere, modernisere og sikre<\/strong> systemmilj\u00f8er med <strong data-start=\"1281\" data-end=\"1342\">h\u00f8yeste krav til ytelse, stabilitet og regeloverholdelse<\/strong>. Med <strong data-start=\"1348\" data-end=\"1384\">lang erfaring fra banksektoren<\/strong> arbeider vi tett med v\u00e5re kunder for \u00e5 <strong data-start=\"1421\" data-end=\"1444\">bygge fremtidens IT<\/strong> \u2013 <strong data-start=\"1447\" data-end=\"1459\">effektiv<\/strong>, <strong data-start=\"1461\" data-end=\"1472\">b\u00e6rekraftig<\/strong> og <strong data-start=\"1477\" data-end=\"1521\">klar for nye regelverk og teknologiskifter<\/strong>. <\/p>\n<p data-start=\"1526\" data-end=\"1682\">N\u00e5r virksomheten ikke kan stoppe opp, st\u00e5r vi bak l\u00f8sningen som f\u00e5r alt til \u00e5 fungere. Kort sagt: <strong data-start=\"1620\" data-end=\"1681\">vi s\u00f8rger for at Sveriges finanshjerte sl\u00e5r \u2013 hvert sekund<\/strong>. <\/p>\n<h4 data-start=\"712\" data-end=\"735\">V\u00e5rt oppdrag<\/h4>\n<p data-start=\"736\" data-end=\"1010\">Vi tror at moderne IT skal v\u00e6re <strong data-start=\"767\" data-end=\"795\">enkel, sikker og b\u00e6rekraftig<\/strong>.<br data-start=\"796\" data-end=\"799\">LOAD ble grunnlagt med m\u00e5l om \u00e5 hjelpe bedrifter med \u00e5 <strong data-start=\"847\" data-end=\"879\">modernisere plattformene sine<\/strong>, <strong data-start=\"881\" data-end=\"905\">redusere kompleksiteten<\/strong> og skape <strong data-start=\"916\" data-end=\"945\">et fremtidssikkert IT-milj\u00f8<\/strong> \u2013 enten den kj\u00f8res lokalt, i skyen eller som en hybridl\u00f8sning.<\/p>\n<p>[\/et_pb_text][\/et_pb_column][et_pb_column type=&raquo;2_5&#8243; _builder_version=&raquo;4.25.2&#8243; _module_preset=&raquo;_initial&raquo; global_colors_info=&raquo;{}&raquo;][et_pb_image src=&raquo;http:\/\/www.load.se\/wp-content\/uploads\/2025\/12\/Untitled-design-10.png&raquo; title_text=&raquo;Untitled design (10)&raquo; _builder_version=&raquo;4.27.5&#8243; _module_preset=&raquo;default&raquo; width=&raquo;97%&raquo; custom_padding=&raquo;||0px|||&raquo; global_colors_info=&raquo;{}&raquo;][\/et_pb_image][et_pb_text _builder_version=&raquo;4.27.4&#8243; _module_preset=&raquo;default&raquo; global_colors_info=&raquo;{}&raquo;]<\/p>\n<p><strong data-start=\"79\" data-end=\"123\">LOAD HQ \u2013 Kista Science Tower, Stockholm<\/strong><br data-start=\"123\" data-end=\"126\">V\u00e5rt hovedkontor i Kista er navet for innovasjon, partnerskap og moderne infrastruktur.<\/p>\n<p>[\/et_pb_text][\/et_pb_column][\/et_pb_row][\/et_pb_section][et_pb_section fb_built=&raquo;1&#8243; _builder_version=&raquo;4.27.5&#8243; _module_preset=&raquo;default&raquo; custom_padding=&raquo;||0px|||&raquo; global_colors_info=&raquo;{}&raquo;][et_pb_row _builder_version=&raquo;4.27.5&#8243; _module_preset=&raquo;default&raquo; custom_padding=&raquo;0px||0px|||&raquo; global_colors_info=&raquo;{}&raquo;][et_pb_column type=&raquo;4_4&#8243; _builder_version=&raquo;4.27.5&#8243; _module_preset=&raquo;default&raquo; global_colors_info=&raquo;{}&raquo;][et_pb_text _builder_version=&raquo;4.27.5&#8243; _module_preset=&raquo;default&raquo; hover_enabled=&raquo;0&#8243; global_colors_info=&raquo;{}&raquo; sticky_enabled=&raquo;0&#8243;]<\/p>\n<h1 style=\"text-align: center;\"><span>En del av PEDAB Group<\/span><\/h1>\n<p>[\/et_pb_text][\/et_pb_column][\/et_pb_row][et_pb_row column_structure=&raquo;1_5,1_5,1_5,1_5,1_5&#8243; _builder_version=&raquo;4.27.5&#8243; _module_preset=&raquo;default&raquo; global_colors_info=&raquo;{}&raquo;][et_pb_column type=&raquo;1_5&#8243; _builder_version=&raquo;4.27.5&#8243; _module_preset=&raquo;default&raquo; global_colors_info=&raquo;{}&raquo;][et_pb_image src=&raquo;http:\/\/www.load.se\/wp-content\/uploads\/2025\/12\/Untitled-design-11.png&raquo; title_text=&raquo;Untitled design (11)&raquo; url=&raquo;https:\/\/cristienordic.com\/&raquo; url_new_window=&raquo;on&raquo; _builder_version=&raquo;4.27.5&#8243; _module_preset=&raquo;default&raquo; global_colors_info=&raquo;{}&raquo;][\/et_pb_image][\/et_pb_column][et_pb_column type=&raquo;1_5&#8243; _builder_version=&raquo;4.27.5&#8243; _module_preset=&raquo;default&raquo; global_colors_info=&raquo;{}&raquo;][et_pb_image src=&raquo;http:\/\/www.load.se\/wp-content\/uploads\/2025\/12\/Untitled-design-12.png&raquo; title_text=&raquo;Untitled design (12)&raquo; url=&raquo;https:\/\/sorasec.com\/&raquo; url_new_window=&raquo;on&raquo; _builder_version=&raquo;4.27.5&#8243; _module_preset=&raquo;default&raquo; global_colors_info=&raquo;{}&raquo;][\/et_pb_image][\/et_pb_column][et_pb_column type=&raquo;1_5&#8243; _builder_version=&raquo;4.27.5&#8243; _module_preset=&raquo;default&raquo; global_colors_info=&raquo;{}&raquo;][et_pb_image src=&raquo;http:\/\/www.load.se\/wp-content\/uploads\/2025\/12\/Untitled-design-13.png&raquo; title_text=&raquo;Untitled design (13)&raquo; url=&raquo;https:\/\/convit.se\/&raquo; url_new_window=&raquo;on&raquo; _builder_version=&raquo;4.27.5&#8243; _module_preset=&raquo;default&raquo; global_colors_info=&raquo;{}&raquo;][\/et_pb_image][\/et_pb_column][et_pb_column type=&raquo;1_5&#8243; _builder_version=&raquo;4.27.5&#8243; _module_preset=&raquo;default&raquo; global_colors_info=&raquo;{}&raquo;][et_pb_image src=&raquo;http:\/\/www.load.se\/wp-content\/uploads\/2025\/12\/Untitled-design-14.png&raquo; title_text=&raquo;Untitled design (14)&raquo; url=&raquo;https:\/\/www.caraldata.no\/&raquo; url_new_window=&raquo;on&raquo; _builder_version=&raquo;4.27.5&#8243; _module_preset=&raquo;default&raquo; global_colors_info=&raquo;{}&raquo;][\/et_pb_image][\/et_pb_column][et_pb_column type=&raquo;1_5&#8243; _builder_version=&raquo;4.27.5&#8243; _module_preset=&raquo;default&raquo; global_colors_info=&raquo;{}&raquo;][et_pb_image src=&raquo;http:\/\/www.load.se\/wp-content\/uploads\/2025\/12\/Untitled-design-15.png&raquo; title_text=&raquo;Untitled design (15)&raquo; url=&raquo;https:\/\/netdesign.pro\/&raquo; url_new_window=&raquo;on&raquo; _builder_version=&raquo;4.27.5&#8243; _module_preset=&raquo;default&raquo; global_colors_info=&raquo;{}&raquo;][\/et_pb_image][\/et_pb_column][\/et_pb_row][\/et_pb_section][et_pb_section fb_built=&raquo;1&#8243; admin_label=&raquo;Stats&raquo; _builder_version=&raquo;4.27.4&#8243; _module_preset=&raquo;_initial&raquo; background_enable_color=&raquo;off&raquo; max_width=&raquo;62%&raquo; max_width_tablet=&raquo;62%&raquo; max_width_phone=&raquo;86%&raquo; max_width_last_edited=&raquo;on|phone&raquo; module_alignment=&raquo;center&raquo; locked=&raquo;off&raquo; global_colors_info=&raquo;{%22gcid-b6c4f12c-f25d-4f61-9fb1-6e96404634cd%22:%91%22background_color%22%93}&raquo;][et_pb_row _builder_version=&raquo;4.25.2&#8243; _module_preset=&raquo;_initial&raquo; width=&raquo;90%&raquo; max_width=&raquo;1500px&raquo; custom_padding=&raquo;||0px|||&raquo; global_colors_info=&raquo;{}&raquo;][et_pb_column type=&raquo;4_4&#8243; _builder_version=&raquo;4.25.2&#8243; _module_preset=&raquo;_initial&raquo; global_colors_info=&raquo;{}&raquo;][et_pb_heading title=&raquo;Hva vi gj\u00f8r&raquo; _builder_version=&raquo;4.27.4&#8243; _module_preset=&raquo;default&raquo; global_colors_info=&raquo;{}&raquo;][\/et_pb_heading][\/et_pb_column][\/et_pb_row][et_pb_row column_structure=&raquo;1_2,1_2&#8243; _builder_version=&raquo;4.25.2&#8243; _module_preset=&raquo;_initial&raquo; width=&raquo;90%&raquo; max_width=&raquo;1500px&raquo; global_colors_info=&raquo;{}&raquo;][et_pb_column type=&raquo;1_2&#8243; _builder_version=&raquo;4.25.2&#8243; _module_preset=&raquo;_initial&raquo; global_colors_info=&raquo;{}&raquo;][et_pb_text _builder_version=&raquo;4.27.4&#8243; _module_preset=&raquo;default&raquo; global_colors_info=&raquo;{}&raquo;]<\/p>\n<p data-start=\"1039\" data-end=\"1213\">Vi arbeider med hele spekteret av IBMs infrastrukturportef\u00f8lje \u2013 fra systemer til lagring \u2013 og tilbyr l\u00f8sninger som kombinerer ytelse, tilgjengelighet og datasikkerhet.<\/p>\n<p data-start=\"1215\" data-end=\"1238\">V\u00e5re hovedomr\u00e5der er:<\/p>\n<ul data-start=\"1239\" data-end=\"1776\">\n<li data-start=\"1239\" data-end=\"1321\">\n<p data-start=\"1241\" data-end=\"1321\"><strong data-start=\"1241\" data-end=\"1260\">IBM Power &amp; AIX<\/strong> \u2013 for forretningskritiske applikasjoner med h\u00f8y tilgjengelighet.<\/p>\n<\/li>\n<li data-start=\"1322\" data-end=\"1400\">\n<p data-start=\"1324\" data-end=\"1400\"><strong data-start=\"1324\" data-end=\"1340\">IBM LinuxONE<\/strong> \u2013 enterprise-Linux med innebygd sikkerhet og effektivitet.<\/p>\n<\/li>\n<li data-start=\"1401\" data-end=\"1497\">\n<p data-start=\"1403\" data-end=\"1497\"><strong data-start=\"1403\" data-end=\"1428\">IBM Mainframe (IBM Z)<\/strong> \u2013 for drift av store, forretningsb\u00e6rende systemer med maksimal stabilitet.<\/p>\n<\/li>\n<li data-start=\"1498\" data-end=\"1600\">\n<p data-start=\"1500\" data-end=\"1600\"><strong data-start=\"1500\" data-end=\"1532\">IBM FlashSystem &amp; DS Storage<\/strong> \u2013 moderne datalagring med AI, virtualisering og ransomware-beskyttelse.<\/p>\n<\/li>\n<li data-start=\"1601\" data-end=\"1683\">\n<p data-start=\"1603\" data-end=\"1683\"><strong data-start=\"1603\" data-end=\"1632\">Hybridmoln og automatisering<\/strong> \u2013 integrasjon med Red Hat OpenShift og Ansible.<\/p>\n<\/li>\n<li data-start=\"1684\" data-end=\"1776\">\n<p data-start=\"1686\" data-end=\"1776\"><strong data-start=\"1686\" data-end=\"1708\">Tjenester &amp; support<\/strong> \u2013 r\u00e5dgivning, 24&#215;7 drift, livssyklusadministrasjon og dag 2-operasjoner.<\/p>\n<\/li>\n<\/ul>\n<p data-start=\"1778\" data-end=\"1913\">Vi hjelper v\u00e5re kunder med \u00e5 ta et helhetlig grep om sin infrastruktur \u2013 fra strategi og design til implementering, drift og optimalisering.<\/p>\n<p>[\/et_pb_text][\/et_pb_column][et_pb_column type=&raquo;1_2&#8243; _builder_version=&raquo;4.25.2&#8243; _module_preset=&raquo;_initial&raquo; global_colors_info=&raquo;{}&raquo;][et_pb_text _builder_version=&raquo;4.27.4&#8243; _module_preset=&raquo;default&raquo; global_colors_info=&raquo;{}&raquo;]<\/p>\n<p data-start=\"2404\" data-end=\"2712\">V\u00e5r styrke ligger i kombinasjonen av <strong data-start=\"2441\" data-end=\"2478\">erfaring, agilitet og kvalitet<\/strong>.<br data-start=\"2479\" data-end=\"2482\">Vi arbeider raskt og fleksibelt i alle faser \u2013 fra forstudie og pre-sales til drift og videreutvikling.<br data-start=\"2590\" data-end=\"2593\">Med <strong data-start=\"2597\" data-end=\"2646\">strukturerte prosesser og personlig service<\/strong> skaper vi resultater som varer, b\u00e5de teknisk og forretningsmessig.<\/p>\n<p data-start=\"2714\" data-end=\"2729\">LOAD leverer:<\/p>\n<ul data-start=\"2730\" data-end=\"2925\">\n<li data-start=\"2730\" data-end=\"2782\">\n<p data-start=\"2732\" data-end=\"2782\"><strong data-start=\"2732\" data-end=\"2744\">Smidighet<\/strong> \u2013 raske beslutninger og korte ledetider.<\/p>\n<\/li>\n<li data-start=\"2783\" data-end=\"2849\">\n<p data-start=\"2785\" data-end=\"2849\"><strong data-start=\"2785\" data-end=\"2801\">Fleksibilitet<\/strong> \u2013 l\u00f8sninger som er tilpasset kundens behov.<\/p>\n<\/li>\n<li data-start=\"2850\" data-end=\"2925\">\n<p data-start=\"2852\" data-end=\"2925\"><strong data-start=\"2852\" data-end=\"2864\">Kvalitet<\/strong> \u2013 testede, dokumenterte og fremtidssikre implementeringer.<\/p>\n<\/li>\n<\/ul>\n<h4 data-start=\"2932\" data-end=\"2967\"><strong data-start=\"2939\" data-end=\"2967\">Erfaring og kompetanse<\/strong><\/h4>\n<p data-start=\"2968\" data-end=\"3299\">V\u00e5re konsulenter har lang erfaring med <strong data-start=\"3006\" data-end=\"3059\">IBM Power, Mainframe, Storage og hybrid IT-drift<\/strong>.<br data-start=\"3060\" data-end=\"3063\">De er <strong data-start=\"3069\" data-end=\"3098\">IBM-sertifiserte eksperter<\/strong> med praktisk erfaring fra komplekse milj\u00f8er innen bank, industri, offentlig sektor og detaljhandel.<\/p>\n<p data-start=\"2968\" data-end=\"3299\">For oss handler det ikke bare om teknologi \u2013 men om \u00e5 bygge l\u00f8sninger som styrker kundens virksomhet.<\/p>\n<p>[\/et_pb_text][\/et_pb_column][\/et_pb_row][\/et_pb_section][et_pb_section fb_built=&raquo;1&#8243; admin_label=&raquo;Call To Action&raquo; _builder_version=&raquo;4.25.2&#8243; _module_preset=&raquo;_initial&raquo; background_color=&raquo;gcid-b6c4f12c-f25d-4f61-9fb1-6e96404634cd&raquo; locked=&raquo;off&raquo; global_colors_info=&raquo;{%22gcid-b6c4f12c-f25d-4f61-9fb1-6e96404634cd%22:%91%22background_color%22%93}&raquo;][et_pb_row _builder_version=&raquo;4.27.4&#8243; _module_preset=&raquo;_initial&raquo; max_width=&raquo;900px&raquo; locked=&raquo;off&raquo; global_colors_info=&raquo;{}&raquo;][et_pb_column type=&raquo;4_4&#8243; _builder_version=&raquo;4.25.2&#8243; _module_preset=&raquo;_initial&raquo; global_colors_info=&raquo;{}&raquo;][et_pb_heading title=&raquo;Vi moderniserer uten \u00e5 g\u00e5 p\u00e5 akkord.&raquo; _builder_version=&raquo;4.27.4&#8243; _module_preset=&raquo;default&raquo; title_text_align=&raquo;center&raquo; custom_padding=&raquo;|41px||41px|false|true&raquo; global_colors_info=&raquo;{}&raquo;][\/et_pb_heading][et_pb_text _builder_version=&raquo;4.27.4&#8243; _module_preset=&raquo;default&raquo; global_colors_info=&raquo;{}&raquo;]<\/p>\n<h3 style=\"text-align: center;\">Med LOAD f\u00e5r du en <strong data-start=\"3387\" data-end=\"3407\">p\u00e5litelig partner<\/strong> som leverer <strong data-start=\"3422\" data-end=\"3469\">sikkerhet, effektivitet og fremtidssikkerhet<\/strong> i hvert prosjekt \u2013 fra datasenter til sky.<\/h3>\n<p>[\/et_pb_text][et_pb_button button_url=&raquo;@ET-DC@eyJkeW5hbWljIjp0cnVlLCJjb250ZW50IjoicG9zdF9saW5rX3VybF9wYWdlIiwic2V0dGluZ3MiOnsicG9zdF9pZCI6IjI4MyJ9fQ==@&raquo; button_text=&raquo;Kontakt oss!&raquo; button_alignment=&raquo;center&raquo; _builder_version=&raquo;4.27.4&#8243; _dynamic_attributes=&raquo;button_url&raquo; _module_preset=&raquo;default&raquo; global_colors_info=&raquo;{}&raquo;][\/et_pb_button][\/et_pb_column][\/et_pb_row][\/et_pb_section][et_pb_section fb_built=&raquo;1&#8243; _builder_version=&raquo;4.27.5&#8243; _module_preset=&raquo;default&raquo; global_colors_info=&raquo;{}&raquo;][\/et_pb_section]<\/p>\n","protected":false},"excerpt":{"rendered":"<p>I en verden hvor hver transaksjon m\u00e5 v\u00e6re sikker, rask og tilgjengelig d\u00f8gnet rundt kreves IT-partnere som forst\u00e5r betydningen av p\u00e5litelige kjernesystemer. Vi er selskapet bak teknologien som holder noen av Sveriges st\u00f8rste banker i gang \u2013 fra forretningskritiske betalingsl\u00f8sninger til robuste infrastrukturplattformer. V\u00e5r ekspertise ligger i \u00e5 optimalisere, modernisere og sikre systemmilj\u00f8er med h\u00f8yeste [&hellip;]<\/p>\n","protected":false},"author":1,"featured_media":0,"parent":0,"menu_order":0,"comment_status":"closed","ping_status":"closed","template":"","meta":{"_et_pb_use_builder":"on","_et_pb_old_content":"","_et_gb_content_width":"","footnotes":""},"class_list":["post-1007","page","type-page","status-publish","hentry"],"yoast_head":"<!-- This site is optimized with the Yoast SEO Premium plugin v27.2 (Yoast SEO v27.4) - https:\/\/yoast.com\/product\/yoast-seo-premium-wordpress\/ -->\n<title>Om LOAD \u2013 eksperter p\u00e5 moderne IT-infrastruktur | LOAD<\/title>\n<meta name=\"description\" content=\"Bli kjent med LOAD \u2013 eksperter innen moderne IT-infrastruktur, sikkerhet og forretningskritiske systemer med fokus p\u00e5 ytelse og stabilitet.\" \/>\n<meta name=\"robots\" content=\"index, follow, max-snippet:-1, max-image-preview:large, max-video-preview:-1\" \/>\n<link rel=\"canonical\" href=\"https:\/\/www.load.se\/no\/om-oss\/\" \/>\n<meta property=\"og:locale\" content=\"nb_NO\" \/>\n<meta property=\"og:type\" content=\"article\" \/>\n<meta property=\"og:title\" content=\"Om oss\" \/>\n<meta property=\"og:description\" content=\"Bli kjent med LOAD \u2013 eksperter innen moderne IT-infrastruktur, sikkerhet og forretningskritiske systemer med fokus p\u00e5 ytelse og stabilitet.\" \/>\n<meta property=\"og:url\" content=\"https:\/\/www.load.se\/no\/om-oss\/\" \/>\n<meta property=\"og:site_name\" content=\"Load System AB\" \/>\n<meta property=\"article:modified_time\" content=\"2026-04-04T06:33:17+00:00\" \/>\n<meta name=\"twitter:card\" content=\"summary_large_image\" \/>\n<meta name=\"twitter:label1\" content=\"Ansl. lesetid\" \/>\n\t<meta name=\"twitter:data1\" content=\"7 minutter\" \/>\n<script type=\"application\/ld+json\" class=\"yoast-schema-graph\">{\"@context\":\"https:\\\/\\\/schema.org\",\"@graph\":[{\"@type\":\"WebPage\",\"@id\":\"https:\\\/\\\/www.load.se\\\/no\\\/om-oss\\\/\",\"url\":\"https:\\\/\\\/www.load.se\\\/no\\\/om-oss\\\/\",\"name\":\"Om LOAD \u2013 eksperter p\u00e5 moderne IT-infrastruktur | LOAD\",\"isPartOf\":{\"@id\":\"https:\\\/\\\/www.load.se\\\/no\\\/#website\"},\"datePublished\":\"2025-10-13T07:58:43+00:00\",\"dateModified\":\"2026-04-04T06:33:17+00:00\",\"description\":\"Bli kjent med LOAD \u2013 eksperter innen moderne IT-infrastruktur, sikkerhet og forretningskritiske systemer med fokus p\u00e5 ytelse og stabilitet.\",\"breadcrumb\":{\"@id\":\"https:\\\/\\\/www.load.se\\\/no\\\/om-oss\\\/#breadcrumb\"},\"inLanguage\":\"nb-NO\",\"potentialAction\":[{\"@type\":\"ReadAction\",\"target\":[\"https:\\\/\\\/www.load.se\\\/no\\\/om-oss\\\/\"]}]},{\"@type\":\"BreadcrumbList\",\"@id\":\"https:\\\/\\\/www.load.se\\\/no\\\/om-oss\\\/#breadcrumb\",\"itemListElement\":[{\"@type\":\"ListItem\",\"position\":1,\"name\":\"Home\",\"item\":\"https:\\\/\\\/www.load.se\\\/no\\\/\"},{\"@type\":\"ListItem\",\"position\":2,\"name\":\"Om oss\"}]},{\"@type\":\"WebSite\",\"@id\":\"https:\\\/\\\/www.load.se\\\/no\\\/#website\",\"url\":\"https:\\\/\\\/www.load.se\\\/no\\\/\",\"name\":\"Load System AB\",\"description\":\"\",\"publisher\":{\"@id\":\"https:\\\/\\\/www.load.se\\\/no\\\/#organization\"},\"potentialAction\":[{\"@type\":\"SearchAction\",\"target\":{\"@type\":\"EntryPoint\",\"urlTemplate\":\"https:\\\/\\\/www.load.se\\\/no\\\/?s={search_term_string}\"},\"query-input\":{\"@type\":\"PropertyValueSpecification\",\"valueRequired\":true,\"valueName\":\"search_term_string\"}}],\"inLanguage\":\"nb-NO\"},{\"@type\":\"Organization\",\"@id\":\"https:\\\/\\\/www.load.se\\\/no\\\/#organization\",\"name\":\"Load System AB\",\"url\":\"https:\\\/\\\/www.load.se\\\/no\\\/\",\"logo\":{\"@type\":\"ImageObject\",\"inLanguage\":\"nb-NO\",\"@id\":\"https:\\\/\\\/www.load.se\\\/no\\\/#\\\/schema\\\/logo\\\/image\\\/\",\"url\":\"http:\\\/\\\/www.load.se\\\/wp-content\\\/uploads\\\/2025\\\/10\\\/Load-website-6.png\",\"contentUrl\":\"http:\\\/\\\/www.load.se\\\/wp-content\\\/uploads\\\/2025\\\/10\\\/Load-website-6.png\",\"width\":2160,\"height\":800,\"caption\":\"Load System AB\"},\"image\":{\"@id\":\"https:\\\/\\\/www.load.se\\\/no\\\/#\\\/schema\\\/logo\\\/image\\\/\"},\"sameAs\":[\"https:\\\/\\\/www.linkedin.com\\\/company\\\/load-ab\"]}]}<\/script>\n<!-- \/ Yoast SEO Premium plugin. -->","yoast_head_json":{"title":"Om LOAD \u2013 eksperter p\u00e5 moderne IT-infrastruktur | LOAD","description":"Bli kjent med LOAD \u2013 eksperter innen moderne IT-infrastruktur, sikkerhet og forretningskritiske systemer med fokus p\u00e5 ytelse og stabilitet.","robots":{"index":"index","follow":"follow","max-snippet":"max-snippet:-1","max-image-preview":"max-image-preview:large","max-video-preview":"max-video-preview:-1"},"canonical":"https:\/\/www.load.se\/no\/om-oss\/","og_locale":"nb_NO","og_type":"article","og_title":"Om oss","og_description":"Bli kjent med LOAD \u2013 eksperter innen moderne IT-infrastruktur, sikkerhet og forretningskritiske systemer med fokus p\u00e5 ytelse og stabilitet.","og_url":"https:\/\/www.load.se\/no\/om-oss\/","og_site_name":"Load System AB","article_modified_time":"2026-04-04T06:33:17+00:00","twitter_card":"summary_large_image","twitter_misc":{"Ansl. lesetid":"7 minutter"},"schema":{"@context":"https:\/\/schema.org","@graph":[{"@type":"WebPage","@id":"https:\/\/www.load.se\/no\/om-oss\/","url":"https:\/\/www.load.se\/no\/om-oss\/","name":"Om LOAD \u2013 eksperter p\u00e5 moderne IT-infrastruktur | LOAD","isPartOf":{"@id":"https:\/\/www.load.se\/no\/#website"},"datePublished":"2025-10-13T07:58:43+00:00","dateModified":"2026-04-04T06:33:17+00:00","description":"Bli kjent med LOAD \u2013 eksperter innen moderne IT-infrastruktur, sikkerhet og forretningskritiske systemer med fokus p\u00e5 ytelse og stabilitet.","breadcrumb":{"@id":"https:\/\/www.load.se\/no\/om-oss\/#breadcrumb"},"inLanguage":"nb-NO","potentialAction":[{"@type":"ReadAction","target":["https:\/\/www.load.se\/no\/om-oss\/"]}]},{"@type":"BreadcrumbList","@id":"https:\/\/www.load.se\/no\/om-oss\/#breadcrumb","itemListElement":[{"@type":"ListItem","position":1,"name":"Home","item":"https:\/\/www.load.se\/no\/"},{"@type":"ListItem","position":2,"name":"Om oss"}]},{"@type":"WebSite","@id":"https:\/\/www.load.se\/no\/#website","url":"https:\/\/www.load.se\/no\/","name":"Load System AB","description":"","publisher":{"@id":"https:\/\/www.load.se\/no\/#organization"},"potentialAction":[{"@type":"SearchAction","target":{"@type":"EntryPoint","urlTemplate":"https:\/\/www.load.se\/no\/?s={search_term_string}"},"query-input":{"@type":"PropertyValueSpecification","valueRequired":true,"valueName":"search_term_string"}}],"inLanguage":"nb-NO"},{"@type":"Organization","@id":"https:\/\/www.load.se\/no\/#organization","name":"Load System AB","url":"https:\/\/www.load.se\/no\/","logo":{"@type":"ImageObject","inLanguage":"nb-NO","@id":"https:\/\/www.load.se\/no\/#\/schema\/logo\/image\/","url":"http:\/\/www.load.se\/wp-content\/uploads\/2025\/10\/Load-website-6.png","contentUrl":"http:\/\/www.load.se\/wp-content\/uploads\/2025\/10\/Load-website-6.png","width":2160,"height":800,"caption":"Load System AB"},"image":{"@id":"https:\/\/www.load.se\/no\/#\/schema\/logo\/image\/"},"sameAs":["https:\/\/www.linkedin.com\/company\/load-ab"]}]}},"_links":{"self":[{"href":"https:\/\/www.load.se\/no\/wp-json\/wp\/v2\/pages\/1007","targetHints":{"allow":["GET"]}}],"collection":[{"href":"https:\/\/www.load.se\/no\/wp-json\/wp\/v2\/pages"}],"about":[{"href":"https:\/\/www.load.se\/no\/wp-json\/wp\/v2\/types\/page"}],"author":[{"embeddable":true,"href":"https:\/\/www.load.se\/no\/wp-json\/wp\/v2\/users\/1"}],"replies":[{"embeddable":true,"href":"https:\/\/www.load.se\/no\/wp-json\/wp\/v2\/comments?post=1007"}],"version-history":[{"count":33,"href":"https:\/\/www.load.se\/no\/wp-json\/wp\/v2\/pages\/1007\/revisions"}],"predecessor-version":[{"id":3688,"href":"https:\/\/www.load.se\/no\/wp-json\/wp\/v2\/pages\/1007\/revisions\/3688"}],"wp:attachment":[{"href":"https:\/\/www.load.se\/no\/wp-json\/wp\/v2\/media?parent=1007"}],"curies":[{"name":"wp","href":"https:\/\/api.w.org\/{rel}","templated":true}]}}