{"id":1079,"date":"2025-10-11T18:39:22","date_gmt":"2025-10-11T16:39:22","guid":{"rendered":"http:\/\/www.load.se\/ibm-power\/"},"modified":"2026-04-04T08:01:00","modified_gmt":"2026-04-04T06:01:00","slug":"ibm-power","status":"publish","type":"page","link":"https:\/\/www.load.se\/no\/ibm-power\/","title":{"rendered":"IBM Power"},"content":{"rendered":"<p>[et_pb_section fb_built=&raquo;1&#8243; admin_label=&raquo;Header&raquo; _builder_version=&raquo;4.23.2&#8243; _module_preset=&raquo;default&raquo; custom_padding=&raquo;0px||0px||true|false&raquo; collapsed=&raquo;on&raquo; global_colors_info=&raquo;{}&raquo;][et_pb_row column_structure=&raquo;1_3,2_3&#8243; use_custom_gutter=&raquo;on&raquo; gutter_width=&raquo;1&#8243; make_equal=&raquo;on&raquo; _builder_version=&raquo;4.27.4&#8243; _module_preset=&raquo;default&raquo; width=&raquo;100%&raquo; max_width=&raquo;none&raquo; custom_padding=&raquo;0px||0px||true|false&raquo; locked=&raquo;off&raquo; global_colors_info=&raquo;{}&raquo;][et_pb_column type=&raquo;1_3&#8243; _builder_version=&raquo;4.27.4&#8243; _module_preset=&raquo;default&raquo; background_image=&raquo;https:\/\/www.load.se\/wp-content\/uploads\/2025\/10\/Power11Blue.png&raquo; custom_padding=&raquo;|0px|||false|false&raquo; global_colors_info=&raquo;{}&raquo;][\/et_pb_column][et_pb_column type=&raquo;2_3&#8243; _builder_version=&raquo;4.27.4&#8243; _module_preset=&raquo;default&raquo; background_color=&raquo;gcid-c99e8569-e73a-4475-92a4-a1a7fec8f2cc&raquo; use_background_color_gradient=&raquo;on&raquo; background_color_gradient_type=&raquo;conic&raquo; background_color_gradient_direction=&raquo;140deg&raquo; background_color_gradient_stops=&raquo;rgba(255,255,255,0) 0%|rgba(255,255,255,0) 50%|rgba(255,255,255,0.2) 100%&raquo; custom_padding=&raquo;10%|10%|10%|10%|true|true&raquo; global_colors_info=&raquo;{%22gcid-c99e8569-e73a-4475-92a4-a1a7fec8f2cc%22:%91%22background_color%22%93}&raquo;][et_pb_text _builder_version=&raquo;4.27.4&#8243; _module_preset=&raquo;_initial&raquo; header_text_color=&raquo;#FFFFFF&raquo; header_font_size=&raquo;32px&raquo; header_line_height=&raquo;1.2em&raquo; header_font_size_tablet=&raquo;40px&raquo; header_font_size_phone=&raquo;24px&raquo; header_font_size_last_edited=&raquo;on|desktop&raquo; global_colors_info=&raquo;{}&raquo;]<\/p>\n<h1>IBM Power11<\/h1>\n<p>[\/et_pb_text][et_pb_text _builder_version=&raquo;4.27.4&#8243; _module_preset=&raquo;_initial&raquo; text_text_color=&raquo;#FFFFFF&raquo; header_5_font=&raquo;\u2014et_global_heading_font|300|||||||&raquo; header_5_text_color=&raquo;#FFFFFF&raquo; header_5_font_size=&raquo;14px&raquo; header_5_line_height=&raquo;1.6em&raquo; background_layout=&raquo;dark&raquo; max_width=&raquo;600px&raquo; custom_padding=&raquo;||32px|||&raquo; header_5_font_size_tablet=&raquo;16px&raquo; header_5_font_size_phone=&raquo;14px&raquo; header_5_font_size_last_edited=&raquo;on|desktop&raquo; global_colors_info=&raquo;{%22gcid-secondary-color%22:%91%22header_text_color%22%93}&raquo;]<\/p>\n<h3>Neste generasjons plattform for forretningskritiske systemer<\/h3>\n<p>N\u00e5r kravene til skalerbarhet, sikkerhet og tilgjengelighet \u00f8ker, trengs en infrastruktur som kan levere \u2014 uten kompromisser.<br data-start=\"461\" data-end=\"464\"><strong data-start=\"464\" data-end=\"479\">IBM Power11<\/strong>, den nyeste generasjonen i Power-familien, er bygget for AI-\u00e6raen og leverer markedsledende ytelse, p\u00e5litelighet og energieffektivitet for moderne virksomheter<\/p>\n<p>[\/et_pb_text][\/et_pb_column][\/et_pb_row][\/et_pb_section][et_pb_section fb_built=&raquo;1&#8243; admin_label=&raquo;Project Info&raquo; _builder_version=&raquo;4.27.4&#8243; _module_preset=&raquo;default&raquo; background_color=&raquo;#FFFFFF&raquo; locked=&raquo;off&raquo; collapsed=&raquo;on&raquo; global_colors_info=&raquo;{}&raquo;][et_pb_row column_structure=&raquo;1_3,2_3&#8243; _builder_version=&raquo;4.27.4&#8243; _module_preset=&raquo;default&raquo; global_colors_info=&raquo;{}&raquo;][et_pb_column type=&raquo;1_3&#8243; _builder_version=&raquo;4.23.2&#8243; _module_preset=&raquo;default&raquo; global_colors_info=&raquo;{}&raquo;][et_pb_text _builder_version=&raquo;4.27.4&#8243; _module_preset=&raquo;_initial&raquo; text_font=&raquo;\u2014et_global_heading_font|300|||||||&raquo; header_2_font=&raquo;\u2014et_global_heading_font|300|||||||&raquo; header_2_text_color=&raquo;gcid-secondary-color&raquo; header_2_font_size=&raquo;32px&raquo; header_2_line_height=&raquo;1.3em&raquo; custom_margin=&raquo;|-9px|10px||false|false&raquo; header_2_font_size_tablet=&raquo;32px&raquo; header_2_font_size_phone=&raquo;20px&raquo; header_2_font_size_last_edited=&raquo;on|desktop&raquo; global_colors_info=&raquo;{%22gcid-primary-color%22:%91%22text_text_color%22%93,%22gcid-secondary-color%22:%91%22header_text_color%22,%22header_2_text_color%22%93}&raquo;]<\/p>\n<h2>Ytelse for fremtidens arbeidsbelastninger<\/h2>\n<p>[\/et_pb_text][et_pb_divider _builder_version=&raquo;4.27.4&#8243; _module_preset=&raquo;default&raquo; global_colors_info=&raquo;{}&raquo;][\/et_pb_divider][et_pb_blurb title=&raquo;Last ned produktarket for IBM Power11&#8243; use_icon=&raquo;on&raquo; font_icon=&raquo;&#xf56d;||fa||900&#8243; icon_color=&raquo;gcid-secondary-color&raquo; icon_placement=&raquo;left&raquo; _builder_version=&raquo;4.27.4&#8243; _dynamic_attributes=&raquo;link_option_url&raquo; _module_preset=&raquo;default&raquo; link_option_url=&raquo;@ET-DC@eyJkeW5hbWljIjp0cnVlLCJjb250ZW50IjoicG9zdF9saW5rX3VybF9hdHRhY2htZW50Iiwic2V0dGluZ3MiOnsicG9zdF9pZCI6IjU0MCJ9fQ==@&raquo; hover_enabled=&raquo;0&#8243; global_colors_info=&raquo;{%22gcid-secondary-color%22:%91%22icon_color%22%93}&raquo; link_option_url_new_window=&raquo;on&raquo; sticky_enabled=&raquo;0&#8243;]<\/p>\n<p>Utforsk hele IBM Power11-familien \u2013 fra kompakte systemer til enterprise-servere med AI-akselerasjon, 99,9999 % tilgjengelighet og kvantsikker kryptering.<\/p>\n<p>[\/et_pb_blurb][\/et_pb_column][et_pb_column type=&raquo;2_3&#8243; _builder_version=&raquo;4.23.2&#8243; _module_preset=&raquo;default&raquo; global_colors_info=&raquo;{}&raquo;][et_pb_text _builder_version=&raquo;4.27.4&#8243; _module_preset=&raquo;_initial&raquo; text_font_size=&raquo;15px&raquo; text_line_height=&raquo;1.8em&raquo; text_font_size_tablet=&raquo;15px&raquo; text_font_size_phone=&raquo;14px&raquo; text_font_size_last_edited=&raquo;on|desktop&raquo; global_colors_info=&raquo;{}&raquo;]<\/p>\n<p>Med opptil <strong data-start=\"800\" data-end=\"814\">256 kjerner<\/strong>, <strong data-start=\"816\" data-end=\"848\">DDR5-minne p\u00e5 opptil 64 TB<\/strong> og <strong data-start=\"853\" data-end=\"890\">opptil 55 % h\u00f8yere kjerneytelse<\/strong> enn forrige generasjon tilbyr Power11 en plattform som h\u00e5ndterer alt fra databasedrevne applikasjoner til AI og avansert analyse.<br data-start=\"1026\" data-end=\"1029\">Den nye <strong data-start=\"1037\" data-end=\"1063\">IBM Spyre-akseleratoren<\/strong> gir dessuten maskinvarebasert AI-akselerasjon for inferens og hybrid-skymilj\u00f8er.<\/p>\n<p>[\/et_pb_text][et_pb_text _builder_version=&raquo;4.27.4&#8243; _module_preset=&raquo;_initial&raquo; header_4_font=&raquo;Space Grotesk|500|||||||&raquo; header_4_text_color=&raquo;#000000&#8243; header_4_font_size=&raquo;24px&raquo; header_4_line_height=&raquo;1.5em&raquo; custom_margin=&raquo;||0px||false|false&raquo; header_4_font_size_tablet=&raquo;16px&raquo; header_4_font_size_phone=&raquo;15px&raquo; header_4_font_size_last_edited=&raquo;on|desktop&raquo; global_colors_info=&raquo;{}&raquo;]<\/p>\n<h1>Kvantesikkerhet og cyberresiliens<\/h1>\n<p>[\/et_pb_text][et_pb_text _builder_version=&raquo;4.27.4&#8243; _module_preset=&raquo;_initial&raquo; text_font_size=&raquo;15px&raquo; text_line_height=&raquo;1.8em&raquo; text_font_size_tablet=&raquo;15px&raquo; text_font_size_phone=&raquo;14px&raquo; text_font_size_last_edited=&raquo;on|phone&raquo; global_colors_info=&raquo;{}&raquo;]<\/p>\n<p data-start=\"1271\" data-end=\"1644\">IBM Power11 leverer <strong data-start=\"1293\" data-end=\"1321\">99,9999 % tilgjengelighet<\/strong> og <strong data-start=\"1326\" data-end=\"1378\">mindre enn ett minutts deteksjonstid for ransomware<\/strong> gjennom integrert <strong data-start=\"1396\" data-end=\"1421\">IBM Power Cyber Vault<\/strong>.<br data-start=\"1422\" data-end=\"1425\">Plattformen bruker <strong data-start=\"1446\" data-end=\"1484\">NIST-godkjent kvantesikker kryptering<\/strong> og <strong data-start=\"1489\" data-end=\"1512\">immutable snapshots<\/strong> for \u00e5 beskytte mot fremtidige trusler, inkludert s\u00e5kalte <em data-start=\"1567\" data-end=\"1595\">harvest-now, decrypt-later<\/em>-angrep.<\/p>\n<p data-start=\"1646\" data-end=\"1810\">Med <strong data-start=\"1650\" data-end=\"1676\">autonome oppdateringer<\/strong> og <strong data-start=\"1681\" data-end=\"1708\">selvhelbredende arkitektur<\/strong> kan systemet vedlikeholdes uten planlagte driftsstanser \u2013 noe som betyr at virksomheten alltid er i gang.<\/p>\n<p>[\/et_pb_text][et_pb_text _builder_version=&raquo;4.27.4&#8243; _module_preset=&raquo;_initial&raquo; header_4_font=&raquo;Space Grotesk|500|||||||&raquo; header_4_text_color=&raquo;#000000&#8243; header_4_font_size=&raquo;24px&raquo; header_4_line_height=&raquo;1.5em&raquo; custom_margin=&raquo;||0px||false|false&raquo; header_4_font_size_tablet=&raquo;16px&raquo; header_4_font_size_phone=&raquo;15px&raquo; header_4_font_size_last_edited=&raquo;on|desktop&raquo; global_colors_info=&raquo;{}&raquo;]<\/p>\n<h1>AI-klar fra grunnen av<\/h1>\n<p>[\/et_pb_text][et_pb_text _builder_version=&raquo;4.27.4&#8243; _module_preset=&raquo;_initial&raquo; text_font_size=&raquo;15px&raquo; text_line_height=&raquo;1.8em&raquo; text_font_size_tablet=&raquo;15px&raquo; text_font_size_phone=&raquo;14px&raquo; text_font_size_last_edited=&raquo;on|desktop&raquo; global_colors_info=&raquo;{}&raquo;]<\/p>\n<p>Power11 er bygget for \u00e5 drive <strong data-start=\"1880\" data-end=\"1930\">AI-arbeidsbelastninger direkte i infrastrukturen<\/strong>.<br data-start=\"1931\" data-end=\"1934\">Med <strong data-start=\"1938\" data-end=\"1962\">Red Hat OpenShift AI<\/strong>, <strong data-start=\"1964\" data-end=\"1980\">watsonx.data<\/strong> og <strong data-start=\"1985\" data-end=\"2017\">watsonx Code Assistant for i<\/strong> kan bedrifter modernisere sine fagsystemer, automatisere kodeutvikling og dra nytte av AI-drevet innsikt \u2014 uten \u00e5 forlate den sikre Power-plattformen<\/p>\n<p>[\/et_pb_text][et_pb_image src=&raquo;http:\/\/www.load.se\/wp-content\/uploads\/2025\/10\/Power11-Launch-SocialKit-1.png&raquo; title_text=&raquo;Power11-Launch-SocialKit&raquo; _builder_version=&raquo;4.27.4&#8243; _module_preset=&raquo;default&raquo; global_colors_info=&raquo;{}&raquo;][\/et_pb_image][et_pb_text _builder_version=&raquo;4.27.4&#8243; _module_preset=&raquo;_initial&raquo; header_4_font=&raquo;Space Grotesk|500|||||||&raquo; header_4_text_color=&raquo;#000000&#8243; header_4_font_size=&raquo;24px&raquo; header_4_line_height=&raquo;1.5em&raquo; custom_margin=&raquo;||0px||false|false&raquo; header_4_font_size_tablet=&raquo;16px&raquo; header_4_font_size_phone=&raquo;15px&raquo; header_4_font_size_last_edited=&raquo;on|desktop&raquo; global_colors_info=&raquo;{}&raquo;]<\/p>\n<h1>Energieffektiv og b\u00e6rekraftig drift<\/h1>\n<p>[\/et_pb_text][et_pb_text _builder_version=&raquo;4.27.4&#8243; _module_preset=&raquo;_initial&raquo; text_font_size=&raquo;15px&raquo; text_line_height=&raquo;1.8em&raquo; text_font_size_tablet=&raquo;15px&raquo; text_font_size_phone=&raquo;14px&raquo; text_font_size_last_edited=&raquo;on|desktop&raquo; global_colors_info=&raquo;{}&raquo;]<\/p>\n<p>Med den nye <strong data-start=\"2269\" data-end=\"2294\">Energy Efficient Mode<\/strong> forbruker Power11 opptil <strong data-start=\"2322\" data-end=\"2344\">28 % mindre energi<\/strong> og leverer <strong data-start=\"2359\" data-end=\"2396\">dobbelt s\u00e5 h\u00f8y ytelse per watt<\/strong> som sammenlignbare x86-systemer.<br data-start=\"2423\" data-end=\"2426\">Avanserte kj\u00f8lesystemer og 2.5D-stablet kondensatorteknologi reduserer b\u00e5de varme og energitap, noe som gj\u00f8r Power11 til en av markedets mest b\u00e6rekraftige serverplattformer.<\/p>\n<p>[\/et_pb_text][et_pb_text _builder_version=&raquo;4.27.4&#8243; _module_preset=&raquo;_initial&raquo; header_4_font=&raquo;Space Grotesk|500|||||||&raquo; header_4_text_color=&raquo;#000000&#8243; header_4_font_size=&raquo;24px&raquo; header_4_line_height=&raquo;1.5em&raquo; custom_margin=&raquo;||0px||false|false&raquo; header_4_font_size_tablet=&raquo;16px&raquo; header_4_font_size_phone=&raquo;15px&raquo; header_4_font_size_last_edited=&raquo;on|desktop&raquo; global_colors_info=&raquo;{}&raquo;]<\/p>\n<h1>Fleksibel kapasitet og hybridsky<\/h1>\n<p>[\/et_pb_text][et_pb_text _builder_version=&raquo;4.27.4&#8243; _module_preset=&raquo;_initial&raquo; text_font_size=&raquo;15px&raquo; text_line_height=&raquo;1.8em&raquo; text_font_size_tablet=&raquo;15px&raquo; text_font_size_phone=&raquo;14px&raquo; text_font_size_last_edited=&raquo;on|desktop&raquo; global_colors_info=&raquo;{}&raquo;]<\/p>\n<p data-start=\"2694\" data-end=\"2751\">Power11 integreres s\u00f8ml\u00f8st med <strong data-start=\"2715\" data-end=\"2745\">Power Enterprise Pools 2.0<\/strong> og <strong data-start=\"2750\" data-end=\"2778\">IBM Power Virtual Server<\/strong> \u2013 noe som gir skylignende fleksibilitet med full kontroll over data.<br data-start=\"2841\" data-end=\"2844\">Ressurser kan deles over opptil 96 systemer og belastes <strong data-start=\"2901\" data-end=\"2914\">per minutt<\/strong>, noe som senker kostnader og muliggj\u00f8r smidig skalering mellom on-prem og IBM Cloud.<\/p>\n<p>[\/et_pb_text][\/et_pb_column][\/et_pb_row][et_pb_row column_structure=&raquo;1_3,2_3&#8243; _builder_version=&raquo;4.27.4&#8243; _module_preset=&raquo;default&raquo; custom_margin=&raquo;100px||||false|false&raquo; custom_margin_tablet=&raquo;60px||||false|false&raquo; custom_margin_phone=&raquo;60px||||false|false&raquo; custom_margin_last_edited=&raquo;on|phone&raquo; global_module=&raquo;644&#8243; global_colors_info=&raquo;{}&raquo;][et_pb_column type=&raquo;1_3&#8243; _builder_version=&raquo;4.27.4&#8243; _module_preset=&raquo;default&raquo; global_colors_info=&raquo;{}&raquo;][et_pb_text _builder_version=&raquo;4.27.4&#8243; _module_preset=&raquo;_initial&raquo; header_2_font=&raquo;Space Grotesk|500|||||||&raquo; header_2_text_color=&raquo;#000000&#8243; header_2_font_size=&raquo;52px&raquo; header_2_line_height=&raquo;1.3em&raquo; custom_margin=&raquo;||10px||false|false&raquo; header_2_font_size_tablet=&raquo;32px&raquo; header_2_font_size_phone=&raquo;20px&raquo; header_2_font_size_last_edited=&raquo;on|desktop&raquo; global_colors_info=&raquo;{}&raquo;]<\/p>\n<h1>Hvorfor LOAD<\/h1>\n<p>[\/et_pb_text][\/et_pb_column][et_pb_column type=&raquo;2_3&#8243; _builder_version=&raquo;4.23.2&#8243; _module_preset=&raquo;default&raquo; global_colors_info=&raquo;{}&raquo;][et_pb_text _builder_version=&raquo;4.27.4&#8243; _module_preset=&raquo;_initial&raquo; text_font_size=&raquo;15px&raquo; text_line_height=&raquo;1.8em&raquo; text_font_size_tablet=&raquo;15px&raquo; text_font_size_phone=&raquo;14px&raquo; text_font_size_last_edited=&raquo;on|desktop&raquo; global_colors_info=&raquo;{}&raquo;]<\/p>\n<p>Som IBM Platinum Partner hjelper LOAD norske bedrifter med \u00e5 implementere l\u00f8sninger som matcher deres behov for ytelse, sikkerhet og enkel drift.<br \/>Vi tilbyr r\u00e5dgivning, design, implementering og proaktiv support \u2013 slik at du kan fokusere p\u00e5 forretningen i stedet for infrastrukturen.<\/p>\n<p>[\/et_pb_text][\/et_pb_column][\/et_pb_row][\/et_pb_section]<\/p>\n","protected":false},"excerpt":{"rendered":"<p>IBM Power11Neste generasjons plattform for forretningskritiske systemer N\u00e5r kravene til skalerbarhet, sikkerhet og tilgjengelighet \u00f8ker, trengs en infrastruktur som kan levere \u2014 uten kompromisser.IBM Power11, den nyeste generasjonen i Power-familien, er bygget for AI-\u00e6raen og leverer markedsledende ytelse, p\u00e5litelighet og energieffektivitet for moderne virksomheterYtelse for fremtidens arbeidsbelastningerUtforsk hele IBM Power11-familien \u2013 fra kompakte systemer til [&hellip;]<\/p>\n","protected":false},"author":1,"featured_media":0,"parent":0,"menu_order":0,"comment_status":"closed","ping_status":"closed","template":"","meta":{"_et_pb_use_builder":"on","_et_pb_old_content":"","_et_gb_content_width":"","footnotes":""},"class_list":["post-1079","page","type-page","status-publish","hentry"],"yoast_head":"<!-- This site is optimized with the Yoast SEO Premium plugin v27.2 (Yoast SEO v27.4) - https:\/\/yoast.com\/product\/yoast-seo-premium-wordpress\/ -->\n<title>IBM Power \u2013 ytelse for kritiske systemer | LOAD<\/title>\n<meta name=\"description\" content=\"IBM Power gir h\u00f8y ytelse, sikkerhet og tilgjengelighet for forretningskritiske systemer, databaser og AI-drevne arbeidsbelastninger.\" \/>\n<meta name=\"robots\" content=\"index, follow, max-snippet:-1, max-image-preview:large, max-video-preview:-1\" \/>\n<link rel=\"canonical\" href=\"https:\/\/www.load.se\/no\/ibm-power\/\" \/>\n<meta property=\"og:locale\" content=\"nb_NO\" \/>\n<meta property=\"og:type\" content=\"article\" \/>\n<meta property=\"og:title\" content=\"IBM Power\" \/>\n<meta property=\"og:description\" content=\"IBM Power gir h\u00f8y ytelse, sikkerhet og tilgjengelighet for forretningskritiske systemer, databaser og AI-drevne arbeidsbelastninger.\" \/>\n<meta property=\"og:url\" content=\"https:\/\/www.load.se\/no\/ibm-power\/\" \/>\n<meta property=\"og:site_name\" content=\"Load System AB\" \/>\n<meta property=\"article:modified_time\" content=\"2026-04-04T06:01:00+00:00\" \/>\n<meta name=\"twitter:card\" content=\"summary_large_image\" \/>\n<meta name=\"twitter:label1\" content=\"Ansl. lesetid\" \/>\n\t<meta name=\"twitter:data1\" content=\"7 minutter\" \/>\n<script type=\"application\/ld+json\" class=\"yoast-schema-graph\">{\"@context\":\"https:\\\/\\\/schema.org\",\"@graph\":[{\"@type\":\"WebPage\",\"@id\":\"https:\\\/\\\/www.load.se\\\/no\\\/ibm-power\\\/\",\"url\":\"https:\\\/\\\/www.load.se\\\/no\\\/ibm-power\\\/\",\"name\":\"IBM Power \u2013 ytelse for kritiske systemer | LOAD\",\"isPartOf\":{\"@id\":\"https:\\\/\\\/www.load.se\\\/no\\\/#website\"},\"datePublished\":\"2025-10-11T16:39:22+00:00\",\"dateModified\":\"2026-04-04T06:01:00+00:00\",\"description\":\"IBM Power gir h\u00f8y ytelse, sikkerhet og tilgjengelighet for forretningskritiske systemer, databaser og AI-drevne arbeidsbelastninger.\",\"breadcrumb\":{\"@id\":\"https:\\\/\\\/www.load.se\\\/no\\\/ibm-power\\\/#breadcrumb\"},\"inLanguage\":\"nb-NO\",\"potentialAction\":[{\"@type\":\"ReadAction\",\"target\":[\"https:\\\/\\\/www.load.se\\\/no\\\/ibm-power\\\/\"]}]},{\"@type\":\"BreadcrumbList\",\"@id\":\"https:\\\/\\\/www.load.se\\\/no\\\/ibm-power\\\/#breadcrumb\",\"itemListElement\":[{\"@type\":\"ListItem\",\"position\":1,\"name\":\"Home\",\"item\":\"https:\\\/\\\/www.load.se\\\/no\\\/\"},{\"@type\":\"ListItem\",\"position\":2,\"name\":\"IBM Power\"}]},{\"@type\":\"WebSite\",\"@id\":\"https:\\\/\\\/www.load.se\\\/no\\\/#website\",\"url\":\"https:\\\/\\\/www.load.se\\\/no\\\/\",\"name\":\"Load System AB\",\"description\":\"\",\"publisher\":{\"@id\":\"https:\\\/\\\/www.load.se\\\/no\\\/#organization\"},\"potentialAction\":[{\"@type\":\"SearchAction\",\"target\":{\"@type\":\"EntryPoint\",\"urlTemplate\":\"https:\\\/\\\/www.load.se\\\/no\\\/?s={search_term_string}\"},\"query-input\":{\"@type\":\"PropertyValueSpecification\",\"valueRequired\":true,\"valueName\":\"search_term_string\"}}],\"inLanguage\":\"nb-NO\"},{\"@type\":\"Organization\",\"@id\":\"https:\\\/\\\/www.load.se\\\/no\\\/#organization\",\"name\":\"Load System AB\",\"url\":\"https:\\\/\\\/www.load.se\\\/no\\\/\",\"logo\":{\"@type\":\"ImageObject\",\"inLanguage\":\"nb-NO\",\"@id\":\"https:\\\/\\\/www.load.se\\\/no\\\/#\\\/schema\\\/logo\\\/image\\\/\",\"url\":\"http:\\\/\\\/www.load.se\\\/wp-content\\\/uploads\\\/2025\\\/10\\\/Load-website-6.png\",\"contentUrl\":\"http:\\\/\\\/www.load.se\\\/wp-content\\\/uploads\\\/2025\\\/10\\\/Load-website-6.png\",\"width\":2160,\"height\":800,\"caption\":\"Load System AB\"},\"image\":{\"@id\":\"https:\\\/\\\/www.load.se\\\/no\\\/#\\\/schema\\\/logo\\\/image\\\/\"},\"sameAs\":[\"https:\\\/\\\/www.linkedin.com\\\/company\\\/load-ab\"]}]}<\/script>\n<!-- \/ Yoast SEO Premium plugin. -->","yoast_head_json":{"title":"IBM Power \u2013 ytelse for kritiske systemer | LOAD","description":"IBM Power gir h\u00f8y ytelse, sikkerhet og tilgjengelighet for forretningskritiske systemer, databaser og AI-drevne arbeidsbelastninger.","robots":{"index":"index","follow":"follow","max-snippet":"max-snippet:-1","max-image-preview":"max-image-preview:large","max-video-preview":"max-video-preview:-1"},"canonical":"https:\/\/www.load.se\/no\/ibm-power\/","og_locale":"nb_NO","og_type":"article","og_title":"IBM Power","og_description":"IBM Power gir h\u00f8y ytelse, sikkerhet og tilgjengelighet for forretningskritiske systemer, databaser og AI-drevne arbeidsbelastninger.","og_url":"https:\/\/www.load.se\/no\/ibm-power\/","og_site_name":"Load System AB","article_modified_time":"2026-04-04T06:01:00+00:00","twitter_card":"summary_large_image","twitter_misc":{"Ansl. lesetid":"7 minutter"},"schema":{"@context":"https:\/\/schema.org","@graph":[{"@type":"WebPage","@id":"https:\/\/www.load.se\/no\/ibm-power\/","url":"https:\/\/www.load.se\/no\/ibm-power\/","name":"IBM Power \u2013 ytelse for kritiske systemer | LOAD","isPartOf":{"@id":"https:\/\/www.load.se\/no\/#website"},"datePublished":"2025-10-11T16:39:22+00:00","dateModified":"2026-04-04T06:01:00+00:00","description":"IBM Power gir h\u00f8y ytelse, sikkerhet og tilgjengelighet for forretningskritiske systemer, databaser og AI-drevne arbeidsbelastninger.","breadcrumb":{"@id":"https:\/\/www.load.se\/no\/ibm-power\/#breadcrumb"},"inLanguage":"nb-NO","potentialAction":[{"@type":"ReadAction","target":["https:\/\/www.load.se\/no\/ibm-power\/"]}]},{"@type":"BreadcrumbList","@id":"https:\/\/www.load.se\/no\/ibm-power\/#breadcrumb","itemListElement":[{"@type":"ListItem","position":1,"name":"Home","item":"https:\/\/www.load.se\/no\/"},{"@type":"ListItem","position":2,"name":"IBM Power"}]},{"@type":"WebSite","@id":"https:\/\/www.load.se\/no\/#website","url":"https:\/\/www.load.se\/no\/","name":"Load System AB","description":"","publisher":{"@id":"https:\/\/www.load.se\/no\/#organization"},"potentialAction":[{"@type":"SearchAction","target":{"@type":"EntryPoint","urlTemplate":"https:\/\/www.load.se\/no\/?s={search_term_string}"},"query-input":{"@type":"PropertyValueSpecification","valueRequired":true,"valueName":"search_term_string"}}],"inLanguage":"nb-NO"},{"@type":"Organization","@id":"https:\/\/www.load.se\/no\/#organization","name":"Load System AB","url":"https:\/\/www.load.se\/no\/","logo":{"@type":"ImageObject","inLanguage":"nb-NO","@id":"https:\/\/www.load.se\/no\/#\/schema\/logo\/image\/","url":"http:\/\/www.load.se\/wp-content\/uploads\/2025\/10\/Load-website-6.png","contentUrl":"http:\/\/www.load.se\/wp-content\/uploads\/2025\/10\/Load-website-6.png","width":2160,"height":800,"caption":"Load System AB"},"image":{"@id":"https:\/\/www.load.se\/no\/#\/schema\/logo\/image\/"},"sameAs":["https:\/\/www.linkedin.com\/company\/load-ab"]}]}},"_links":{"self":[{"href":"https:\/\/www.load.se\/no\/wp-json\/wp\/v2\/pages\/1079","targetHints":{"allow":["GET"]}}],"collection":[{"href":"https:\/\/www.load.se\/no\/wp-json\/wp\/v2\/pages"}],"about":[{"href":"https:\/\/www.load.se\/no\/wp-json\/wp\/v2\/types\/page"}],"author":[{"embeddable":true,"href":"https:\/\/www.load.se\/no\/wp-json\/wp\/v2\/users\/1"}],"replies":[{"embeddable":true,"href":"https:\/\/www.load.se\/no\/wp-json\/wp\/v2\/comments?post=1079"}],"version-history":[{"count":11,"href":"https:\/\/www.load.se\/no\/wp-json\/wp\/v2\/pages\/1079\/revisions"}],"predecessor-version":[{"id":3442,"href":"https:\/\/www.load.se\/no\/wp-json\/wp\/v2\/pages\/1079\/revisions\/3442"}],"wp:attachment":[{"href":"https:\/\/www.load.se\/no\/wp-json\/wp\/v2\/media?parent=1079"}],"curies":[{"name":"wp","href":"https:\/\/api.w.org\/{rel}","templated":true}]}}