{"id":1179,"date":"2025-10-11T19:20:11","date_gmt":"2025-10-11T17:20:11","guid":{"rendered":"http:\/\/www.load.se\/ibm-linuxone\/"},"modified":"2026-04-04T08:29:36","modified_gmt":"2026-04-04T06:29:36","slug":"ibm-linuxone","status":"publish","type":"page","link":"https:\/\/www.load.se\/no\/ibm-linuxone\/","title":{"rendered":"IBM LinuxONE"},"content":{"rendered":"<p>[et_pb_section fb_built=&raquo;1&#8243; admin_label=&raquo;Header&raquo; _builder_version=&raquo;4.27.4&#8243; _module_preset=&raquo;default&raquo; custom_padding=&raquo;0px||0px||true|false&raquo; collapsed=&raquo;on&raquo; global_colors_info=&raquo;{}&raquo;][et_pb_row column_structure=&raquo;1_3,2_3&#8243; use_custom_gutter=&raquo;on&raquo; gutter_width=&raquo;1&#8243; make_equal=&raquo;on&raquo; _builder_version=&raquo;4.27.4&#8243; _module_preset=&raquo;default&raquo; width=&raquo;100%&raquo; max_width=&raquo;none&raquo; custom_padding=&raquo;0px||0px||true|false&raquo; global_colors_info=&raquo;{}&raquo;][et_pb_column type=&raquo;1_3&#8243; _builder_version=&raquo;4.27.4&#8243; _module_preset=&raquo;default&raquo; background_image=&raquo;https:\/\/www.load.se\/wp-content\/uploads\/2025\/10\/LinuxONE_unbox.webp&raquo; custom_padding=&raquo;|0px|||false|false&raquo; global_colors_info=&raquo;{}&raquo;][\/et_pb_column][et_pb_column type=&raquo;2_3&#8243; _builder_version=&raquo;4.27.4&#8243; _module_preset=&raquo;default&raquo; background_color=&raquo;gcid-c99e8569-e73a-4475-92a4-a1a7fec8f2cc&raquo; use_background_color_gradient=&raquo;on&raquo; background_color_gradient_type=&raquo;conic&raquo; background_color_gradient_direction=&raquo;140deg&raquo; background_color_gradient_stops=&raquo;rgba(255,255,255,0) 0%|rgba(255,255,255,0) 50%|rgba(255,255,255,0.2) 100%&raquo; custom_padding=&raquo;10%|10%|10%|10%|true|true&raquo; global_colors_info=&raquo;{%22gcid-c99e8569-e73a-4475-92a4-a1a7fec8f2cc%22:%91%22background_color%22%93}&raquo;][et_pb_text _builder_version=&raquo;4.27.4&#8243; _module_preset=&raquo;_initial&raquo; header_text_color=&raquo;#FFFFFF&raquo; header_font_size=&raquo;32px&raquo; header_line_height=&raquo;1.2em&raquo; header_font_size_tablet=&raquo;40px&raquo; header_font_size_phone=&raquo;24px&raquo; header_font_size_last_edited=&raquo;on|desktop&raquo; global_colors_info=&raquo;{}&raquo;]<\/p>\n<h1>IBM LinuxONE<\/h1>\n<p>[\/et_pb_text][et_pb_text _builder_version=&raquo;4.27.4&#8243; _module_preset=&raquo;_initial&raquo; text_text_color=&raquo;#FFFFFF&raquo; header_5_font=&raquo;\u2014et_global_heading_font|300|||||||&raquo; header_5_text_color=&raquo;#FFFFFF&raquo; header_5_font_size=&raquo;14px&raquo; header_5_line_height=&raquo;1.6em&raquo; background_layout=&raquo;dark&raquo; max_width=&raquo;600px&raquo; custom_padding=&raquo;||32px|||&raquo; header_5_font_size_tablet=&raquo;16px&raquo; header_5_font_size_phone=&raquo;14px&raquo; header_5_font_size_last_edited=&raquo;on|desktop&raquo; global_colors_info=&raquo;{%22gcid-secondary-color%22:%91%22header_text_color%22%93}&raquo;]<\/p>\n<h3>Sikker, effektiv og bygget for fremtiden<\/h3>\n<p data-start=\"386\" data-end=\"710\">I en tid der datamengder vokser og trusselbildet endrer seg dag for dag, trengs en plattform som h\u00e5ndterer b\u00e5de ytelse, sikkerhet og b\u00e6rekraft \u2013 uten kompromisser.<br data-start=\"545\" data-end=\"548\"><strong data-start=\"548\" data-end=\"564\">IBM LinuxONE<\/strong> er den mest moderne og sikre plattformen for forretningskritiske Linux-applikasjoner \u2013 bygget for \u00e5 konsolidere, beskytte og akselerere din IT-drift.<\/p>\n<p data-start=\"712\" data-end=\"967\">Med <strong data-start=\"716\" data-end=\"755\">opptil 99,999999 % tilgjengelighet<\/strong>, <strong data-start=\"757\" data-end=\"786\">postkvantsikker kryptering<\/strong>, og <strong data-start=\"792\" data-end=\"819\">innebygd AI-akselerasjon<\/strong> er LinuxONE en unik kombinasjon av innovasjon, effektivitet og trygghet.<\/p>\n<p>[\/et_pb_text][\/et_pb_column][\/et_pb_row][\/et_pb_section][et_pb_section fb_built=&raquo;1&#8243; admin_label=&raquo;Project Info&raquo; _builder_version=&raquo;4.27.4&#8243; _module_preset=&raquo;default&raquo; background_color=&raquo;#FFFFFF&raquo; locked=&raquo;off&raquo; collapsed=&raquo;on&raquo; global_colors_info=&raquo;{}&raquo;][et_pb_row column_structure=&raquo;1_3,2_3&#8243; _builder_version=&raquo;4.27.4&#8243; _module_preset=&raquo;default&raquo; global_colors_info=&raquo;{}&raquo;][et_pb_column type=&raquo;1_3&#8243; _builder_version=&raquo;4.23.2&#8243; _module_preset=&raquo;default&raquo; global_colors_info=&raquo;{}&raquo;][et_pb_text _builder_version=&raquo;4.27.4&#8243; _module_preset=&raquo;_initial&raquo; text_font=&raquo;\u2014et_global_heading_font|300|||||||&raquo; header_2_font=&raquo;\u2014et_global_heading_font|300|||||||&raquo; header_2_text_color=&raquo;gcid-secondary-color&raquo; header_2_font_size=&raquo;32px&raquo; header_2_line_height=&raquo;1.3em&raquo; custom_margin=&raquo;|-9px|10px||false|false&raquo; header_2_font_size_tablet=&raquo;32px&raquo; header_2_font_size_phone=&raquo;20px&raquo; header_2_font_size_last_edited=&raquo;on|desktop&raquo; global_colors_info=&raquo;{%22gcid-primary-color%22:%91%22text_text_color%22%93,%22gcid-secondary-color%22:%91%22header_text_color%22,%22header_2_text_color%22%93}&raquo;]<\/p>\n<h2>Beskyttelse p\u00e5 et nytt niv\u00e5 \u2013 sikkerhet og integritet i hvert lag<\/h2>\n<p>[\/et_pb_text][et_pb_divider _builder_version=&raquo;4.27.4&#8243; _module_preset=&raquo;default&raquo; global_colors_info=&raquo;{}&raquo;][\/et_pb_divider][et_pb_blurb title=&raquo;Last ned produktbladet for IBM LinuxONE&raquo; use_icon=&raquo;on&raquo; font_icon=&raquo;&#xf56d;||fa||900&#8243; icon_color=&raquo;gcid-secondary-color&raquo; icon_placement=&raquo;left&raquo; _builder_version=&raquo;4.27.4&#8243; _dynamic_attributes=&raquo;link_option_url&raquo; _module_preset=&raquo;default&raquo; link_option_url=&raquo;@ET-DC@eyJkeW5hbWljIjp0cnVlLCJjb250ZW50IjoicG9zdF9saW5rX3VybF9hdHRhY2htZW50Iiwic2V0dGluZ3MiOnsicG9zdF9pZCI6IjU1MCJ9fQ==@&raquo; global_colors_info=&raquo;{%22gcid-secondary-color%22:%91%22icon_color%22%93}&raquo;]<\/p>\n<p>Utforsk hele IBM Power11-familien \u2013 fra kompakte systemer til enterprise-servere med AI-akselerasjon, 99,9999 % tilgjengelighet og kvantsikker kryptering.<\/p>\n<p>[\/et_pb_blurb][\/et_pb_column][et_pb_column type=&raquo;2_3&#8243; _builder_version=&raquo;4.23.2&#8243; _module_preset=&raquo;default&raquo; global_colors_info=&raquo;{}&raquo;][et_pb_text _builder_version=&raquo;4.27.4&#8243; _module_preset=&raquo;_initial&raquo; text_font_size=&raquo;15px&raquo; text_line_height=&raquo;1.8em&raquo; text_font_size_tablet=&raquo;15px&raquo; text_font_size_phone=&raquo;14px&raquo; text_font_size_last_edited=&raquo;on|desktop&raquo; global_colors_info=&raquo;{}&raquo;]<\/p>\n<p data-start=\"1046\" data-end=\"1287\">LinuxONE er bygget med <strong data-start=\"1068\" data-end=\"1091\">ende-til-ende-sikkerhet<\/strong> \u2013 fra kjernen i prosessoren til skyen.<br data-start=\"1131\" data-end=\"1134\">Med <strong data-start=\"1138\" data-end=\"1162\">IBM Secure Execution<\/strong> isoleres hver arbeidslast p\u00e5 maskinvareniv\u00e5, noe som beskytter mot b\u00e5de eksterne inntrengninger og innsidertrusler.<br data-start=\"1261\" data-end=\"1264\">Plattformen inkluderer:<\/p>\n<ul data-start=\"1288\" data-end=\"1605\">\n<li data-start=\"1288\" data-end=\"1379\">\n<p data-start=\"1290\" data-end=\"1379\"><strong data-start=\"1290\" data-end=\"1319\">Postkvantsikker kryptering<\/strong> \u2013 NIST-standardisert beskyttelsesteknologi mot fremtidige angrep.<\/p>\n<\/li>\n<li data-start=\"1380\" data-end=\"1473\">\n<p data-start=\"1382\" data-end=\"1473\"><strong data-start=\"1382\" data-end=\"1411\">Integrerte kryptomoduler<\/strong> for data i ro og i bevegelse, uten \u00e5 p\u00e5virke ytelsen.<\/p>\n<\/li>\n<li data-start=\"1474\" data-end=\"1605\">\n<p data-start=\"1476\" data-end=\"1605\"><strong data-start=\"1476\" data-end=\"1502\">Confidential computing<\/strong> og <strong data-start=\"1507\" data-end=\"1527\">sikker AI-trening<\/strong> som beskytter data selv under behandling.<\/p>\n<\/li>\n<\/ul>\n<p data-start=\"1607\" data-end=\"1700\">Resultatet: maksimal integritet for data, applikasjoner og AI-modeller \u2013 uansett hvor de kj\u00f8res.<\/p>\n<p>[\/et_pb_text][et_pb_text _builder_version=&raquo;4.27.4&#8243; _module_preset=&raquo;_initial&raquo; header_4_font=&raquo;Space Grotesk|500|||||||&raquo; header_4_text_color=&raquo;#000000&#8243; header_4_font_size=&raquo;24px&raquo; header_4_line_height=&raquo;1.5em&raquo; custom_margin=&raquo;||0px||false|false&raquo; header_4_font_size_tablet=&raquo;16px&raquo; header_4_font_size_phone=&raquo;15px&raquo; header_4_font_size_last_edited=&raquo;on|desktop&raquo; global_colors_info=&raquo;{}&raquo;]<\/p>\n<h1>Ytelse og effektivitet \u2013 mer kraft, mindre ressurser<\/h1>\n<p>[\/et_pb_text][et_pb_text _builder_version=&raquo;4.27.4&#8243; _module_preset=&raquo;_initial&raquo; text_font_size=&raquo;15px&raquo; text_line_height=&raquo;1.8em&raquo; text_font_size_tablet=&raquo;15px&raquo; text_font_size_phone=&raquo;14px&raquo; text_font_size_last_edited=&raquo;on|phone&raquo; global_colors_info=&raquo;{}&raquo;]<\/p>\n<p data-start=\"1775\" data-end=\"2093\">IBM LinuxONE Emperor 5 kan erstatte <strong data-start=\"1810\" data-end=\"1838\">opptil 126 x86-servere<\/strong> eller <strong data-start=\"1845\" data-end=\"1862\">5 000+ kjerner<\/strong> med \u00e9n enkelt maskin \u2013 med opprettholdt ytelse.<br data-start=\"1946\" data-end=\"1949\">Den vertikale arkitekturen muliggj\u00f8r <strong data-start=\"1986\" data-end=\"2015\">80\u201395 % ressursutnyttelse<\/strong>, noe som dramatisk reduserer maskinvarebehov, energikostnader og lisensutgifter.<\/p>\n<p data-start=\"2095\" data-end=\"2165\">If\u00f8lge en uavhengig <strong data-start=\"2115\" data-end=\"2145\">Signal65 TCO-studie (2025)<\/strong> leverer LinuxONE:<\/p>\n<ul data-start=\"2166\" data-end=\"2417\">\n<li data-start=\"2166\" data-end=\"2232\">\n<p data-start=\"2168\" data-end=\"2232\"><strong data-start=\"2168\" data-end=\"2201\">44 % lavere totalkostnad (TCO)<\/strong> sammenlignet med nye x86-servere.<\/p>\n<\/li>\n<li data-start=\"2233\" data-end=\"2292\">\n<p data-start=\"2235\" data-end=\"2292\"><strong data-start=\"2235\" data-end=\"2253\">75 % lavere TCO<\/strong> sammenlignet med eldre x86-infrastruktur.<\/p>\n<\/li>\n<li data-start=\"2293\" data-end=\"2339\">\n<p data-start=\"2295\" data-end=\"2339\"><strong data-start=\"2295\" data-end=\"2336\">Opptil 94 % lavere programvarekostnader<\/strong>.<\/p>\n<\/li>\n<li data-start=\"2340\" data-end=\"2417\">\n<p data-start=\"2342\" data-end=\"2417\"><strong data-start=\"2342\" data-end=\"2377\">65\u201391 % lavere energiforbruk<\/strong>.<\/p>\n<\/li>\n<\/ul>\n<p data-start=\"2419\" data-end=\"2548\">For virksomheter som \u00f8nsker \u00e5 redusere kostnader uten \u00e5 kompromisse med tilgjengelighet eller sikkerhet, er LinuxONE et selvf\u00f8lgelig grunnlag.<\/p>\n<p>[\/et_pb_text][et_pb_text _builder_version=&raquo;4.27.4&#8243; _module_preset=&raquo;_initial&raquo; header_4_font=&raquo;Space Grotesk|500|||||||&raquo; header_4_text_color=&raquo;#000000&#8243; header_4_font_size=&raquo;24px&raquo; header_4_line_height=&raquo;1.5em&raquo; custom_margin=&raquo;||0px||false|false&raquo; header_4_font_size_tablet=&raquo;16px&raquo; header_4_font_size_phone=&raquo;15px&raquo; header_4_font_size_last_edited=&raquo;on|desktop&raquo; global_colors_info=&raquo;{}&raquo;]<\/p>\n<h1>B\u00e6rekraft i praksis<\/h1>\n<p>[\/et_pb_text][et_pb_text _builder_version=&raquo;4.27.4&#8243; _module_preset=&raquo;_initial&raquo; text_font_size=&raquo;15px&raquo; text_line_height=&raquo;1.8em&raquo; text_font_size_tablet=&raquo;15px&raquo; text_font_size_phone=&raquo;14px&raquo; text_font_size_last_edited=&raquo;on|desktop&raquo; global_colors_info=&raquo;{}&raquo;]<\/p>\n<p>LinuxONE er designet for energieffektiv drift og lang levetid.<br data-start=\"2655\" data-end=\"2658\">Ved \u00e5 konsolidere arbeidslaster reduserer du datasenterets str\u00f8mforbruk, kj\u00f8lebehov og areal \u2013 samtidig som du senker CO\u2082-utslippene.<br data-start=\"2789\" data-end=\"2792\">Plattformen bidrar til \u00e5 oppfylle ESG-m\u00e5l og b\u00e6rekraftsstrategier, med m\u00e5lbare besparelser i b\u00e5de energi og klimap\u00e5virkning.<\/p>\n<p>[\/et_pb_text][et_pb_image src=&raquo;http:\/\/www.load.se\/wp-content\/uploads\/2025\/10\/LinuxONE_squares.webp&raquo; title_text=&raquo;LinuxONE_squares&raquo; _builder_version=&raquo;4.27.4&#8243; _module_preset=&raquo;default&raquo; global_colors_info=&raquo;{}&raquo;][\/et_pb_image][et_pb_text _builder_version=&raquo;4.27.4&#8243; _module_preset=&raquo;_initial&raquo; header_4_font=&raquo;Space Grotesk|500|||||||&raquo; header_4_text_color=&raquo;#000000&#8243; header_4_font_size=&raquo;24px&raquo; header_4_line_height=&raquo;1.5em&raquo; custom_margin=&raquo;||0px||false|false&raquo; header_4_font_size_tablet=&raquo;16px&raquo; header_4_font_size_phone=&raquo;15px&raquo; header_4_font_size_last_edited=&raquo;on|desktop&raquo; global_colors_info=&raquo;{}&raquo;]<\/p>\n<h1>AI-innebygd \u2013 ikke tillagt<\/h1>\n<p>[\/et_pb_text][et_pb_text _builder_version=&raquo;4.27.4&#8243; _module_preset=&raquo;_initial&raquo; text_font_size=&raquo;15px&raquo; text_line_height=&raquo;1.8em&raquo; text_font_size_tablet=&raquo;15px&raquo; text_font_size_phone=&raquo;14px&raquo; text_font_size_last_edited=&raquo;on|desktop&raquo; global_colors_info=&raquo;{}&raquo;]<\/p>\n<p data-start=\"3003\" data-end=\"3367\">Med <strong data-start=\"3007\" data-end=\"3034\">IBM Telum II-prosessoren<\/strong> og den kommende <strong data-start=\"3052\" data-end=\"3078\">IBM Spyre Accelerator<\/strong> er LinuxONE forberedt for AI p\u00e5 ordentlig.<br data-start=\"3119\" data-end=\"3122\">Plattformen kan h\u00e5ndtere <strong data-start=\"3146\" data-end=\"3182\">450 milliarder inferenser per dag<\/strong> med <strong data-start=\"3187\" data-end=\"3204\">1 ms svarstid<\/strong>, noe som gj\u00f8r den ideell for sanntidsanalyse, AI-drevne beslutningsflyter og generativ AI.<\/p>\n<p data-start=\"3369\" data-end=\"3545\">Med <strong data-start=\"3373\" data-end=\"3413\">Trusted Execution Environments (TEE)<\/strong> kan AI-modeller kj\u00f8res sikkert og effektivt direkte der dataene er \u2013 uten \u00e5 flyttes til usikre skyer eller tredjepartsplattformer.<\/p>\n<p>[\/et_pb_text][et_pb_text _builder_version=&raquo;4.27.4&#8243; _module_preset=&raquo;_initial&raquo; header_4_font=&raquo;Space Grotesk|500|||||||&raquo; header_4_text_color=&raquo;#000000&#8243; header_4_font_size=&raquo;24px&raquo; header_4_line_height=&raquo;1.5em&raquo; custom_margin=&raquo;||0px||false|false&raquo; header_4_font_size_tablet=&raquo;16px&raquo; header_4_font_size_phone=&raquo;15px&raquo; header_4_font_size_last_edited=&raquo;on|desktop&raquo; global_colors_info=&raquo;{}&raquo;]<\/p>\n<h1>Fleksibilitet og modernisering uten kompromisser<\/h1>\n<p>[\/et_pb_text][et_pb_text _builder_version=&raquo;4.27.4&#8243; _module_preset=&raquo;_initial&raquo; text_font_size=&raquo;15px&raquo; text_line_height=&raquo;1.8em&raquo; text_font_size_tablet=&raquo;15px&raquo; text_font_size_phone=&raquo;14px&raquo; text_font_size_last_edited=&raquo;on|desktop&raquo; global_colors_info=&raquo;{}&raquo;]<\/p>\n<p data-start=\"3613\" data-end=\"3747\">LinuxONE integreres s\u00f8ml\u00f8st med <strong data-start=\"3645\" data-end=\"3666\">Red Hat OpenShift<\/strong>, <strong data-start=\"3668\" data-end=\"3699\">Ansible Automation Platform<\/strong> og <strong data-start=\"3704\" data-end=\"3719\">IBM watsonx<\/strong>, noe som gj\u00f8r det enkelt \u00e5:<\/p>\n<ul data-start=\"3748\" data-end=\"3976\">\n<li data-start=\"3748\" data-end=\"3801\">\n<p data-start=\"3750\" data-end=\"3801\">Modernisere applikasjoner uten \u00e5 skrive dem om.<\/p>\n<\/li>\n<li data-start=\"3802\" data-end=\"3869\">\n<p data-start=\"3804\" data-end=\"3869\">Kj\u00f8re containere, skytjenester og databaser p\u00e5 samme plattform.<\/p>\n<\/li>\n<li data-start=\"3870\" data-end=\"3976\">\n<p data-start=\"3872\" data-end=\"3976\">Skalere AI og datah\u00e5ndtering over hybridskyer med opprettholdt sikkerhet.<\/p>\n<\/li>\n<\/ul>\n<p data-start=\"3978\" data-end=\"4097\">For mange bedrifter er LinuxONE ikke bare en server \u2013 det er et strategisk skritt mot en <strong data-start=\"4065\" data-end=\"4096\">sikker hybridsky-arkitektur<\/strong>.<\/p>\n<p>[\/et_pb_text][\/et_pb_column][\/et_pb_row][et_pb_row column_structure=&raquo;1_3,2_3&#8243; _builder_version=&raquo;4.27.4&#8243; _module_preset=&raquo;default&raquo; custom_margin=&raquo;100px||||false|false&raquo; custom_margin_tablet=&raquo;60px||||false|false&raquo; custom_margin_phone=&raquo;60px||||false|false&raquo; custom_margin_last_edited=&raquo;on|phone&raquo; global_colors_info=&raquo;{}&raquo; global_module=&raquo;644&#8243; theme_builder_area=&raquo;post_content&raquo;][et_pb_column type=&raquo;1_3&#8243; _builder_version=&raquo;4.27.4&#8243; _module_preset=&raquo;default&raquo; global_colors_info=&raquo;{}&raquo; theme_builder_area=&raquo;post_content&raquo;][et_pb_text _builder_version=&raquo;4.27.4&#8243; _module_preset=&raquo;_initial&raquo; header_2_font=&raquo;Space Grotesk|500|||||||&raquo; header_2_text_color=&raquo;#000000&#8243; header_2_font_size=&raquo;52px&raquo; header_2_line_height=&raquo;1.3em&raquo; custom_margin=&raquo;||10px||false|false&raquo; header_2_font_size_tablet=&raquo;32px&raquo; header_2_font_size_phone=&raquo;20px&raquo; header_2_font_size_last_edited=&raquo;on|desktop&raquo; global_colors_info=&raquo;{}&raquo; theme_builder_area=&raquo;post_content&raquo;]<\/p>\n<h1>Hvorfor LOAD<\/h1>\n<p>[\/et_pb_text][\/et_pb_column][et_pb_column type=&raquo;2_3&#8243; _builder_version=&raquo;4.23.2&#8243; _module_preset=&raquo;default&raquo; global_colors_info=&raquo;{}&raquo; theme_builder_area=&raquo;post_content&raquo;][et_pb_text _builder_version=&raquo;4.27.4&#8243; _module_preset=&raquo;_initial&raquo; text_font_size=&raquo;15px&raquo; text_line_height=&raquo;1.8em&raquo; text_font_size_tablet=&raquo;15px&raquo; text_font_size_phone=&raquo;14px&raquo; text_font_size_last_edited=&raquo;on|desktop&raquo; global_colors_info=&raquo;{}&raquo; theme_builder_area=&raquo;post_content&raquo;]<\/p>\n<p>Som IBM Platinum Partner hjelper LOAD norske bedrifter med \u00e5 implementere l\u00f8sninger som matcher deres behov for ytelse, sikkerhet og enkel drift.<br \/>Vi tilbyr r\u00e5dgivning, design, implementering og proaktiv support \u2013 slik at du kan fokusere p\u00e5 forretningen i stedet for infrastrukturen.<\/p>\n<p>[\/et_pb_text][\/et_pb_column][\/et_pb_row][\/et_pb_section]<\/p>\n","protected":false},"excerpt":{"rendered":"<p>IBM LinuxONESikker, effektiv og bygget for fremtiden I en tid der datamengder vokser og trusselbildet endrer seg dag for dag, trengs en plattform som h\u00e5ndterer b\u00e5de ytelse, sikkerhet og b\u00e6rekraft \u2013 uten kompromisser.IBM LinuxONE er den mest moderne og sikre plattformen for forretningskritiske Linux-applikasjoner \u2013 bygget for \u00e5 konsolidere, beskytte og akselerere din IT-drift. Med [&hellip;]<\/p>\n","protected":false},"author":1,"featured_media":0,"parent":0,"menu_order":0,"comment_status":"closed","ping_status":"closed","template":"","meta":{"_et_pb_use_builder":"on","_et_pb_old_content":"","_et_gb_content_width":"","footnotes":""},"class_list":["post-1179","page","type-page","status-publish","hentry"],"yoast_head":"<!-- This site is optimized with the Yoast SEO Premium plugin v27.2 (Yoast SEO v27.4) - https:\/\/yoast.com\/product\/yoast-seo-premium-wordpress\/ -->\n<title>IBM LinuxONE \u2013 sikker og skalerbar plattform | LOAD<\/title>\n<meta name=\"description\" content=\"IBM LinuxONE gir sikker, skalerbar og energieffektiv drift med h\u00f8y tilgjengelighet og beskyttelse for virksomhetskritiske Linux-milj\u00f8er.\" \/>\n<meta name=\"robots\" content=\"index, follow, max-snippet:-1, max-image-preview:large, max-video-preview:-1\" \/>\n<link rel=\"canonical\" href=\"https:\/\/www.load.se\/no\/ibm-linuxone\/\" \/>\n<meta property=\"og:locale\" content=\"nb_NO\" \/>\n<meta property=\"og:type\" content=\"article\" \/>\n<meta property=\"og:title\" content=\"IBM LinuxONE\" \/>\n<meta property=\"og:description\" content=\"IBM LinuxONE gir sikker, skalerbar og energieffektiv drift med h\u00f8y tilgjengelighet og beskyttelse for virksomhetskritiske Linux-milj\u00f8er.\" \/>\n<meta property=\"og:url\" content=\"https:\/\/www.load.se\/no\/ibm-linuxone\/\" \/>\n<meta property=\"og:site_name\" content=\"Load System AB\" \/>\n<meta property=\"article:modified_time\" content=\"2026-04-04T06:29:36+00:00\" \/>\n<meta name=\"twitter:card\" content=\"summary_large_image\" \/>\n<meta name=\"twitter:label1\" content=\"Ansl. lesetid\" \/>\n\t<meta name=\"twitter:data1\" content=\"8 minutter\" \/>\n<script type=\"application\/ld+json\" class=\"yoast-schema-graph\">{\"@context\":\"https:\\\/\\\/schema.org\",\"@graph\":[{\"@type\":\"WebPage\",\"@id\":\"https:\\\/\\\/www.load.se\\\/no\\\/ibm-linuxone\\\/\",\"url\":\"https:\\\/\\\/www.load.se\\\/no\\\/ibm-linuxone\\\/\",\"name\":\"IBM LinuxONE \u2013 sikker og skalerbar plattform | LOAD\",\"isPartOf\":{\"@id\":\"https:\\\/\\\/www.load.se\\\/no\\\/#website\"},\"datePublished\":\"2025-10-11T17:20:11+00:00\",\"dateModified\":\"2026-04-04T06:29:36+00:00\",\"description\":\"IBM LinuxONE gir sikker, skalerbar og energieffektiv drift med h\u00f8y tilgjengelighet og beskyttelse for virksomhetskritiske Linux-milj\u00f8er.\",\"breadcrumb\":{\"@id\":\"https:\\\/\\\/www.load.se\\\/no\\\/ibm-linuxone\\\/#breadcrumb\"},\"inLanguage\":\"nb-NO\",\"potentialAction\":[{\"@type\":\"ReadAction\",\"target\":[\"https:\\\/\\\/www.load.se\\\/no\\\/ibm-linuxone\\\/\"]}]},{\"@type\":\"BreadcrumbList\",\"@id\":\"https:\\\/\\\/www.load.se\\\/no\\\/ibm-linuxone\\\/#breadcrumb\",\"itemListElement\":[{\"@type\":\"ListItem\",\"position\":1,\"name\":\"Home\",\"item\":\"https:\\\/\\\/www.load.se\\\/no\\\/\"},{\"@type\":\"ListItem\",\"position\":2,\"name\":\"IBM LinuxONE\"}]},{\"@type\":\"WebSite\",\"@id\":\"https:\\\/\\\/www.load.se\\\/no\\\/#website\",\"url\":\"https:\\\/\\\/www.load.se\\\/no\\\/\",\"name\":\"Load System AB\",\"description\":\"\",\"publisher\":{\"@id\":\"https:\\\/\\\/www.load.se\\\/no\\\/#organization\"},\"potentialAction\":[{\"@type\":\"SearchAction\",\"target\":{\"@type\":\"EntryPoint\",\"urlTemplate\":\"https:\\\/\\\/www.load.se\\\/no\\\/?s={search_term_string}\"},\"query-input\":{\"@type\":\"PropertyValueSpecification\",\"valueRequired\":true,\"valueName\":\"search_term_string\"}}],\"inLanguage\":\"nb-NO\"},{\"@type\":\"Organization\",\"@id\":\"https:\\\/\\\/www.load.se\\\/no\\\/#organization\",\"name\":\"Load System AB\",\"url\":\"https:\\\/\\\/www.load.se\\\/no\\\/\",\"logo\":{\"@type\":\"ImageObject\",\"inLanguage\":\"nb-NO\",\"@id\":\"https:\\\/\\\/www.load.se\\\/no\\\/#\\\/schema\\\/logo\\\/image\\\/\",\"url\":\"http:\\\/\\\/www.load.se\\\/wp-content\\\/uploads\\\/2025\\\/10\\\/Load-website-6.png\",\"contentUrl\":\"http:\\\/\\\/www.load.se\\\/wp-content\\\/uploads\\\/2025\\\/10\\\/Load-website-6.png\",\"width\":2160,\"height\":800,\"caption\":\"Load System AB\"},\"image\":{\"@id\":\"https:\\\/\\\/www.load.se\\\/no\\\/#\\\/schema\\\/logo\\\/image\\\/\"},\"sameAs\":[\"https:\\\/\\\/www.linkedin.com\\\/company\\\/load-ab\"]}]}<\/script>\n<!-- \/ Yoast SEO Premium plugin. -->","yoast_head_json":{"title":"IBM LinuxONE \u2013 sikker og skalerbar plattform | LOAD","description":"IBM LinuxONE gir sikker, skalerbar og energieffektiv drift med h\u00f8y tilgjengelighet og beskyttelse for virksomhetskritiske Linux-milj\u00f8er.","robots":{"index":"index","follow":"follow","max-snippet":"max-snippet:-1","max-image-preview":"max-image-preview:large","max-video-preview":"max-video-preview:-1"},"canonical":"https:\/\/www.load.se\/no\/ibm-linuxone\/","og_locale":"nb_NO","og_type":"article","og_title":"IBM LinuxONE","og_description":"IBM LinuxONE gir sikker, skalerbar og energieffektiv drift med h\u00f8y tilgjengelighet og beskyttelse for virksomhetskritiske Linux-milj\u00f8er.","og_url":"https:\/\/www.load.se\/no\/ibm-linuxone\/","og_site_name":"Load System AB","article_modified_time":"2026-04-04T06:29:36+00:00","twitter_card":"summary_large_image","twitter_misc":{"Ansl. lesetid":"8 minutter"},"schema":{"@context":"https:\/\/schema.org","@graph":[{"@type":"WebPage","@id":"https:\/\/www.load.se\/no\/ibm-linuxone\/","url":"https:\/\/www.load.se\/no\/ibm-linuxone\/","name":"IBM LinuxONE \u2013 sikker og skalerbar plattform | LOAD","isPartOf":{"@id":"https:\/\/www.load.se\/no\/#website"},"datePublished":"2025-10-11T17:20:11+00:00","dateModified":"2026-04-04T06:29:36+00:00","description":"IBM LinuxONE gir sikker, skalerbar og energieffektiv drift med h\u00f8y tilgjengelighet og beskyttelse for virksomhetskritiske Linux-milj\u00f8er.","breadcrumb":{"@id":"https:\/\/www.load.se\/no\/ibm-linuxone\/#breadcrumb"},"inLanguage":"nb-NO","potentialAction":[{"@type":"ReadAction","target":["https:\/\/www.load.se\/no\/ibm-linuxone\/"]}]},{"@type":"BreadcrumbList","@id":"https:\/\/www.load.se\/no\/ibm-linuxone\/#breadcrumb","itemListElement":[{"@type":"ListItem","position":1,"name":"Home","item":"https:\/\/www.load.se\/no\/"},{"@type":"ListItem","position":2,"name":"IBM LinuxONE"}]},{"@type":"WebSite","@id":"https:\/\/www.load.se\/no\/#website","url":"https:\/\/www.load.se\/no\/","name":"Load System AB","description":"","publisher":{"@id":"https:\/\/www.load.se\/no\/#organization"},"potentialAction":[{"@type":"SearchAction","target":{"@type":"EntryPoint","urlTemplate":"https:\/\/www.load.se\/no\/?s={search_term_string}"},"query-input":{"@type":"PropertyValueSpecification","valueRequired":true,"valueName":"search_term_string"}}],"inLanguage":"nb-NO"},{"@type":"Organization","@id":"https:\/\/www.load.se\/no\/#organization","name":"Load System AB","url":"https:\/\/www.load.se\/no\/","logo":{"@type":"ImageObject","inLanguage":"nb-NO","@id":"https:\/\/www.load.se\/no\/#\/schema\/logo\/image\/","url":"http:\/\/www.load.se\/wp-content\/uploads\/2025\/10\/Load-website-6.png","contentUrl":"http:\/\/www.load.se\/wp-content\/uploads\/2025\/10\/Load-website-6.png","width":2160,"height":800,"caption":"Load System AB"},"image":{"@id":"https:\/\/www.load.se\/no\/#\/schema\/logo\/image\/"},"sameAs":["https:\/\/www.linkedin.com\/company\/load-ab"]}]}},"_links":{"self":[{"href":"https:\/\/www.load.se\/no\/wp-json\/wp\/v2\/pages\/1179","targetHints":{"allow":["GET"]}}],"collection":[{"href":"https:\/\/www.load.se\/no\/wp-json\/wp\/v2\/pages"}],"about":[{"href":"https:\/\/www.load.se\/no\/wp-json\/wp\/v2\/types\/page"}],"author":[{"embeddable":true,"href":"https:\/\/www.load.se\/no\/wp-json\/wp\/v2\/users\/1"}],"replies":[{"embeddable":true,"href":"https:\/\/www.load.se\/no\/wp-json\/wp\/v2\/comments?post=1179"}],"version-history":[{"count":11,"href":"https:\/\/www.load.se\/no\/wp-json\/wp\/v2\/pages\/1179\/revisions"}],"predecessor-version":[{"id":3652,"href":"https:\/\/www.load.se\/no\/wp-json\/wp\/v2\/pages\/1179\/revisions\/3652"}],"wp:attachment":[{"href":"https:\/\/www.load.se\/no\/wp-json\/wp\/v2\/media?parent=1179"}],"curies":[{"name":"wp","href":"https:\/\/api.w.org\/{rel}","templated":true}]}}