{"id":850,"date":"2025-10-11T04:51:04","date_gmt":"2025-10-11T02:51:04","guid":{"rendered":"http:\/\/www.load.se\/ibm-flashsystem\/"},"modified":"2026-04-04T07:49:31","modified_gmt":"2026-04-04T05:49:31","slug":"ibm-flashsystem","status":"publish","type":"page","link":"https:\/\/www.load.se\/no\/ibm-flashsystem\/","title":{"rendered":"IBM FlashSystem"},"content":{"rendered":"<p>[et_pb_section fb_built=&raquo;1&#8243; admin_label=&raquo;Header&raquo; _builder_version=&raquo;4.23.2&#8243; _module_preset=&raquo;default&raquo; custom_padding=&raquo;0px||0px||true|false&raquo; collapsed=&raquo;on&raquo; global_colors_info=&raquo;{}&raquo;][et_pb_row column_structure=&raquo;1_3,2_3&#8243; use_custom_gutter=&raquo;on&raquo; gutter_width=&raquo;1&#8243; make_equal=&raquo;on&raquo; _builder_version=&raquo;4.27.4&#8243; _module_preset=&raquo;default&raquo; width=&raquo;100%&raquo; max_width=&raquo;none&raquo; custom_padding=&raquo;0px||0px||true|false&raquo; locked=&raquo;off&raquo; global_colors_info=&raquo;{}&raquo;][et_pb_column type=&raquo;1_3&#8243; _builder_version=&raquo;4.27.4&#8243; _module_preset=&raquo;default&raquo; background_image=&raquo;https:\/\/www.load.se\/wp-content\/uploads\/2025\/10\/FSFamily.webp&raquo; custom_padding=&raquo;|0px|||false|false&raquo; global_colors_info=&raquo;{}&raquo;][\/et_pb_column][et_pb_column type=&raquo;2_3&#8243; _builder_version=&raquo;4.27.4&#8243; _module_preset=&raquo;default&raquo; background_color=&raquo;gcid-c99e8569-e73a-4475-92a4-a1a7fec8f2cc&raquo; use_background_color_gradient=&raquo;on&raquo; background_color_gradient_type=&raquo;conic&raquo; background_color_gradient_direction=&raquo;140deg&raquo; background_color_gradient_stops=&raquo;rgba(255,255,255,0) 0%|rgba(255,255,255,0) 50%|rgba(255,255,255,0.2) 100%&raquo; custom_padding=&raquo;10%|10%|10%|10%|true|true&raquo; global_colors_info=&raquo;{%22gcid-c99e8569-e73a-4475-92a4-a1a7fec8f2cc%22:%91%22background_color%22%93}&raquo;][et_pb_text _builder_version=&raquo;4.27.6&#8243; _module_preset=&raquo;_initial&raquo; header_text_color=&raquo;#FFFFFF&raquo; header_font_size=&raquo;32px&raquo; header_line_height=&raquo;1.2em&raquo; hover_enabled=&raquo;0&#8243; header_font_size_tablet=&raquo;40px&raquo; header_font_size_phone=&raquo;24px&raquo; header_font_size_last_edited=&raquo;on|desktop&raquo; global_colors_info=&raquo;{}&raquo; sticky_enabled=&raquo;0&#8243;]<\/p>\n<h1>IBM FlashSystem x600<\/h1>\n<p>[\/et_pb_text][et_pb_text _builder_version=&raquo;4.27.6&#8243; _module_preset=&raquo;_initial&raquo; text_text_color=&raquo;#FFFFFF&raquo; header_5_font=&raquo;\u2014et_global_heading_font|300|||||||&raquo; header_5_text_color=&raquo;#FFFFFF&raquo; header_5_font_size=&raquo;14px&raquo; header_5_line_height=&raquo;1.6em&raquo; background_layout=&raquo;dark&raquo; max_width=&raquo;600px&raquo; custom_padding=&raquo;||32px|||&raquo; hover_enabled=&raquo;0&#8243; header_5_font_size_tablet=&raquo;16px&raquo; header_5_font_size_phone=&raquo;14px&raquo; header_5_font_size_last_edited=&raquo;on|desktop&raquo; global_colors_info=&raquo;{%22gcid-secondary-color%22:%91%22header_text_color%22%93}&raquo; sticky_enabled=&raquo;0&#8243;]<\/p>\n<h3>AI-drevet enterprise-lagring \u2013 bygget for \u00e5 beskytte, tilpasse og levere ytelse<\/h3>\n<p>Lagring er ikke lenger bare kapasitet.<br data-start=\"291\" data-end=\"294\">Det er din siste forsvarslinje mot l\u00f8sepengevirus. Din SLA-motor. Ditt fundament for forretningskritiske systemer.  <\/p>\n<p>&nbsp;<\/p>\n<p>[\/et_pb_text][\/et_pb_column][\/et_pb_row][\/et_pb_section][et_pb_section fb_built=&raquo;1&#8243; admin_label=&raquo;Project Info&raquo; _builder_version=&raquo;4.27.4&#8243; _module_preset=&raquo;default&raquo; background_color=&raquo;#FFFFFF&raquo; locked=&raquo;off&raquo; collapsed=&raquo;on&raquo; global_colors_info=&raquo;{}&raquo;][et_pb_row column_structure=&raquo;1_3,2_3&#8243; _builder_version=&raquo;4.27.4&#8243; _module_preset=&raquo;default&raquo; global_colors_info=&raquo;{}&raquo;][et_pb_column type=&raquo;1_3&#8243; _builder_version=&raquo;4.23.2&#8243; _module_preset=&raquo;default&raquo; global_colors_info=&raquo;{}&raquo;][et_pb_text _builder_version=&raquo;4.27.4&#8243; _module_preset=&raquo;_initial&raquo; text_font=&raquo;\u2014et_global_heading_font|300|||||||&raquo; header_2_font=&raquo;\u2014et_global_heading_font|300|||||||&raquo; header_2_text_color=&raquo;gcid-secondary-color&raquo; header_2_font_size=&raquo;32px&raquo; header_2_line_height=&raquo;1.3em&raquo; custom_margin=&raquo;|-9px|10px||false|false&raquo; hover_enabled=&raquo;0&#8243; header_2_font_size_tablet=&raquo;32px&raquo; header_2_font_size_phone=&raquo;20px&raquo; header_2_font_size_last_edited=&raquo;on|desktop&raquo; global_colors_info=&raquo;{%22gcid-primary-color%22:%91%22text_text_color%22%93,%22gcid-secondary-color%22:%91%22header_text_color%22,%22header_2_text_color%22%93}&raquo; sticky_enabled=&raquo;0&#8243;]<\/p>\n<h2>Rask og intelligent lagring<\/h2>\n<p>[\/et_pb_text][et_pb_divider _builder_version=&raquo;4.27.4&#8243; _module_preset=&raquo;default&raquo; global_colors_info=&raquo;{}&raquo;][\/et_pb_divider][et_pb_blurb title=&raquo;Last ned produktbladet for IBM FlashSystem&raquo; use_icon=&raquo;on&raquo; font_icon=&raquo;&#xf56d;||fa||900&#8243; icon_color=&raquo;gcid-secondary-color&raquo; icon_placement=&raquo;left&raquo; _builder_version=&raquo;4.27.6&#8243; _dynamic_attributes=&raquo;link_option_url&raquo; _module_preset=&raquo;default&raquo; link_option_url=&raquo;@ET-DC@eyJkeW5hbWljIjp0cnVlLCJjb250ZW50IjoicG9zdF9saW5rX3VybF9hdHRhY2htZW50Iiwic2V0dGluZ3MiOnsicG9zdF9pZCI6IjI3MTQiLCJlbmFibGVfaHRtbCI6Im9mZiJ9fQ==@&raquo; link_option_url_new_window=&raquo;on&raquo; hover_enabled=&raquo;0&#8243; global_colors_info=&raquo;{%22gcid-secondary-color%22:%91%22icon_color%22%93}&raquo; sticky_enabled=&raquo;0&#8243;]<\/p>\n<p>Last ned IBM FlashSystem-databladet og oppdag hvordan smart lagring med innebygd sikkerhet, AI og h\u00f8y ytelse kan forenkle IT-milj\u00f8et ditt<\/p>\n<p>[\/et_pb_blurb][\/et_pb_column][et_pb_column type=&raquo;2_3&#8243; _builder_version=&raquo;4.23.2&#8243; _module_preset=&raquo;default&raquo; global_colors_info=&raquo;{}&raquo;][et_pb_text _builder_version=&raquo;4.27.6&#8243; _module_preset=&raquo;_initial&raquo; text_font_size=&raquo;15px&raquo; text_line_height=&raquo;1.8em&raquo; hover_enabled=&raquo;0&#8243; text_font_size_tablet=&raquo;15px&raquo; text_font_size_phone=&raquo;14px&raquo; text_font_size_last_edited=&raquo;on|desktop&raquo; global_colors_info=&raquo;{}&raquo; sticky_enabled=&raquo;0&#8243;]<\/p>\n<p data-start=\"394\" data-end=\"508\">Med den nye <strong data-start=\"402\" data-end=\"452\">IBM FlashSystem x600-serien (5600, 7600, 9600)<\/strong> f\u00e5r du en intelligent, AI-drevet lagringsplattform som:<\/p>\n<ul data-start=\"510\" data-end=\"758\">\n<li data-start=\"510\" data-end=\"555\">\n<p data-start=\"512\" data-end=\"555\">Oppdager ransomware p\u00e5 under 60 sekunder<\/p>\n<\/li>\n<li data-start=\"556\" data-end=\"613\">\n<p data-start=\"558\" data-end=\"613\">Muliggj\u00f8r omstart innen 60 sekunder (vilk\u00e5r gjelder)<\/p>\n<\/li>\n<li data-start=\"614\" data-end=\"658\">\n<p data-start=\"616\" data-end=\"658\">Reduserer driftskostnader med opptil 57 %<\/p>\n<\/li>\n<li data-start=\"659\" data-end=\"702\">\n<p data-start=\"661\" data-end=\"702\">Leverer opptil 68 % h\u00f8yere ytelse<\/p>\n<\/li>\n<li data-start=\"703\" data-end=\"758\">\n<p data-start=\"705\" data-end=\"758\">Gir opptil 40 % bedre effektivitet og kapasitet<\/p>\n<\/li>\n<\/ul>\n<p data-start=\"760\" data-end=\"805\">Dette er neste generasjon enterprise-lagring.<\/p>\n<p>[\/et_pb_text][et_pb_text _builder_version=&raquo;4.27.6&#8243; _module_preset=&raquo;_initial&raquo; header_4_font=&raquo;Space Grotesk|500|||||||&raquo; header_4_text_color=&raquo;#000000&#8243; header_4_font_size=&raquo;24px&raquo; header_4_line_height=&raquo;1.5em&raquo; custom_margin=&raquo;||0px||false|false&raquo; hover_enabled=&raquo;0&#8243; header_4_font_size_tablet=&raquo;16px&raquo; header_4_font_size_phone=&raquo;15px&raquo; header_4_font_size_last_edited=&raquo;on|desktop&raquo; global_colors_info=&raquo;{}&raquo; sticky_enabled=&raquo;0&#8243;]<\/p>\n<h1>Beskytt virksomheten \u2013 p\u00e5 ordentlig<\/h1>\n<p>[\/et_pb_text][et_pb_text _builder_version=&raquo;4.27.6&#8243; _module_preset=&raquo;_initial&raquo; text_font_size=&raquo;15px&raquo; text_line_height=&raquo;1.8em&raquo; hover_enabled=&raquo;0&#8243; text_font_size_tablet=&raquo;15px&raquo; text_font_size_phone=&raquo;14px&raquo; text_font_size_last_edited=&raquo;on|phone&raquo; global_colors_info=&raquo;{}&raquo; sticky_enabled=&raquo;0&#8243;]<\/p>\n<p data-start=\"848\" data-end=\"876\">FlashSystem x600 kombinerer:<\/p>\n<ul data-start=\"878\" data-end=\"1094\">\n<li data-start=\"878\" data-end=\"938\">\n<p data-start=\"880\" data-end=\"938\">Sanntidsdeteksjon av ransomware uten p\u00e5virkning p\u00e5 ytelsen<\/p>\n<\/li>\n<li data-start=\"939\" data-end=\"979\">\n<p data-start=\"941\" data-end=\"979\">Immutable Safeguarded Copy-snapshots<\/p>\n<\/li>\n<li data-start=\"980\" data-end=\"1022\">\n<p data-start=\"982\" data-end=\"1022\">100 % Data Availability-garanti (PBHA)<\/p>\n<\/li>\n<li data-start=\"1023\" data-end=\"1053\">\n<p data-start=\"1025\" data-end=\"1053\">5:1 Data Reduction-garanti<\/p>\n<\/li>\n<li data-start=\"1054\" data-end=\"1094\">\n<p data-start=\"1056\" data-end=\"1094\">Quantum-safe kryptering p\u00e5 modulniv\u00e5<\/p>\n<\/li>\n<\/ul>\n<p data-start=\"1096\" data-end=\"1281\">I motsetning til tradisjonelle systemer skjer komprimering, deduplisering, kryptering og trusseldeteksjon direkte i <strong data-start=\"1209\" data-end=\"1248\">5. generasjons FlashCore Modules<\/strong> \u2013 uten \u00e5 belaste kontrollerne.<\/p>\n<p data-start=\"1283\" data-end=\"1320\">Resultat: Sikkerhet uten kompromisser.<\/p>\n<p>[\/et_pb_text][et_pb_text _builder_version=&raquo;4.27.6&#8243; _module_preset=&raquo;_initial&raquo; header_4_font=&raquo;Space Grotesk|500|||||||&raquo; header_4_text_color=&raquo;#000000&#8243; header_4_font_size=&raquo;24px&raquo; header_4_line_height=&raquo;1.5em&raquo; custom_margin=&raquo;||0px||false|false&raquo; hover_enabled=&raquo;0&#8243; header_4_font_size_tablet=&raquo;16px&raquo; header_4_font_size_phone=&raquo;15px&raquo; header_4_font_size_last_edited=&raquo;on|desktop&raquo; global_colors_info=&raquo;{}&raquo; sticky_enabled=&raquo;0&#8243;]<\/p>\n<h1>Tilpass deg raskere med FlashSystem.ai<\/h1>\n<p>[\/et_pb_text][et_pb_text _builder_version=&raquo;4.27.6&#8243; _module_preset=&raquo;_initial&raquo; text_font_size=&raquo;15px&raquo; text_line_height=&raquo;1.8em&raquo; hover_enabled=&raquo;0&#8243; text_font_size_tablet=&raquo;15px&raquo; text_font_size_phone=&raquo;14px&raquo; text_font_size_last_edited=&raquo;on|desktop&raquo; global_colors_info=&raquo;{}&raquo; sticky_enabled=&raquo;0&#8243;]<\/p>\n<p data-start=\"1370\" data-end=\"1400\">Med <strong data-start=\"1374\" data-end=\"1392\">FlashSystem.ai<\/strong> f\u00e5r du:<\/p>\n<ul data-start=\"1402\" data-end=\"1599\">\n<li data-start=\"1402\" data-end=\"1454\">\n<p data-start=\"1404\" data-end=\"1454\">AI-assistert administrasjon via naturlig spr\u00e5k<\/p>\n<\/li>\n<li data-start=\"1455\" data-end=\"1505\">\n<p data-start=\"1457\" data-end=\"1505\">Proaktiv optimalisering av ytelse og kapasitet<\/p>\n<\/li>\n<li data-start=\"1506\" data-end=\"1546\">\n<p data-start=\"1508\" data-end=\"1546\">Dynamisk policy- og SLA-etterlevelse<\/p>\n<\/li>\n<li data-start=\"1547\" data-end=\"1599\">\n<p data-start=\"1549\" data-end=\"1599\">Redusert manuell administrasjon med opptil 90 %<\/p>\n<\/li>\n<\/ul>\n<p data-start=\"1601\" data-end=\"1680\">Dette er lagring som samarbeider med teamet ditt \u2013 ikke skaper merarbeid.<\/p>\n<p>[\/et_pb_text][et_pb_image src=&raquo;http:\/\/www.load.se\/wp-content\/uploads\/2025\/10\/flashsystemIBM.jpg&raquo; title_text=&raquo;flashsystemIBM&raquo; _builder_version=&raquo;4.27.4&#8243; _module_preset=&raquo;default&raquo; global_colors_info=&raquo;{}&raquo;][\/et_pb_image][et_pb_text _builder_version=&raquo;4.27.6&#8243; _module_preset=&raquo;_initial&raquo; header_4_font=&raquo;Space Grotesk|500|||||||&raquo; header_4_text_color=&raquo;#000000&#8243; header_4_font_size=&raquo;24px&raquo; header_4_line_height=&raquo;1.5em&raquo; custom_margin=&raquo;||0px||false|false&raquo; hover_enabled=&raquo;0&#8243; header_4_font_size_tablet=&raquo;16px&raquo; header_4_font_size_phone=&raquo;15px&raquo; header_4_font_size_last_edited=&raquo;on|desktop&raquo; global_colors_info=&raquo;{}&raquo; sticky_enabled=&raquo;0&#8243;]<\/p>\n<h1>Ytelse for virksomhetskritiske milj\u00f8er<\/h1>\n<p>[\/et_pb_text][et_pb_text _builder_version=&raquo;4.27.6&#8243; _module_preset=&raquo;_initial&raquo; text_font_size=&raquo;15px&raquo; text_line_height=&raquo;1.8em&raquo; hover_enabled=&raquo;0&#8243; text_font_size_tablet=&raquo;15px&raquo; text_font_size_phone=&raquo;14px&raquo; text_font_size_last_edited=&raquo;on|desktop&raquo; global_colors_info=&raquo;{}&raquo; sticky_enabled=&raquo;0&#8243;]<\/p>\n<p data-start=\"1727\" data-end=\"1750\">Velg modell etter krav:<\/p>\n<p data-start=\"1752\" data-end=\"1984\"><strong data-start=\"1752\" data-end=\"1772\">FlashSystem 5600<\/strong> \u2013 kompakt enterprise-ytelse (1U)<br data-start=\"1808\" data-end=\"1811\"><strong data-start=\"1811\" data-end=\"1831\">FlashSystem 7600<\/strong> \u2013 h\u00f8yytelses konsolideringsplattform (2U)<br data-start=\"1877\" data-end=\"1880\"><strong data-start=\"1880\" data-end=\"1900\">FlashSystem 9600<\/strong> \u2013 ekstrem ytelse for forretningskritiske systemer (2U, opptil ~11,8 PBe effektiv kapasitet)<\/p>\n<p data-start=\"1986\" data-end=\"2070\">Bygget for databaser, virtualisering, ERP, AI-arbeidsbelastninger og konsoliderte datasentre.<\/p>\n<p>[\/et_pb_text][et_pb_text _builder_version=&raquo;4.27.6&#8243; _module_preset=&raquo;_initial&raquo; header_4_font=&raquo;Space Grotesk|500|||||||&raquo; header_4_text_color=&raquo;#000000&#8243; header_4_font_size=&raquo;24px&raquo; header_4_line_height=&raquo;1.5em&raquo; custom_margin=&raquo;||0px||false|false&raquo; hover_enabled=&raquo;0&#8243; header_4_font_size_tablet=&raquo;16px&raquo; header_4_font_size_phone=&raquo;15px&raquo; header_4_font_size_last_edited=&raquo;on|desktop&raquo; global_colors_info=&raquo;{}&raquo; sticky_enabled=&raquo;0&#8243;]<\/p>\n<h1>B\u00e6rekraft &amp; effektivitet<\/h1>\n<p>[\/et_pb_text][et_pb_text _builder_version=&raquo;4.27.6&#8243; _module_preset=&raquo;_initial&raquo; text_font_size=&raquo;15px&raquo; text_line_height=&raquo;1.8em&raquo; hover_enabled=&raquo;0&#8243; text_font_size_tablet=&raquo;15px&raquo; text_font_size_phone=&raquo;14px&raquo; text_font_size_last_edited=&raquo;on|desktop&raquo; global_colors_info=&raquo;{}&raquo; sticky_enabled=&raquo;0&#8243;]<\/p>\n<ul data-start=\"2106\" data-end=\"2287\">\n<li data-start=\"2106\" data-end=\"2141\">\n<p data-start=\"2108\" data-end=\"2141\">Ned til 0,56 watt per terabyte<\/p>\n<\/li>\n<li data-start=\"2142\" data-end=\"2206\">\n<p data-start=\"2144\" data-end=\"2206\">Opptil 75 % redusert lagringsavtrykk gjennom konsolidering<\/p>\n<\/li>\n<li data-start=\"2207\" data-end=\"2232\">\n<p data-start=\"2209\" data-end=\"2232\">NVMe EDSFF-arkitektur<\/p>\n<\/li>\n<li data-start=\"2233\" data-end=\"2287\">\n<p data-start=\"2235\" data-end=\"2287\">Maskinvarebasert datakomprimering og deduplisering<\/p>\n<\/li>\n<\/ul>\n<p data-start=\"2289\" data-end=\"2341\">Mindre energiforbruk. Mindre rackplass. Lavere TCO.  <\/p>\n<p>[\/et_pb_text][\/et_pb_column][\/et_pb_row][et_pb_row column_structure=&raquo;1_3,2_3&#8243; _builder_version=&raquo;4.27.4&#8243; _module_preset=&raquo;default&raquo; custom_margin=&raquo;100px||||false|false&raquo; custom_margin_tablet=&raquo;60px||||false|false&raquo; custom_margin_phone=&raquo;60px||||false|false&raquo; custom_margin_last_edited=&raquo;on|phone&raquo; global_colors_info=&raquo;{}&raquo;][et_pb_column type=&raquo;1_3&#8243; _builder_version=&raquo;4.27.4&#8243; _module_preset=&raquo;default&raquo; global_colors_info=&raquo;{}&raquo;][et_pb_text _builder_version=&raquo;4.27.4&#8243; _module_preset=&raquo;_initial&raquo; header_2_font=&raquo;Space Grotesk|500|||||||&raquo; header_2_text_color=&raquo;#000000&#8243; header_2_font_size=&raquo;52px&raquo; header_2_line_height=&raquo;1.3em&raquo; custom_margin=&raquo;||10px||false|false&raquo; header_2_font_size_tablet=&raquo;32px&raquo; header_2_font_size_phone=&raquo;20px&raquo; header_2_font_size_last_edited=&raquo;on|desktop&raquo; global_colors_info=&raquo;{}&raquo;]<\/p>\n<h1>Hvorfor LOAD<\/h1>\n<p>[\/et_pb_text][\/et_pb_column][et_pb_column type=&raquo;2_3&#8243; _builder_version=&raquo;4.23.2&#8243; _module_preset=&raquo;default&raquo; global_colors_info=&raquo;{}&raquo;][et_pb_text _builder_version=&raquo;4.27.4&#8243; _module_preset=&raquo;_initial&raquo; text_font_size=&raquo;15px&raquo; text_line_height=&raquo;1.8em&raquo; text_font_size_tablet=&raquo;15px&raquo; text_font_size_phone=&raquo;14px&raquo; text_font_size_last_edited=&raquo;on|desktop&raquo; global_colors_info=&raquo;{}&raquo;]<\/p>\n<p>Som IBM Platinum Partner hjelper LOAD norske bedrifter med \u00e5 implementere l\u00f8sninger som matcher deres behov for ytelse, sikkerhet og enkel drift.<br \/>Vi tilbyr r\u00e5dgivning, design, implementering og proaktiv support \u2013 slik at du kan fokusere p\u00e5 forretningen i stedet for infrastrukturen.<\/p>\n<p>[\/et_pb_text][\/et_pb_column][\/et_pb_row][\/et_pb_section]<\/p>\n","protected":false},"excerpt":{"rendered":"<p>IBM FlashSystem-familien tilbyr rask, sikker og intelligent datalagring for virksomheter i alle st\u00f8rrelser. Med AI-drevet ytelse, innebygd beskyttelse mot l\u00f8sepengevirus, avansert kryptering og virtualisering f\u00e5r du en lagringsplattform som kombinerer enterprise-teknologi med enkel h\u00e5ndtering og h\u00f8y energieffektivitet. <\/p>\n","protected":false},"author":1,"featured_media":852,"parent":0,"menu_order":0,"comment_status":"closed","ping_status":"closed","template":"","meta":{"_et_pb_use_builder":"on","_et_pb_old_content":"","_et_gb_content_width":"","footnotes":""},"class_list":["post-850","page","type-page","status-publish","has-post-thumbnail","hentry"],"yoast_head":"<!-- This site is optimized with the Yoast SEO Premium plugin v27.2 (Yoast SEO v27.4) - https:\/\/yoast.com\/product\/yoast-seo-premium-wordpress\/ -->\n<title>IBM FlashSystem \u2013 AI-drevet lagring | LOAD<\/title>\n<meta name=\"description\" content=\"IBM FlashSystem tilbyr rask, sikker og AI-drevet lagring med beskyttelse mot l\u00f8sepengevirus, h\u00f8y ytelse og skalerbarhet.\" \/>\n<meta name=\"robots\" content=\"index, follow, max-snippet:-1, max-image-preview:large, max-video-preview:-1\" \/>\n<link rel=\"canonical\" href=\"https:\/\/www.load.se\/no\/ibm-flashsystem\/\" \/>\n<meta property=\"og:locale\" content=\"nb_NO\" \/>\n<meta property=\"og:type\" content=\"article\" \/>\n<meta property=\"og:title\" content=\"IBM FlashSystem\" \/>\n<meta property=\"og:description\" content=\"IBM FlashSystem tilbyr rask, sikker og AI-drevet lagring med beskyttelse mot l\u00f8sepengevirus, h\u00f8y ytelse og skalerbarhet.\" \/>\n<meta property=\"og:url\" content=\"https:\/\/www.load.se\/no\/ibm-flashsystem\/\" \/>\n<meta property=\"og:site_name\" content=\"Load System AB\" \/>\n<meta property=\"article:modified_time\" content=\"2026-04-04T05:49:31+00:00\" \/>\n<meta property=\"og:image\" content=\"https:\/\/www.load.se\/wp-content\/uploads\/2025\/10\/FSFamily.webp\" \/>\n\t<meta property=\"og:image:width\" content=\"1080\" \/>\n\t<meta property=\"og:image:height\" content=\"1080\" \/>\n\t<meta property=\"og:image:type\" content=\"image\/webp\" \/>\n<meta name=\"twitter:card\" content=\"summary_large_image\" \/>\n<meta name=\"twitter:label1\" content=\"Ansl. lesetid\" \/>\n\t<meta name=\"twitter:data1\" content=\"7 minutter\" \/>\n<script type=\"application\/ld+json\" class=\"yoast-schema-graph\">{\"@context\":\"https:\\\/\\\/schema.org\",\"@graph\":[{\"@type\":\"WebPage\",\"@id\":\"https:\\\/\\\/www.load.se\\\/no\\\/ibm-flashsystem\\\/\",\"url\":\"https:\\\/\\\/www.load.se\\\/no\\\/ibm-flashsystem\\\/\",\"name\":\"IBM FlashSystem \u2013 AI-drevet lagring | LOAD\",\"isPartOf\":{\"@id\":\"https:\\\/\\\/www.load.se\\\/no\\\/#website\"},\"primaryImageOfPage\":{\"@id\":\"https:\\\/\\\/www.load.se\\\/no\\\/ibm-flashsystem\\\/#primaryimage\"},\"image\":{\"@id\":\"https:\\\/\\\/www.load.se\\\/no\\\/ibm-flashsystem\\\/#primaryimage\"},\"thumbnailUrl\":\"https:\\\/\\\/www.load.se\\\/wp-content\\\/uploads\\\/2025\\\/10\\\/FSFamily.webp\",\"datePublished\":\"2025-10-11T02:51:04+00:00\",\"dateModified\":\"2026-04-04T05:49:31+00:00\",\"description\":\"IBM FlashSystem tilbyr rask, sikker og AI-drevet lagring med beskyttelse mot l\u00f8sepengevirus, h\u00f8y ytelse og skalerbarhet.\",\"breadcrumb\":{\"@id\":\"https:\\\/\\\/www.load.se\\\/no\\\/ibm-flashsystem\\\/#breadcrumb\"},\"inLanguage\":\"nb-NO\",\"potentialAction\":[{\"@type\":\"ReadAction\",\"target\":[\"https:\\\/\\\/www.load.se\\\/no\\\/ibm-flashsystem\\\/\"]}]},{\"@type\":\"ImageObject\",\"inLanguage\":\"nb-NO\",\"@id\":\"https:\\\/\\\/www.load.se\\\/no\\\/ibm-flashsystem\\\/#primaryimage\",\"url\":\"https:\\\/\\\/www.load.se\\\/wp-content\\\/uploads\\\/2025\\\/10\\\/FSFamily.webp\",\"contentUrl\":\"https:\\\/\\\/www.load.se\\\/wp-content\\\/uploads\\\/2025\\\/10\\\/FSFamily.webp\",\"width\":1080,\"height\":1080},{\"@type\":\"BreadcrumbList\",\"@id\":\"https:\\\/\\\/www.load.se\\\/no\\\/ibm-flashsystem\\\/#breadcrumb\",\"itemListElement\":[{\"@type\":\"ListItem\",\"position\":1,\"name\":\"Home\",\"item\":\"https:\\\/\\\/www.load.se\\\/no\\\/\"},{\"@type\":\"ListItem\",\"position\":2,\"name\":\"IBM FlashSystem\"}]},{\"@type\":\"WebSite\",\"@id\":\"https:\\\/\\\/www.load.se\\\/no\\\/#website\",\"url\":\"https:\\\/\\\/www.load.se\\\/no\\\/\",\"name\":\"Load System AB\",\"description\":\"\",\"publisher\":{\"@id\":\"https:\\\/\\\/www.load.se\\\/no\\\/#organization\"},\"potentialAction\":[{\"@type\":\"SearchAction\",\"target\":{\"@type\":\"EntryPoint\",\"urlTemplate\":\"https:\\\/\\\/www.load.se\\\/no\\\/?s={search_term_string}\"},\"query-input\":{\"@type\":\"PropertyValueSpecification\",\"valueRequired\":true,\"valueName\":\"search_term_string\"}}],\"inLanguage\":\"nb-NO\"},{\"@type\":\"Organization\",\"@id\":\"https:\\\/\\\/www.load.se\\\/no\\\/#organization\",\"name\":\"Load System AB\",\"url\":\"https:\\\/\\\/www.load.se\\\/no\\\/\",\"logo\":{\"@type\":\"ImageObject\",\"inLanguage\":\"nb-NO\",\"@id\":\"https:\\\/\\\/www.load.se\\\/no\\\/#\\\/schema\\\/logo\\\/image\\\/\",\"url\":\"http:\\\/\\\/www.load.se\\\/wp-content\\\/uploads\\\/2025\\\/10\\\/Load-website-6.png\",\"contentUrl\":\"http:\\\/\\\/www.load.se\\\/wp-content\\\/uploads\\\/2025\\\/10\\\/Load-website-6.png\",\"width\":2160,\"height\":800,\"caption\":\"Load System AB\"},\"image\":{\"@id\":\"https:\\\/\\\/www.load.se\\\/no\\\/#\\\/schema\\\/logo\\\/image\\\/\"},\"sameAs\":[\"https:\\\/\\\/www.linkedin.com\\\/company\\\/load-ab\"]}]}<\/script>\n<!-- \/ Yoast SEO Premium plugin. -->","yoast_head_json":{"title":"IBM FlashSystem \u2013 AI-drevet lagring | LOAD","description":"IBM FlashSystem tilbyr rask, sikker og AI-drevet lagring med beskyttelse mot l\u00f8sepengevirus, h\u00f8y ytelse og skalerbarhet.","robots":{"index":"index","follow":"follow","max-snippet":"max-snippet:-1","max-image-preview":"max-image-preview:large","max-video-preview":"max-video-preview:-1"},"canonical":"https:\/\/www.load.se\/no\/ibm-flashsystem\/","og_locale":"nb_NO","og_type":"article","og_title":"IBM FlashSystem","og_description":"IBM FlashSystem tilbyr rask, sikker og AI-drevet lagring med beskyttelse mot l\u00f8sepengevirus, h\u00f8y ytelse og skalerbarhet.","og_url":"https:\/\/www.load.se\/no\/ibm-flashsystem\/","og_site_name":"Load System AB","article_modified_time":"2026-04-04T05:49:31+00:00","og_image":[{"width":1080,"height":1080,"url":"https:\/\/www.load.se\/wp-content\/uploads\/2025\/10\/FSFamily.webp","type":"image\/webp"}],"twitter_card":"summary_large_image","twitter_misc":{"Ansl. lesetid":"7 minutter"},"schema":{"@context":"https:\/\/schema.org","@graph":[{"@type":"WebPage","@id":"https:\/\/www.load.se\/no\/ibm-flashsystem\/","url":"https:\/\/www.load.se\/no\/ibm-flashsystem\/","name":"IBM FlashSystem \u2013 AI-drevet lagring | LOAD","isPartOf":{"@id":"https:\/\/www.load.se\/no\/#website"},"primaryImageOfPage":{"@id":"https:\/\/www.load.se\/no\/ibm-flashsystem\/#primaryimage"},"image":{"@id":"https:\/\/www.load.se\/no\/ibm-flashsystem\/#primaryimage"},"thumbnailUrl":"https:\/\/www.load.se\/wp-content\/uploads\/2025\/10\/FSFamily.webp","datePublished":"2025-10-11T02:51:04+00:00","dateModified":"2026-04-04T05:49:31+00:00","description":"IBM FlashSystem tilbyr rask, sikker og AI-drevet lagring med beskyttelse mot l\u00f8sepengevirus, h\u00f8y ytelse og skalerbarhet.","breadcrumb":{"@id":"https:\/\/www.load.se\/no\/ibm-flashsystem\/#breadcrumb"},"inLanguage":"nb-NO","potentialAction":[{"@type":"ReadAction","target":["https:\/\/www.load.se\/no\/ibm-flashsystem\/"]}]},{"@type":"ImageObject","inLanguage":"nb-NO","@id":"https:\/\/www.load.se\/no\/ibm-flashsystem\/#primaryimage","url":"https:\/\/www.load.se\/wp-content\/uploads\/2025\/10\/FSFamily.webp","contentUrl":"https:\/\/www.load.se\/wp-content\/uploads\/2025\/10\/FSFamily.webp","width":1080,"height":1080},{"@type":"BreadcrumbList","@id":"https:\/\/www.load.se\/no\/ibm-flashsystem\/#breadcrumb","itemListElement":[{"@type":"ListItem","position":1,"name":"Home","item":"https:\/\/www.load.se\/no\/"},{"@type":"ListItem","position":2,"name":"IBM FlashSystem"}]},{"@type":"WebSite","@id":"https:\/\/www.load.se\/no\/#website","url":"https:\/\/www.load.se\/no\/","name":"Load System AB","description":"","publisher":{"@id":"https:\/\/www.load.se\/no\/#organization"},"potentialAction":[{"@type":"SearchAction","target":{"@type":"EntryPoint","urlTemplate":"https:\/\/www.load.se\/no\/?s={search_term_string}"},"query-input":{"@type":"PropertyValueSpecification","valueRequired":true,"valueName":"search_term_string"}}],"inLanguage":"nb-NO"},{"@type":"Organization","@id":"https:\/\/www.load.se\/no\/#organization","name":"Load System AB","url":"https:\/\/www.load.se\/no\/","logo":{"@type":"ImageObject","inLanguage":"nb-NO","@id":"https:\/\/www.load.se\/no\/#\/schema\/logo\/image\/","url":"http:\/\/www.load.se\/wp-content\/uploads\/2025\/10\/Load-website-6.png","contentUrl":"http:\/\/www.load.se\/wp-content\/uploads\/2025\/10\/Load-website-6.png","width":2160,"height":800,"caption":"Load System AB"},"image":{"@id":"https:\/\/www.load.se\/no\/#\/schema\/logo\/image\/"},"sameAs":["https:\/\/www.linkedin.com\/company\/load-ab"]}]}},"_links":{"self":[{"href":"https:\/\/www.load.se\/no\/wp-json\/wp\/v2\/pages\/850","targetHints":{"allow":["GET"]}}],"collection":[{"href":"https:\/\/www.load.se\/no\/wp-json\/wp\/v2\/pages"}],"about":[{"href":"https:\/\/www.load.se\/no\/wp-json\/wp\/v2\/types\/page"}],"author":[{"embeddable":true,"href":"https:\/\/www.load.se\/no\/wp-json\/wp\/v2\/users\/1"}],"replies":[{"embeddable":true,"href":"https:\/\/www.load.se\/no\/wp-json\/wp\/v2\/comments?post=850"}],"version-history":[{"count":25,"href":"https:\/\/www.load.se\/no\/wp-json\/wp\/v2\/pages\/850\/revisions"}],"predecessor-version":[{"id":3394,"href":"https:\/\/www.load.se\/no\/wp-json\/wp\/v2\/pages\/850\/revisions\/3394"}],"wp:featuredmedia":[{"embeddable":true,"href":"https:\/\/www.load.se\/no\/wp-json\/wp\/v2\/media\/852"}],"wp:attachment":[{"href":"https:\/\/www.load.se\/no\/wp-json\/wp\/v2\/media?parent=850"}],"curies":[{"name":"wp","href":"https:\/\/api.w.org\/{rel}","templated":true}]}}