{"id":998,"date":"2025-09-29T08:38:32","date_gmt":"2025-09-29T06:38:32","guid":{"rendered":"http:\/\/www.load.se\/eksempelside\/"},"modified":"2026-04-04T08:12:36","modified_gmt":"2026-04-04T06:12:36","slug":"eksempelside","status":"publish","type":"page","link":"https:\/\/www.load.se\/no\/eksempelside\/","title":{"rendered":"Eksempelside"},"content":{"rendered":"<p>[et_pb_section admin_label=&raquo;section&raquo;]<br \/>\n\t\t\t[et_pb_row admin_label=&raquo;row&raquo;]<br \/>\n\t\t\t\t[et_pb_column type=&raquo;4_4&#8243;][et_pb_text admin_label=&raquo;Text&raquo;]<!-- divi:paragraph --><\/p>\n<p>Dette er en eksempelside. Den skiller seg fra et blogginnlegg fordi den vil forbli p\u00e5 samme sted og vises i nettstedets navigasjon (i de fleste temaer). De fleste starter med en Om oss-side som introduserer dem for potensielle nettstedbes\u00f8kende. Den kan si noe som dette:   <\/p>\n<p><!-- \/divi:paragraph --><\/p>\n<p><!-- divi:quote --><\/p>\n<blockquote class=\"wp-block-quote\">\n<p>Hei! Jeg er sykkelbud p\u00e5 dagtid, aspirerende skuespiller p\u00e5 kveldstid, og dette er nettsiden min. Jeg bor i Los Angeles, har en flott hund som heter Jack, og jeg liker pi\u00f1a coladas. (Og \u00e5 bli tatt i regnet.)   <\/p>\n<\/blockquote>\n<p><!-- \/divi:quote --><\/p>\n<p><!-- divi:paragraph --><\/p>\n<p>&#8230;eller noe som dette:<\/p>\n<p><!-- \/divi:paragraph --><\/p>\n<p><!-- divi:quote --><\/p>\n<blockquote class=\"wp-block-quote\">\n<p>XYZ Doohickey Company ble grunnlagt i 1971, og har levert kvalitets-doohickeys til publikum siden den gang. Lokalisert i Gotham City, XYZ sysselsetter over 2 000 personer og gj\u00f8r alle slags fantastiske ting for Gotham-samfunnet. <\/p>\n<\/blockquote>\n<p><!-- \/divi:quote --><\/p>\n<p><!-- divi:paragraph --><\/p>\n<p>Som ny WordPress-bruker b\u00f8r du g\u00e5 til <a href=\"http:\/\/www.load.se\/wp-admin\/\">dashbordet ditt<\/a> for \u00e5 slette denne siden og opprette nye sider for innholdet ditt. Ha det g\u00f8y! <\/p>\n<p><!-- \/divi:paragraph -->[\/et_pb_text][\/et_pb_column]<br \/>\n\t\t\t[\/et_pb_row]<br \/>\n\t\t[\/et_pb_section]<\/p>\n","protected":false},"excerpt":{"rendered":"<p>Dette er en eksempelside. Den skiller seg fra et blogginnlegg fordi den vil forbli p\u00e5 samme sted og vises i nettstedets navigasjon (i de fleste temaer). De fleste starter med en Om oss-side som introduserer dem for potensielle nettstedbes\u00f8kende. Den kan si noe som dette: Hei! Jeg er sykkelbud p\u00e5 dagtid, aspirerende skuespiller p\u00e5 kveldstid, [&hellip;]<\/p>\n","protected":false},"author":1,"featured_media":0,"parent":0,"menu_order":0,"comment_status":"closed","ping_status":"open","template":"","meta":{"_et_pb_use_builder":"on","_et_pb_old_content":"","_et_gb_content_width":"","footnotes":""},"class_list":["post-998","page","type-page","status-publish","hentry"],"yoast_head":"<!-- This site is optimized with the Yoast SEO Premium plugin v27.2 (Yoast SEO v27.4) - https:\/\/yoast.com\/product\/yoast-seo-premium-wordpress\/ -->\n<title>Eksempelside \u2013 struktur og innhold | LOAD<\/title>\n<meta name=\"description\" content=\"Eksempelside med grunnleggende struktur som viser hvordan innhold kan presenteres og organiseres p\u00e5 et nettsted.\" \/>\n<meta name=\"robots\" content=\"index, follow, max-snippet:-1, max-image-preview:large, max-video-preview:-1\" \/>\n<link rel=\"canonical\" href=\"https:\/\/www.load.se\/no\/eksempelside\/\" \/>\n<meta property=\"og:locale\" content=\"nb_NO\" \/>\n<meta property=\"og:type\" content=\"article\" \/>\n<meta property=\"og:title\" content=\"Eksempelside\" \/>\n<meta property=\"og:description\" content=\"Eksempelside med grunnleggende struktur som viser hvordan innhold kan presenteres og organiseres p\u00e5 et nettsted.\" \/>\n<meta property=\"og:url\" content=\"https:\/\/www.load.se\/no\/eksempelside\/\" \/>\n<meta property=\"og:site_name\" content=\"Load System AB\" \/>\n<meta property=\"article:modified_time\" content=\"2026-04-04T06:12:36+00:00\" \/>\n<meta name=\"twitter:card\" content=\"summary_large_image\" \/>\n<meta name=\"twitter:label1\" content=\"Ansl. lesetid\" \/>\n\t<meta name=\"twitter:data1\" content=\"1 minutt\" \/>\n<script type=\"application\/ld+json\" class=\"yoast-schema-graph\">{\"@context\":\"https:\\\/\\\/schema.org\",\"@graph\":[{\"@type\":\"WebPage\",\"@id\":\"https:\\\/\\\/www.load.se\\\/no\\\/eksempelside\\\/\",\"url\":\"https:\\\/\\\/www.load.se\\\/no\\\/eksempelside\\\/\",\"name\":\"Eksempelside \u2013 struktur og innhold | LOAD\",\"isPartOf\":{\"@id\":\"https:\\\/\\\/www.load.se\\\/no\\\/#website\"},\"datePublished\":\"2025-09-29T06:38:32+00:00\",\"dateModified\":\"2026-04-04T06:12:36+00:00\",\"description\":\"Eksempelside med grunnleggende struktur som viser hvordan innhold kan presenteres og organiseres p\u00e5 et nettsted.\",\"breadcrumb\":{\"@id\":\"https:\\\/\\\/www.load.se\\\/no\\\/eksempelside\\\/#breadcrumb\"},\"inLanguage\":\"nb-NO\",\"potentialAction\":[{\"@type\":\"ReadAction\",\"target\":[\"https:\\\/\\\/www.load.se\\\/no\\\/eksempelside\\\/\"]}]},{\"@type\":\"BreadcrumbList\",\"@id\":\"https:\\\/\\\/www.load.se\\\/no\\\/eksempelside\\\/#breadcrumb\",\"itemListElement\":[{\"@type\":\"ListItem\",\"position\":1,\"name\":\"Home\",\"item\":\"https:\\\/\\\/www.load.se\\\/no\\\/\"},{\"@type\":\"ListItem\",\"position\":2,\"name\":\"Eksempelside\"}]},{\"@type\":\"WebSite\",\"@id\":\"https:\\\/\\\/www.load.se\\\/no\\\/#website\",\"url\":\"https:\\\/\\\/www.load.se\\\/no\\\/\",\"name\":\"Load System AB\",\"description\":\"\",\"publisher\":{\"@id\":\"https:\\\/\\\/www.load.se\\\/no\\\/#organization\"},\"potentialAction\":[{\"@type\":\"SearchAction\",\"target\":{\"@type\":\"EntryPoint\",\"urlTemplate\":\"https:\\\/\\\/www.load.se\\\/no\\\/?s={search_term_string}\"},\"query-input\":{\"@type\":\"PropertyValueSpecification\",\"valueRequired\":true,\"valueName\":\"search_term_string\"}}],\"inLanguage\":\"nb-NO\"},{\"@type\":\"Organization\",\"@id\":\"https:\\\/\\\/www.load.se\\\/no\\\/#organization\",\"name\":\"Load System AB\",\"url\":\"https:\\\/\\\/www.load.se\\\/no\\\/\",\"logo\":{\"@type\":\"ImageObject\",\"inLanguage\":\"nb-NO\",\"@id\":\"https:\\\/\\\/www.load.se\\\/no\\\/#\\\/schema\\\/logo\\\/image\\\/\",\"url\":\"http:\\\/\\\/www.load.se\\\/wp-content\\\/uploads\\\/2025\\\/10\\\/Load-website-6.png\",\"contentUrl\":\"http:\\\/\\\/www.load.se\\\/wp-content\\\/uploads\\\/2025\\\/10\\\/Load-website-6.png\",\"width\":2160,\"height\":800,\"caption\":\"Load System AB\"},\"image\":{\"@id\":\"https:\\\/\\\/www.load.se\\\/no\\\/#\\\/schema\\\/logo\\\/image\\\/\"},\"sameAs\":[\"https:\\\/\\\/www.linkedin.com\\\/company\\\/load-ab\"]}]}<\/script>\n<!-- \/ Yoast SEO Premium plugin. -->","yoast_head_json":{"title":"Eksempelside \u2013 struktur og innhold | LOAD","description":"Eksempelside med grunnleggende struktur som viser hvordan innhold kan presenteres og organiseres p\u00e5 et nettsted.","robots":{"index":"index","follow":"follow","max-snippet":"max-snippet:-1","max-image-preview":"max-image-preview:large","max-video-preview":"max-video-preview:-1"},"canonical":"https:\/\/www.load.se\/no\/eksempelside\/","og_locale":"nb_NO","og_type":"article","og_title":"Eksempelside","og_description":"Eksempelside med grunnleggende struktur som viser hvordan innhold kan presenteres og organiseres p\u00e5 et nettsted.","og_url":"https:\/\/www.load.se\/no\/eksempelside\/","og_site_name":"Load System AB","article_modified_time":"2026-04-04T06:12:36+00:00","twitter_card":"summary_large_image","twitter_misc":{"Ansl. lesetid":"1 minutt"},"schema":{"@context":"https:\/\/schema.org","@graph":[{"@type":"WebPage","@id":"https:\/\/www.load.se\/no\/eksempelside\/","url":"https:\/\/www.load.se\/no\/eksempelside\/","name":"Eksempelside \u2013 struktur og innhold | LOAD","isPartOf":{"@id":"https:\/\/www.load.se\/no\/#website"},"datePublished":"2025-09-29T06:38:32+00:00","dateModified":"2026-04-04T06:12:36+00:00","description":"Eksempelside med grunnleggende struktur som viser hvordan innhold kan presenteres og organiseres p\u00e5 et nettsted.","breadcrumb":{"@id":"https:\/\/www.load.se\/no\/eksempelside\/#breadcrumb"},"inLanguage":"nb-NO","potentialAction":[{"@type":"ReadAction","target":["https:\/\/www.load.se\/no\/eksempelside\/"]}]},{"@type":"BreadcrumbList","@id":"https:\/\/www.load.se\/no\/eksempelside\/#breadcrumb","itemListElement":[{"@type":"ListItem","position":1,"name":"Home","item":"https:\/\/www.load.se\/no\/"},{"@type":"ListItem","position":2,"name":"Eksempelside"}]},{"@type":"WebSite","@id":"https:\/\/www.load.se\/no\/#website","url":"https:\/\/www.load.se\/no\/","name":"Load System AB","description":"","publisher":{"@id":"https:\/\/www.load.se\/no\/#organization"},"potentialAction":[{"@type":"SearchAction","target":{"@type":"EntryPoint","urlTemplate":"https:\/\/www.load.se\/no\/?s={search_term_string}"},"query-input":{"@type":"PropertyValueSpecification","valueRequired":true,"valueName":"search_term_string"}}],"inLanguage":"nb-NO"},{"@type":"Organization","@id":"https:\/\/www.load.se\/no\/#organization","name":"Load System AB","url":"https:\/\/www.load.se\/no\/","logo":{"@type":"ImageObject","inLanguage":"nb-NO","@id":"https:\/\/www.load.se\/no\/#\/schema\/logo\/image\/","url":"http:\/\/www.load.se\/wp-content\/uploads\/2025\/10\/Load-website-6.png","contentUrl":"http:\/\/www.load.se\/wp-content\/uploads\/2025\/10\/Load-website-6.png","width":2160,"height":800,"caption":"Load System AB"},"image":{"@id":"https:\/\/www.load.se\/no\/#\/schema\/logo\/image\/"},"sameAs":["https:\/\/www.linkedin.com\/company\/load-ab"]}]}},"_links":{"self":[{"href":"https:\/\/www.load.se\/no\/wp-json\/wp\/v2\/pages\/998","targetHints":{"allow":["GET"]}}],"collection":[{"href":"https:\/\/www.load.se\/no\/wp-json\/wp\/v2\/pages"}],"about":[{"href":"https:\/\/www.load.se\/no\/wp-json\/wp\/v2\/types\/page"}],"author":[{"embeddable":true,"href":"https:\/\/www.load.se\/no\/wp-json\/wp\/v2\/users\/1"}],"replies":[{"embeddable":true,"href":"https:\/\/www.load.se\/no\/wp-json\/wp\/v2\/comments?post=998"}],"version-history":[{"count":6,"href":"https:\/\/www.load.se\/no\/wp-json\/wp\/v2\/pages\/998\/revisions"}],"predecessor-version":[{"id":3559,"href":"https:\/\/www.load.se\/no\/wp-json\/wp\/v2\/pages\/998\/revisions\/3559"}],"wp:attachment":[{"href":"https:\/\/www.load.se\/no\/wp-json\/wp\/v2\/media?parent=998"}],"curies":[{"name":"wp","href":"https:\/\/api.w.org\/{rel}","templated":true}]}}